{"id":23867,"date":"2021-10-12T16:27:24","date_gmt":"2021-10-12T16:27:24","guid":{"rendered":"https:\/\/luganocaffe.com\/contattaci\/"},"modified":"2026-01-12T14:03:05","modified_gmt":"2026-01-12T14:03:05","slug":"contattaci","status":"publish","type":"page","link":"https:\/\/luganocaffe.com\/it\/contattaci\/","title":{"rendered":"Contattaci"},"content":{"rendered":"\t\t<div data-elementor-type=\"wp-page\" data-elementor-id=\"23867\" class=\"elementor elementor-23867 elementor-4439\" data-elementor-post-type=\"page\">\n\t\t\t\t<div class=\"wd-negative-gap elementor-element elementor-element-1422186 color-scheme-light e-flex e-con-boxed e-con e-parent\" data-id=\"1422186\" data-element_type=\"container\" data-e-type=\"container\" data-settings=\"{&quot;background_background&quot;:&quot;classic&quot;}\">\n\t\t\t\t\t<div class=\"e-con-inner\">\n\t\t<div class=\"elementor-element elementor-element-badf20d e-con-full e-flex e-con e-child\" data-id=\"badf20d\" data-element_type=\"container\" data-e-type=\"container\" data-settings=\"{&quot;background_background&quot;:&quot;classic&quot;}\">\n\t\t\t\t<div class=\"elementor-element elementor-element-5716f7f elementor-widget elementor-widget-image\" data-id=\"5716f7f\" data-element_type=\"widget\" data-e-type=\"widget\" data-widget_type=\"image.default\">\n\t\t\t\t<div class=\"elementor-widget-container\">\n\t\t\t\t\t\t\t\t\t\t\t\t\t\t\t<img loading=\"lazy\" decoding=\"async\" width=\"1198\" height=\"800\" src=\"https:\/\/luganocaffe.com\/wp-content\/uploads\/2025\/11\/Lugano-Caffe-Contact-us-roasted-beans-poured-out-of-a-roasting-machine_11zon-1-1198x800.jpg\" class=\"attachment-large size-large wp-image-23872\" alt=\"Lugano Caffe Contattaci - chicchi tostati versati da una macchina tostatrice\" srcset=\"https:\/\/luganocaffe.com\/wp-content\/uploads\/2025\/11\/Lugano-Caffe-Contact-us-roasted-beans-poured-out-of-a-roasting-machine_11zon-1-1198x800.jpg 1198w, https:\/\/luganocaffe.com\/wp-content\/uploads\/2025\/11\/Lugano-Caffe-Contact-us-roasted-beans-poured-out-of-a-roasting-machine_11zon-1-400x267.jpg 400w, https:\/\/luganocaffe.com\/wp-content\/uploads\/2025\/11\/Lugano-Caffe-Contact-us-roasted-beans-poured-out-of-a-roasting-machine_11zon-1-768x513.jpg 768w, https:\/\/luganocaffe.com\/wp-content\/uploads\/2025\/11\/Lugano-Caffe-Contact-us-roasted-beans-poured-out-of-a-roasting-machine_11zon-1-1536x1025.jpg 1536w, https:\/\/luganocaffe.com\/wp-content\/uploads\/2025\/11\/Lugano-Caffe-Contact-us-roasted-beans-poured-out-of-a-roasting-machine_11zon-1-2048x1367.jpg 2048w, https:\/\/luganocaffe.com\/wp-content\/uploads\/2025\/11\/Lugano-Caffe-Contact-us-roasted-beans-poured-out-of-a-roasting-machine_11zon-1-430x287.jpg 430w, https:\/\/luganocaffe.com\/wp-content\/uploads\/2025\/11\/Lugano-Caffe-Contact-us-roasted-beans-poured-out-of-a-roasting-machine_11zon-1-700x467.jpg 700w, https:\/\/luganocaffe.com\/wp-content\/uploads\/2025\/11\/Lugano-Caffe-Contact-us-roasted-beans-poured-out-of-a-roasting-machine_11zon-1-150x100.jpg 150w\" sizes=\"auto, (max-width: 1198px) 100vw, 1198px\" \/>\t\t\t\t\t\t\t\t\t\t\t\t\t\t\t<\/div>\n\t\t\t\t<\/div>\n\t\t\t\t<\/div>\n\t\t<div class=\"elementor-element elementor-element-168d77f e-con-full e-flex e-con e-child\" data-id=\"168d77f\" data-element_type=\"container\" data-e-type=\"container\">\n\t\t\t\t<div class=\"elementor-element elementor-element-543e294 wd-width-100 elementor-invisible elementor-widget elementor-widget-wd_title\" data-id=\"543e294\" data-element_type=\"widget\" data-e-type=\"widget\" data-settings=\"{&quot;_animation&quot;:&quot;slideInUp&quot;}\" data-widget_type=\"wd_title.default\">\n\t\t\t\t<div class=\"elementor-widget-container\">\n\t\t\t\t\t\t\t<div class=\"title-wrapper wd-set-mb reset-last-child wd-title-color-default wd-title-style-default wd-title-size-default text-center\">\n\n\t\t\t\t\t\t\t\t\t\t\t<div class=\"title-subtitle subtitle-color-default subtitle-style-default wd-fontsize-xs\">\n\t\t\t\t\tHai delle domande?\t\t\t\t<\/div>\n\t\t\t\n\t\t\t<div class=\"liner-continer\">\n\t\t\t\t<h1 class=\"woodmart-title-container title wd-fontsize-l\">Contattaci<\/h1> \n\t\t\t\t\t\t\t<\/div>\n\n\t\t\t\t\t<\/div>\n\t\t\t\t\t\t<\/div>\n\t\t\t\t<\/div>\n\t\t\t\t<\/div>\n\t\t\t\t\t<\/div>\n\t\t\t\t<\/div>\n\t\t<div class=\"wd-negative-gap elementor-element elementor-element-4259623 e-flex e-con-boxed e-con e-parent\" data-id=\"4259623\" data-element_type=\"container\" data-e-type=\"container\">\n\t\t\t\t\t<div class=\"e-con-inner\">\n\t\t\t\t<div class=\"elementor-element elementor-element-8f2ad2b wd-width-100 elementor-invisible elementor-widget elementor-widget-wd_title\" data-id=\"8f2ad2b\" data-element_type=\"widget\" data-e-type=\"widget\" data-settings=\"{&quot;_animation&quot;:&quot;slideInUp&quot;}\" data-widget_type=\"wd_title.default\">\n\t\t\t\t<div class=\"elementor-widget-container\">\n\t\t\t\t\t\t\t<div class=\"title-wrapper wd-set-mb reset-last-child wd-title-color-default wd-title-style-default wd-title-size-default text-center\">\n\n\t\t\t\t\t\t\t\t\t\t\t<div class=\"title-subtitle subtitle-color-default subtitle-style-default wd-fontsize-xs\">\n\t\t\t\t\tOffriamoti qualcosa da bere\t\t\t\t<\/div>\n\t\t\t\n\t\t\t<div class=\"liner-continer\">\n\t\t\t\t<h2 class=\"woodmart-title-container title wd-fontsize-l\">Mettiti in contatto con il nostro team<\/h2> \n\t\t\t\t\t\t\t<\/div>\n\n\t\t\t\t\t<\/div>\n\t\t\t\t\t\t<\/div>\n\t\t\t\t<\/div>\n\t\t\t\t<div class=\"elementor-element elementor-element-ae0db24 elementor-widget elementor-widget-image\" data-id=\"ae0db24\" data-element_type=\"widget\" data-e-type=\"widget\" data-widget_type=\"image.default\">\n\t\t\t\t<div class=\"elementor-widget-container\">\n\t\t\t\t\t\t\t\t\t\t\t\t\t\t\t<img loading=\"lazy\" decoding=\"async\" width=\"598\" height=\"52\" src=\"https:\/\/luganocaffe.com\/wp-content\/uploads\/2025\/02\/coffee-beans-1.webp\" class=\"attachment-large size-large wp-image-23725\" alt=\"\" srcset=\"https:\/\/luganocaffe.com\/wp-content\/uploads\/2025\/02\/coffee-beans-1.webp 598w, https:\/\/luganocaffe.com\/wp-content\/uploads\/2025\/02\/coffee-beans-1-400x35.webp 400w, https:\/\/luganocaffe.com\/wp-content\/uploads\/2025\/02\/coffee-beans-1-430x37.webp 430w, https:\/\/luganocaffe.com\/wp-content\/uploads\/2025\/02\/coffee-beans-1-150x13.webp 150w\" sizes=\"auto, (max-width: 598px) 100vw, 598px\" \/>\t\t\t\t\t\t\t\t\t\t\t\t\t\t\t<\/div>\n\t\t\t\t<\/div>\n\t\t\t\t<div class=\"elementor-element elementor-element-89d6184 elementor-widget__width-initial color-scheme-inherit text-left elementor-widget elementor-widget-text-editor\" data-id=\"89d6184\" data-element_type=\"widget\" data-e-type=\"widget\" data-widget_type=\"text-editor.default\">\n\t\t\t\t<div class=\"elementor-widget-container\">\n\t\t\t\t\t\t\t\t\t<p>Lugano Caff\u00e8 \u00e8 aperto a collaborazioni e suggerimenti contrattuali, nonch\u00e9 a richieste di approvvigionamento e da parte di agenti<\/p>\t\t\t\t\t\t\t\t<\/div>\n\t\t\t\t<\/div>\n\t\t<div class=\"elementor-element elementor-element-2563e31 e-con-full e-grid e-con e-child\" data-id=\"2563e31\" data-element_type=\"container\" data-e-type=\"container\">\n\t\t\t\t<div class=\"elementor-element elementor-element-885b266 elementor-widget elementor-widget-wd_banner\" data-id=\"885b266\" data-element_type=\"widget\" data-e-type=\"widget\" data-widget_type=\"wd_banner.default\">\n\t\t\t\t<div class=\"elementor-widget-container\">\n\t\t\t\t\t\t\t<div class=\"promo-banner-wrapper\">\n\t\t\t<div class=\"promo-banner banner-default banner-hover-none color-scheme- banner-btn-size-default banner-btn-style-default wd-with-link\">\n\t\t\t\t<div class=\"main-wrapp-img\">\n\t\t\t\t\t<div class=\"banner-image wd-without-height\">\n\t\t\t\t\t\t\t\t\t\t\t\t\t\t\t\t\t\t\t\t\t<img loading=\"lazy\" decoding=\"async\" width=\"768\" height=\"474\" src=\"https:\/\/luganocaffe.com\/wp-content\/uploads\/2025\/11\/Lugano-Coffee-contact-phone-768x474.png\" class=\"attachment-medium_large size-medium_large\" alt=\"Lugano-Caffe-contact-phone icon banner bg\" srcset=\"https:\/\/luganocaffe.com\/wp-content\/uploads\/2025\/11\/Lugano-Coffee-contact-phone-768x474.png 768w, https:\/\/luganocaffe.com\/wp-content\/uploads\/2025\/11\/Lugano-Coffee-contact-phone-400x247.png 400w, https:\/\/luganocaffe.com\/wp-content\/uploads\/2025\/11\/Lugano-Coffee-contact-phone-430x265.png 430w, https:\/\/luganocaffe.com\/wp-content\/uploads\/2025\/11\/Lugano-Coffee-contact-phone-700x432.png 700w, https:\/\/luganocaffe.com\/wp-content\/uploads\/2025\/11\/Lugano-Coffee-contact-phone-150x93.png 150w, https:\/\/luganocaffe.com\/wp-content\/uploads\/2025\/11\/Lugano-Coffee-contact-phone.png 1039w\" sizes=\"auto, (max-width: 768px) 100vw, 768px\" \/>\t\t\t\t\t\t\t\t\t\t\t\t\t\t\t\t\t\t<\/div>\n\t\t\t\t<\/div>\n\n\t\t\t\t<div class=\"wrapper-content-banner wd-fill wd-items-middle wd-justify-center\">\n\t\t\t\t\t<div class=\"content-banner  text-center\">\n\t\t\t\t\t\t\n\t\t\t\t\t\t\t\t\t\t\t\t\t<h4 class=\"banner-title wd-fontsize-l\" data-elementor-setting-key=\"title\">\n\t\t\t\t\t\t\t\tTelefono\t\t\t\t\t\t\t<\/h4>\n\t\t\t\t\t\t\n\t\t\t\t\t\t\t\t\t\t\t\t\t<div class=\"banner-inner reset-last-child wd-fontsize-xs\" data-elementor-setting-key=\"content\">\n\t\t\t\t\t\t\t\t<p>+39 379 328 3942<\/p>\n\t\t\t\t\t\t\t<\/div>\n\t\t\t\t\t\t\n\t\t\t\t\t\t\n\t\t\t\t\t\t\t\t\t\t\t<\/div>\n\t\t\t\t<\/div>\n\n\t\t\t\t\t\t\t\t\t<a href=\"tel:+393793283942\" target=\"_blank\" class=\"wd-promo-banner-link wd-fill\" aria-label=\"Banner link\"><\/a>\n\t\t\t\t\t\t\t<\/div>\n\t\t<\/div>\n\t\t\t\t\t\t<\/div>\n\t\t\t\t<\/div>\n\t\t\t\t<div class=\"elementor-element elementor-element-bc4b595 elementor-widget elementor-widget-wd_banner\" data-id=\"bc4b595\" data-element_type=\"widget\" data-e-type=\"widget\" data-widget_type=\"wd_banner.default\">\n\t\t\t\t<div class=\"elementor-widget-container\">\n\t\t\t\t\t\t\t<div class=\"promo-banner-wrapper\">\n\t\t\t<div class=\"promo-banner banner-default banner-hover-none color-scheme- banner-btn-size-default banner-btn-style-default wd-with-link\">\n\t\t\t\t<div class=\"main-wrapp-img\">\n\t\t\t\t\t<div class=\"banner-image wd-without-height\">\n\t\t\t\t\t\t\t\t\t\t\t\t\t\t\t\t\t\t\t\t\t<img loading=\"lazy\" decoding=\"async\" width=\"768\" height=\"474\" src=\"https:\/\/luganocaffe.com\/wp-content\/uploads\/2025\/11\/Lugano-Coffee-Email-Address-768x474.png\" class=\"attachment-medium_large size-medium_large\" alt=\"Lugano-Caffe-Email-Address\" srcset=\"https:\/\/luganocaffe.com\/wp-content\/uploads\/2025\/11\/Lugano-Coffee-Email-Address-768x474.png 768w, https:\/\/luganocaffe.com\/wp-content\/uploads\/2025\/11\/Lugano-Coffee-Email-Address-400x247.png 400w, https:\/\/luganocaffe.com\/wp-content\/uploads\/2025\/11\/Lugano-Coffee-Email-Address-430x265.png 430w, https:\/\/luganocaffe.com\/wp-content\/uploads\/2025\/11\/Lugano-Coffee-Email-Address-700x432.png 700w, https:\/\/luganocaffe.com\/wp-content\/uploads\/2025\/11\/Lugano-Coffee-Email-Address-150x93.png 150w, https:\/\/luganocaffe.com\/wp-content\/uploads\/2025\/11\/Lugano-Coffee-Email-Address.png 1039w\" sizes=\"auto, (max-width: 768px) 100vw, 768px\" \/>\t\t\t\t\t\t\t\t\t\t\t\t\t\t\t\t\t\t<\/div>\n\t\t\t\t<\/div>\n\n\t\t\t\t<div class=\"wrapper-content-banner wd-fill wd-items-middle wd-justify-center\">\n\t\t\t\t\t<div class=\"content-banner  text-center\">\n\t\t\t\t\t\t\n\t\t\t\t\t\t\t\t\t\t\t\t\t<h4 class=\"banner-title wd-fontsize-l\" data-elementor-setting-key=\"title\">\n\t\t\t\t\t\t\t\tIndirizzo e-mail\t\t\t\t\t\t\t<\/h4>\n\t\t\t\t\t\t\n\t\t\t\t\t\t\t\t\t\t\t\t\t<div class=\"banner-inner reset-last-child wd-fontsize-xs\" data-elementor-setting-key=\"content\">\n\t\t\t\t\t\t\t\t<p>info@luganocaffe.com<\/p>\n\t\t\t\t\t\t\t<\/div>\n\t\t\t\t\t\t\n\t\t\t\t\t\t\n\t\t\t\t\t\t\t\t\t\t\t<\/div>\n\t\t\t\t<\/div>\n\n\t\t\t\t\t\t\t\t\t<a href=\"mailto:info@luganocaffe.com\" target=\"_blank\" class=\"wd-promo-banner-link wd-fill\" aria-label=\"Banner link\"><\/a>\n\t\t\t\t\t\t\t<\/div>\n\t\t<\/div>\n\t\t\t\t\t\t<\/div>\n\t\t\t\t<\/div>\n\t\t\t\t<div class=\"elementor-element elementor-element-eb78873 elementor-widget elementor-widget-wd_banner\" data-id=\"eb78873\" data-element_type=\"widget\" data-e-type=\"widget\" data-widget_type=\"wd_banner.default\">\n\t\t\t\t<div class=\"elementor-widget-container\">\n\t\t\t\t\t\t\t<div class=\"promo-banner-wrapper\">\n\t\t\t<div class=\"promo-banner banner-default banner-hover-none color-scheme- banner-btn-size-default banner-btn-style-default wd-with-link\">\n\t\t\t\t<div class=\"main-wrapp-img\">\n\t\t\t\t\t<div class=\"banner-image wd-without-height\">\n\t\t\t\t\t\t\t\t\t\t\t\t\t\t\t\t\t\t\t\t\t<img loading=\"lazy\" decoding=\"async\" width=\"768\" height=\"474\" src=\"https:\/\/luganocaffe.com\/wp-content\/uploads\/2025\/11\/Lugano-Coffee-Email-Address-768x474.png\" class=\"attachment-medium_large size-medium_large\" alt=\"Lugano-Caffe-Email-Address\" srcset=\"https:\/\/luganocaffe.com\/wp-content\/uploads\/2025\/11\/Lugano-Coffee-Email-Address-768x474.png 768w, https:\/\/luganocaffe.com\/wp-content\/uploads\/2025\/11\/Lugano-Coffee-Email-Address-400x247.png 400w, https:\/\/luganocaffe.com\/wp-content\/uploads\/2025\/11\/Lugano-Coffee-Email-Address-430x265.png 430w, https:\/\/luganocaffe.com\/wp-content\/uploads\/2025\/11\/Lugano-Coffee-Email-Address-700x432.png 700w, https:\/\/luganocaffe.com\/wp-content\/uploads\/2025\/11\/Lugano-Coffee-Email-Address-150x93.png 150w, https:\/\/luganocaffe.com\/wp-content\/uploads\/2025\/11\/Lugano-Coffee-Email-Address.png 1039w\" sizes=\"auto, (max-width: 768px) 100vw, 768px\" \/>\t\t\t\t\t\t\t\t\t\t\t\t\t\t\t\t\t\t<\/div>\n\t\t\t\t<\/div>\n\n\t\t\t\t<div class=\"wrapper-content-banner wd-fill wd-items-middle wd-justify-center\">\n\t\t\t\t\t<div class=\"content-banner  text-center\">\n\t\t\t\t\t\t\n\t\t\t\t\t\t\t\t\t\t\t\t\t<h4 class=\"banner-title wd-fontsize-l\" data-elementor-setting-key=\"title\">\n\t\t\t\t\t\t\t\tSede centrale\t\t\t\t\t\t\t<\/h4>\n\t\t\t\t\t\t\n\t\t\t\t\t\t\t\t\t\t\t\t\t<div class=\"banner-inner reset-last-child wd-fontsize-xs\" data-elementor-setting-key=\"content\">\n\t\t\t\t\t\t\t\t<p>Via Papa Giovanni XXIII 2 24040 Madone Bergamo Italia<\/p>\n\t\t\t\t\t\t\t<\/div>\n\t\t\t\t\t\t\n\t\t\t\t\t\t\n\t\t\t\t\t\t\t\t\t\t\t<\/div>\n\t\t\t\t<\/div>\n\n\t\t\t\t\t\t\t\t\t<a href=\"https:\/\/maps.app.goo.gl\/k9XBM9bnUvvnkuf46\" target=\"_blank\" class=\"wd-promo-banner-link wd-fill\" aria-label=\"Banner link\" rel=\"noopener\"><\/a>\n\t\t\t\t\t\t\t<\/div>\n\t\t<\/div>\n\t\t\t\t\t\t<\/div>\n\t\t\t\t<\/div>\n\t\t\t\t<div class=\"elementor-element elementor-element-434c9a8 elementor-widget elementor-widget-wd_banner\" data-id=\"434c9a8\" data-element_type=\"widget\" data-e-type=\"widget\" data-widget_type=\"wd_banner.default\">\n\t\t\t\t<div class=\"elementor-widget-container\">\n\t\t\t\t\t\t\t<div class=\"promo-banner-wrapper\">\n\t\t\t<div class=\"promo-banner banner-default banner-hover-none color-scheme- banner-btn-size-default banner-btn-style-default wd-with-link\">\n\t\t\t\t<div class=\"main-wrapp-img\">\n\t\t\t\t\t<div class=\"banner-image wd-without-height\">\n\t\t\t\t\t\t\t\t\t\t\t\t\t\t\t\t\t\t\t\t\t<img loading=\"lazy\" decoding=\"async\" width=\"768\" height=\"474\" src=\"https:\/\/luganocaffe.com\/wp-content\/uploads\/2025\/11\/Lugano-Coffee-working-hours-768x474.png\" class=\"attachment-medium_large size-medium_large\" alt=\"Lugano-Caffe-working-hours\" srcset=\"https:\/\/luganocaffe.com\/wp-content\/uploads\/2025\/11\/Lugano-Coffee-working-hours-768x474.png 768w, https:\/\/luganocaffe.com\/wp-content\/uploads\/2025\/11\/Lugano-Coffee-working-hours-400x247.png 400w, https:\/\/luganocaffe.com\/wp-content\/uploads\/2025\/11\/Lugano-Coffee-working-hours-430x265.png 430w, https:\/\/luganocaffe.com\/wp-content\/uploads\/2025\/11\/Lugano-Coffee-working-hours-700x432.png 700w, https:\/\/luganocaffe.com\/wp-content\/uploads\/2025\/11\/Lugano-Coffee-working-hours-150x93.png 150w, https:\/\/luganocaffe.com\/wp-content\/uploads\/2025\/11\/Lugano-Coffee-working-hours.png 1039w\" sizes=\"auto, (max-width: 768px) 100vw, 768px\" \/>\t\t\t\t\t\t\t\t\t\t\t\t\t\t\t\t\t\t<\/div>\n\t\t\t\t<\/div>\n\n\t\t\t\t<div class=\"wrapper-content-banner wd-fill wd-items-middle wd-justify-center\">\n\t\t\t\t\t<div class=\"content-banner  text-center\">\n\t\t\t\t\t\t\n\t\t\t\t\t\t\t\t\t\t\t\t\t<h4 class=\"banner-title wd-fontsize-l\" data-elementor-setting-key=\"title\">\n\t\t\t\t\t\t\t\tOrari di lavoro\t\t\t\t\t\t\t<\/h4>\n\t\t\t\t\t\t\n\t\t\t\t\t\t\t\t\t\t\t\t\t<div class=\"banner-inner reset-last-child wd-fontsize-xs\" data-elementor-setting-key=\"content\">\n\t\t\t\t\t\t\t\t<p>Lun \u2013 Ven: 08:00 \u2013 18:00<\/p>\n\t\t\t\t\t\t\t<\/div>\n\t\t\t\t\t\t\n\t\t\t\t\t\t\n\t\t\t\t\t\t\t\t\t\t\t<\/div>\n\t\t\t\t<\/div>\n\n\t\t\t\t\t\t\t\t\t<a href=\"mailto:info@luganocaffe.com\" target=\"_blank\" class=\"wd-promo-banner-link wd-fill\" aria-label=\"Banner link\"><\/a>\n\t\t\t\t\t\t\t<\/div>\n\t\t<\/div>\n\t\t\t\t\t\t<\/div>\n\t\t\t\t<\/div>\n\t\t\t\t<\/div>\n\t\t\t\t\t<\/div>\n\t\t\t\t<\/div>\n\t\t<div class=\"wd-negative-gap elementor-element elementor-element-9a9fff3 e-flex e-con-boxed e-con e-parent\" data-id=\"9a9fff3\" data-element_type=\"container\" data-e-type=\"container\" data-settings=\"{&quot;background_background&quot;:&quot;classic&quot;}\">\n\t\t\t\t\t<div class=\"e-con-inner\">\n\t\t\t\t<div class=\"elementor-element elementor-element-5149ae6 wd-width-100 elementor-invisible elementor-widget elementor-widget-wd_title\" data-id=\"5149ae6\" data-element_type=\"widget\" data-e-type=\"widget\" data-settings=\"{&quot;_animation&quot;:&quot;slideInUp&quot;}\" data-widget_type=\"wd_title.default\">\n\t\t\t\t<div class=\"elementor-widget-container\">\n\t\t\t\t\t\t\t<div class=\"title-wrapper wd-set-mb reset-last-child wd-title-color-default wd-title-style-default wd-title-size-default text-center\">\n\n\t\t\t\n\t\t\t<div class=\"liner-continer\">\n\t\t\t\t<h2 class=\"woodmart-title-container title wd-fontsize-l\">Lasciaci un messaggio<\/h2> \n\t\t\t\t\t\t\t<\/div>\n\n\t\t\t\t\t<\/div>\n\t\t\t\t\t\t<\/div>\n\t\t\t\t<\/div>\n\t\t\t\t<div class=\"elementor-element elementor-element-6e02c14 elementor-widget elementor-widget-image\" data-id=\"6e02c14\" data-element_type=\"widget\" data-e-type=\"widget\" data-widget_type=\"image.default\">\n\t\t\t\t<div class=\"elementor-widget-container\">\n\t\t\t\t\t\t\t\t\t\t\t\t\t\t\t<img loading=\"lazy\" decoding=\"async\" width=\"598\" height=\"52\" src=\"https:\/\/luganocaffe.com\/wp-content\/uploads\/2025\/02\/coffee-beans-1.webp\" class=\"attachment-large size-large wp-image-23725\" alt=\"\" srcset=\"https:\/\/luganocaffe.com\/wp-content\/uploads\/2025\/02\/coffee-beans-1.webp 598w, https:\/\/luganocaffe.com\/wp-content\/uploads\/2025\/02\/coffee-beans-1-400x35.webp 400w, https:\/\/luganocaffe.com\/wp-content\/uploads\/2025\/02\/coffee-beans-1-430x37.webp 430w, https:\/\/luganocaffe.com\/wp-content\/uploads\/2025\/02\/coffee-beans-1-150x13.webp 150w\" sizes=\"auto, (max-width: 598px) 100vw, 598px\" \/>\t\t\t\t\t\t\t\t\t\t\t\t\t\t\t<\/div>\n\t\t\t\t<\/div>\n\t\t\t\t<div class=\"elementor-element elementor-element-5650e85 elementor-widget__width-initial color-scheme-inherit text-left elementor-widget elementor-widget-text-editor\" data-id=\"5650e85\" data-element_type=\"widget\" data-e-type=\"widget\" data-widget_type=\"text-editor.default\">\n\t\t\t\t<div class=\"elementor-widget-container\">\n\t\t\t\t\t\t\t\t\t<p>Compila il modulo seguente e il nostro team ti contatter\u00e0 entro 2 giorni lavorativi.<\/p>\t\t\t\t\t\t\t\t<\/div>\n\t\t\t\t<\/div>\n\t\t\t\t<div class=\"elementor-element elementor-element-e847591 elementor-widget elementor-widget-html\" data-id=\"e847591\" data-element_type=\"widget\" data-e-type=\"widget\" data-widget_type=\"html.default\">\n\t\t\t\t<div class=\"elementor-widget-container\">\n\t\t\t\t\t<script type=\"text\/javascript\" src=\"https:\/\/form.jotform.com\/jsform\/231953068174965\"><\/script>\t\t\t\t<\/div>\n\t\t\t\t<\/div>\n\t\t\t\t\t<\/div>\n\t\t\t\t<\/div>\n\t\t<div class=\"wd-negative-gap elementor-element elementor-element-9056a03 e-flex e-con-boxed e-con e-parent\" data-id=\"9056a03\" data-element_type=\"container\" data-e-type=\"container\">\n\t\t\t\t\t<div class=\"e-con-inner\">\n\t\t\t\t<div class=\"elementor-element elementor-element-be1fb38 wd-width-100 elementor-invisible elementor-widget elementor-widget-wd_title\" data-id=\"be1fb38\" data-element_type=\"widget\" data-e-type=\"widget\" data-settings=\"{&quot;_animation&quot;:&quot;slideInUp&quot;}\" data-widget_type=\"wd_title.default\">\n\t\t\t\t<div class=\"elementor-widget-container\">\n\t\t\t\t\t\t\t<div class=\"title-wrapper wd-set-mb reset-last-child wd-title-color-default wd-title-style-default wd-title-size-default text-center\">\n\n\t\t\t\t\t\t\t\t\t\t\t<div class=\"title-subtitle subtitle-color-default subtitle-style-default wd-fontsize-xs\">\n\t\t\t\t\tVieni a trovarci\t\t\t\t<\/div>\n\t\t\t\n\t\t\t<div class=\"liner-continer\">\n\t\t\t\t<h2 class=\"woodmart-title-container title wd-fontsize-l\">Vieni a trovarci in ufficio<\/h2> \n\t\t\t\t\t\t\t<\/div>\n\n\t\t\t\t\t<\/div>\n\t\t\t\t\t\t<\/div>\n\t\t\t\t<\/div>\n\t\t\t\t<div class=\"elementor-element elementor-element-a5b1d31 elementor-widget elementor-widget-image\" data-id=\"a5b1d31\" data-element_type=\"widget\" data-e-type=\"widget\" data-widget_type=\"image.default\">\n\t\t\t\t<div class=\"elementor-widget-container\">\n\t\t\t\t\t\t\t\t\t\t\t\t\t\t\t<img loading=\"lazy\" decoding=\"async\" width=\"598\" height=\"52\" src=\"https:\/\/luganocaffe.com\/wp-content\/uploads\/2025\/02\/coffee-beans-1.webp\" class=\"attachment-large size-large wp-image-23725\" alt=\"\" srcset=\"https:\/\/luganocaffe.com\/wp-content\/uploads\/2025\/02\/coffee-beans-1.webp 598w, https:\/\/luganocaffe.com\/wp-content\/uploads\/2025\/02\/coffee-beans-1-400x35.webp 400w, https:\/\/luganocaffe.com\/wp-content\/uploads\/2025\/02\/coffee-beans-1-430x37.webp 430w, https:\/\/luganocaffe.com\/wp-content\/uploads\/2025\/02\/coffee-beans-1-150x13.webp 150w\" sizes=\"auto, (max-width: 598px) 100vw, 598px\" \/>\t\t\t\t\t\t\t\t\t\t\t\t\t\t\t<\/div>\n\t\t\t\t<\/div>\n\t\t\t\t<div class=\"elementor-element elementor-element-59b5788 elementor-widget__width-initial color-scheme-inherit text-left elementor-widget elementor-widget-text-editor\" data-id=\"59b5788\" data-element_type=\"widget\" data-e-type=\"widget\" data-widget_type=\"text-editor.default\">\n\t\t\t\t<div class=\"elementor-widget-container\">\n\t\t\t\t\t\t\t\t\t<p>Saremo lieti di averti presso la nostra sede centrale per discutere di collaborazioni e opportunit\u00e0 commerciali<\/p>\t\t\t\t\t\t\t\t<\/div>\n\t\t\t\t<\/div>\n\t\t<div class=\"elementor-element elementor-element-ca9baea e-con-full e-flex e-con e-child\" data-id=\"ca9baea\" data-element_type=\"container\" data-e-type=\"container\">\n\t\t\t\t<div class=\"elementor-element elementor-element-e414df2 elementor-widget elementor-widget-html\" data-id=\"e414df2\" data-element_type=\"widget\" data-e-type=\"widget\" data-widget_type=\"html.default\">\n\t\t\t\t<div class=\"elementor-widget-container\">\n\t\t\t\t\t<iframe src=\"https:\/\/www.google.com\/maps\/embed?pb=!1m18!1m12!1m3!1d2788.688886516895!2d9.553800599999999!3d45.657069199999995!2m3!1f0!2f0!3f0!3m2!1i1024!2i768!4f13.1!3m3!1m2!1s0x47815386a2596f73%3A0x4254f300fbd3f7e6!2sLugano%20Caff%C3%A8%20Italy!5e0!3m2!1sen!2s!4v1762760955787!5m2!1sen!2s\" width=\"600\" height=\"450\" style=\"border:0;\" allowfullscreen=\"\" loading=\"lazy\" referrerpolicy=\"no-referrer-when-downgrade\"><\/iframe>\t\t\t\t<\/div>\n\t\t\t\t<\/div>\n\t\t\t\t<\/div>\n\t\t\t\t\t<\/div>\n\t\t\t\t<\/div>\n\t\t\t\t<\/div>\n\t\t","protected":false},"excerpt":{"rendered":"<p>Hai delle domande? Contattaci Offriamoti qualcosa da bere Mettiti in contatto con il nostro team Lugano Caff\u00e8 \u00e8 aperto a<\/p>\n","protected":false},"author":1,"featured_media":23872,"parent":0,"menu_order":0,"comment_status":"closed","ping_status":"closed","template":"","meta":{"footnotes":""},"class_list":["post-23867","page","type-page","status-publish","has-post-thumbnail","hentry"],"_links":{"self":[{"href":"https:\/\/luganocaffe.com\/it\/wp-json\/wp\/v2\/pages\/23867","targetHints":{"allow":["GET"]}}],"collection":[{"href":"https:\/\/luganocaffe.com\/it\/wp-json\/wp\/v2\/pages"}],"about":[{"href":"https:\/\/luganocaffe.com\/it\/wp-json\/wp\/v2\/types\/page"}],"author":[{"embeddable":true,"href":"https:\/\/luganocaffe.com\/it\/wp-json\/wp\/v2\/users\/1"}],"replies":[{"embeddable":true,"href":"https:\/\/luganocaffe.com\/it\/wp-json\/wp\/v2\/comments?post=23867"}],"version-history":[{"count":0,"href":"https:\/\/luganocaffe.com\/it\/wp-json\/wp\/v2\/pages\/23867\/revisions"}],"wp:featuredmedia":[{"embeddable":true,"href":"https:\/\/luganocaffe.com\/it\/wp-json\/wp\/v2\/media\/23872"}],"wp:attachment":[{"href":"https:\/\/luganocaffe.com\/it\/wp-json\/wp\/v2\/media?parent=23867"}],"curies":[{"name":"wp","href":"https:\/\/api.w.org\/{rel}","templated":true}]}}