{"id":24026,"date":"2025-11-02T12:18:40","date_gmt":"2025-11-02T12:18:40","guid":{"rendered":"https:\/\/luganocaffe.com\/product\/macchina-da-caffe-completamente-automatica-vivace\/"},"modified":"2026-01-15T07:41:43","modified_gmt":"2026-01-15T07:41:43","slug":"macchina-da-caffe-completamente-automatica-vivace","status":"publish","type":"product","link":"https:\/\/luganocaffe.com\/it\/prodotto\/macchina-da-caffe-completamente-automatica-vivace\/","title":{"rendered":"Macchina da caff\u00e8 completamente automatica Vivace"},"content":{"rendered":"\t\t<div data-elementor-type=\"wp-post\" data-elementor-id=\"24026\" class=\"elementor elementor-24026 elementor-21880\" data-elementor-post-type=\"product\">\n\t\t\t\t<div class=\"wd-negative-gap elementor-element elementor-element-d3203b0 e-flex e-con-boxed e-con e-parent\" data-id=\"d3203b0\" data-element_type=\"container\" data-e-type=\"container\" data-settings=\"{&quot;background_background&quot;:&quot;classic&quot;}\">\n\t\t\t\t\t<div class=\"e-con-inner\">\n\t\t<div class=\"elementor-element elementor-element-11cdaa7 e-grid e-con-full e-con e-child\" data-id=\"11cdaa7\" data-element_type=\"container\" data-e-type=\"container\">\n\t\t<div class=\"elementor-element elementor-element-60043b4 e-con-full e-flex e-con e-child\" data-id=\"60043b4\" data-element_type=\"container\" data-e-type=\"container\">\n\t\t<div class=\"elementor-element elementor-element-1d4378d e-con-full e-flex e-con e-child\" data-id=\"1d4378d\" data-element_type=\"container\" data-e-type=\"container\">\n\t\t\t\t<div class=\"elementor-element elementor-element-47da467 wd-width-100 elementor-invisible elementor-widget elementor-widget-wd_title\" data-id=\"47da467\" data-element_type=\"widget\" data-e-type=\"widget\" data-settings=\"{&quot;_animation&quot;:&quot;slideInUp&quot;}\" data-widget_type=\"wd_title.default\">\n\t\t\t\t<div class=\"elementor-widget-container\">\n\t\t\t\t\t\t\t<div class=\"title-wrapper wd-set-mb reset-last-child wd-title-color-default wd-title-style-default wd-title-size-default text-left\">\n\n\t\t\t\n\t\t\t<div class=\"liner-continer\">\n\t\t\t\t<h3 class=\"woodmart-title-container title wd-fontsize-l\">Macchina da caff\u00e8 completamente automatica Vivace<\/h3> \n\t\t\t\t\t\t\t<\/div>\n\n\t\t\t\t\t\t\t<div class=\"title-after_title reset-last-child wd-fontsize-xs\">\n\t\t\t\t\t<p>Vivace \u00e8 una macchina da caff\u00e8 completamente automatica altamente adattabile, progettata per offrire oltre 30 opzioni di bevande in formati piccoli, medi e grandi.<\/p>\t\t\t\t<\/div>\n\t\t\t\t\t<\/div>\n\t\t\t\t\t\t<\/div>\n\t\t\t\t<\/div>\n\t\t\t\t<\/div>\n\t\t\t\t<div class=\"elementor-element elementor-element-c0498d3 elementor-invisible elementor-widget elementor-widget-image\" data-id=\"c0498d3\" data-element_type=\"widget\" data-e-type=\"widget\" data-settings=\"{&quot;_animation&quot;:&quot;wd-anim-slide-from-bottom&quot;}\" data-widget_type=\"image.default\">\n\t\t\t\t<div class=\"elementor-widget-container\">\n\t\t\t\t\t\t\t\t\t\t\t\t\t\t\t<img decoding=\"async\" src=\"https:\/\/luganocaffe.com\/wp-content\/uploads\/elementor\/thumbs\/Lugano-Vivace-Full-Automatic-Coffee-Machine-double-cup-preparation-simultaneousl-re43lr9jjvxbja0sa9f45lakotlqcolo29602u9fn4.jpg\" title=\"Lugano Vivace Macchina da caff\u00e8 completamente automatica preparazione simultanea di due tazze)\" alt=\"Lugano Vivace Macchina da caff\u00e8 completamente automatica preparazione simultanea di due tazze)\" class=\"elementor-animation-float\" loading=\"lazy\" \/>\t\t\t\t\t\t\t\t\t\t\t\t\t\t\t<\/div>\n\t\t\t\t<\/div>\n\t\t\t\t<\/div>\n\t\t<div class=\"elementor-element elementor-element-e53072c e-con-full e-flex e-con e-child\" data-id=\"e53072c\" data-element_type=\"container\" data-e-type=\"container\">\n\t\t\t\t<div class=\"elementor-element elementor-element-4473dac elementor-invisible elementor-widget elementor-widget-image\" data-id=\"4473dac\" data-element_type=\"widget\" data-e-type=\"widget\" data-settings=\"{&quot;_animation&quot;:&quot;wd-anim-slide-from-bottom&quot;}\" data-widget_type=\"image.default\">\n\t\t\t\t<div class=\"elementor-widget-container\">\n\t\t\t\t\t\t\t\t\t\t\t\t\t\t\t<img decoding=\"async\" src=\"https:\/\/luganocaffe.com\/wp-content\/uploads\/elementor\/thumbs\/Lugano-Vivace-Full-Automatic-Coffee-Machine-Three-Application-Modes--re43log0zdtgkg4vqq78g406wnzmplah1v7jn0dm5s.jpg\" title=\"Macchina da caff\u00e8 automatica Lugano Vivace (tre modalit\u00e0 di applicazione)\" alt=\"Macchina da caff\u00e8 automatica Lugano Vivace (tre modalit\u00e0 di applicazione)\" class=\"elementor-animation-float\" loading=\"lazy\" \/>\t\t\t\t\t\t\t\t\t\t\t\t\t\t\t<\/div>\n\t\t\t\t<\/div>\n\t\t\t\t<div class=\"elementor-element elementor-element-457ca3c wd-width-100 elementor-invisible elementor-widget elementor-widget-wd_title\" data-id=\"457ca3c\" data-element_type=\"widget\" data-e-type=\"widget\" data-settings=\"{&quot;_animation&quot;:&quot;slideInUp&quot;}\" data-widget_type=\"wd_title.default\">\n\t\t\t\t<div class=\"elementor-widget-container\">\n\t\t\t\t\t\t\t<div class=\"title-wrapper wd-set-mb reset-last-child wd-title-color-default wd-title-style-default wd-title-size-default text-left\">\n\n\t\t\t\n\t\t\t<div class=\"liner-continer\">\n\t\t\t\t<h3 class=\"woodmart-title-container title wd-fontsize-l\">3 modalit\u00e0 per aziende e self-service<\/h3> \n\t\t\t\t\t\t\t<\/div>\n\n\t\t\t\t\t\t\t<div class=\"title-after_title reset-last-child wd-fontsize-xs\">\n\t\t\t\t\t<p>Tre diverse modalit\u00e0 aziendali: modalit\u00e0 professionale, modalit\u00e0 self-service e modalit\u00e0 standard si adattano a diversi scenari operativi.<\/p>\t\t\t\t<\/div>\n\t\t\t\t\t<\/div>\n\t\t\t\t\t\t<\/div>\n\t\t\t\t<\/div>\n\t\t\t\t<\/div>\n\t\t<div class=\"elementor-element elementor-element-06a9260 e-con-full e-flex e-con e-child\" data-id=\"06a9260\" data-element_type=\"container\" data-e-type=\"container\">\n\t\t\t\t<div class=\"elementor-element elementor-element-ca4a8f1 wd-width-100 elementor-invisible elementor-widget elementor-widget-wd_title\" data-id=\"ca4a8f1\" data-element_type=\"widget\" data-e-type=\"widget\" data-settings=\"{&quot;_animation&quot;:&quot;slideInUp&quot;}\" data-widget_type=\"wd_title.default\">\n\t\t\t\t<div class=\"elementor-widget-container\">\n\t\t\t\t\t\t\t<div class=\"title-wrapper wd-set-mb reset-last-child wd-title-color-default wd-title-style-default wd-title-size-default text-left\">\n\n\t\t\t\n\t\t\t<div class=\"liner-continer\">\n\t\t\t\t<h3 class=\"woodmart-title-container title wd-fontsize-l\">Doppi serbatoi per chicchi e serbatoio singolo per polvere<\/h3> \n\t\t\t\t\t\t\t<\/div>\n\n\t\t\t\t\t\t\t<div class=\"title-after_title reset-last-child wd-fontsize-xs\">\n\t\t\t\t\t<p>Grazie alle combinazioni flessibili di chicchi, polvere e latte fresco, la macchina offre un ampio menu che attrae pi\u00f9 clienti e incoraggia le visite ripetute.<\/p>\t\t\t\t<\/div>\n\t\t\t\t\t<\/div>\n\t\t\t\t\t\t<\/div>\n\t\t\t\t<\/div>\n\t\t\t\t<div class=\"elementor-element elementor-element-24f7bdd elementor-invisible elementor-widget elementor-widget-image\" data-id=\"24f7bdd\" data-element_type=\"widget\" data-e-type=\"widget\" data-settings=\"{&quot;_animation&quot;:&quot;wd-anim-slide-from-bottom&quot;}\" data-widget_type=\"image.default\">\n\t\t\t\t<div class=\"elementor-widget-container\">\n\t\t\t\t\t\t\t\t\t\t\t\t\t\t\t<img decoding=\"async\" src=\"https:\/\/luganocaffe.com\/wp-content\/uploads\/elementor\/thumbs\/Lugano-Vivace-Full-Automatic-Coffee-Machine-three-beans-tanks-for-higher-capacity-re43lpdv67uqw23il8lv0lrni1uzxae7dzv14ac7zk.jpg\" title=\"Lugano Vivace Macchina da caff\u00e8 completamente automatica (tre serbatoi per chicchi per una maggiore capacit\u00e0)\" alt=\"Lugano Vivace Macchina da caff\u00e8 completamente automatica (tre serbatoi per chicchi per una maggiore capacit\u00e0)\" class=\"elementor-animation-float\" loading=\"lazy\" \/>\t\t\t\t\t\t\t\t\t\t\t\t\t\t\t<\/div>\n\t\t\t\t<\/div>\n\t\t\t\t<\/div>\n\t\t\t\t<\/div>\n\t\t\t\t\t<\/div>\n\t\t\t\t<\/div>\n\t\t<div class=\"wd-negative-gap elementor-element elementor-element-2705db6 e-flex e-con-boxed e-con e-parent\" data-id=\"2705db6\" data-element_type=\"container\" data-e-type=\"container\" data-settings=\"{&quot;background_background&quot;:&quot;classic&quot;}\">\n\t\t\t\t\t<div class=\"e-con-inner\">\n\t\t<div class=\"elementor-element elementor-element-c5f9c4a e-grid e-con-full e-con e-child\" data-id=\"c5f9c4a\" data-element_type=\"container\" data-e-type=\"container\">\n\t\t<div class=\"elementor-element elementor-element-10c4cde e-con-full e-flex e-con e-child\" data-id=\"10c4cde\" data-element_type=\"container\" data-e-type=\"container\">\n\t\t<div class=\"elementor-element elementor-element-497d353 e-con-full e-flex e-con e-child\" data-id=\"497d353\" data-element_type=\"container\" data-e-type=\"container\">\n\t\t\t\t<div class=\"elementor-element elementor-element-8e3483a wd-width-100 elementor-invisible elementor-widget elementor-widget-wd_title\" data-id=\"8e3483a\" data-element_type=\"widget\" data-e-type=\"widget\" data-settings=\"{&quot;_animation&quot;:&quot;slideInUp&quot;}\" data-widget_type=\"wd_title.default\">\n\t\t\t\t<div class=\"elementor-widget-container\">\n\t\t\t\t\t\t\t<div class=\"title-wrapper wd-set-mb reset-last-child wd-title-color-default wd-title-style-default wd-title-size-default text-left\">\n\n\t\t\t\n\t\t\t<div class=\"liner-continer\">\n\t\t\t\t<h3 class=\"woodmart-title-container title wd-fontsize-l\">Lancia vapore e lancia acqua calda indipendenti<\/h3> \n\t\t\t\t\t\t\t<\/div>\n\n\t\t\t\t\t\t\t<div class=\"title-after_title reset-last-child wd-fontsize-xs\">\n\t\t\t\t\tDotata di lancia vapore e lancia acqua calda indipendenti, la macchina consente di montare facilmente il latte, preparare il t\u00e8 e risciacquare le tazze, offrendo una micro schiuma densa e una facile pulizia.\t\t\t\t<\/div>\n\t\t\t\t\t<\/div>\n\t\t\t\t\t\t<\/div>\n\t\t\t\t<\/div>\n\t\t\t\t<\/div>\n\t\t\t\t<div class=\"elementor-element elementor-element-c5fc400 elementor-invisible elementor-widget elementor-widget-image\" data-id=\"c5fc400\" data-element_type=\"widget\" data-e-type=\"widget\" data-settings=\"{&quot;_animation&quot;:&quot;wd-anim-slide-from-bottom&quot;}\" data-widget_type=\"image.default\">\n\t\t\t\t<div class=\"elementor-widget-container\">\n\t\t\t\t\t\t\t\t\t\t\t\t\t\t\t<img decoding=\"async\" src=\"https:\/\/luganocaffe.com\/wp-content\/uploads\/elementor\/thumbs\/Lugano-Vivace-Full-Automatic-Coffee-Machine-Independent-Steam-Wand-Independent-Hot-Water-Wand-re43lmkclpqvx87m1pdzb4h9pw8wa730dlwkoggei8.jpg\" title=\"Lugano Vivace Macchina da caff\u00e8 completamente automatica (lancia vapore indipendente + lancia acqua calda indipendente)\" alt=\"Lugano Vivace Macchina da caff\u00e8 completamente automatica (lancia vapore indipendente + lancia acqua calda indipendente)\" class=\"elementor-animation-float\" loading=\"lazy\" \/>\t\t\t\t\t\t\t\t\t\t\t\t\t\t\t<\/div>\n\t\t\t\t<\/div>\n\t\t\t\t<\/div>\n\t\t<div class=\"elementor-element elementor-element-cff1b30 e-con-full e-flex e-con e-child\" data-id=\"cff1b30\" data-element_type=\"container\" data-e-type=\"container\">\n\t\t\t\t<div class=\"elementor-element elementor-element-14174e3 elementor-invisible elementor-widget elementor-widget-image\" data-id=\"14174e3\" data-element_type=\"widget\" data-e-type=\"widget\" data-settings=\"{&quot;_animation&quot;:&quot;wd-anim-slide-from-bottom&quot;}\" data-widget_type=\"image.default\">\n\t\t\t\t<div class=\"elementor-widget-container\">\n\t\t\t\t\t\t\t\t\t\t\t\t\t\t\t<img decoding=\"async\" src=\"https:\/\/luganocaffe.com\/wp-content\/uploads\/elementor\/thumbs\/Lugano-Vivace-Full-Automatic-Coffee-Machine-High-Performance-Milk-System-re43llmievpllm8z76zcqmpt4idj2hza1h9376hsog.jpg\" title=\"Lugano Vivace Macchina da caff\u00e8 completamente automatica (sistema latte ad alte prestazioni)\" alt=\"Lugano Vivace Macchina da caff\u00e8 completamente automatica (sistema latte ad alte prestazioni)\" class=\"elementor-animation-float\" loading=\"lazy\" \/>\t\t\t\t\t\t\t\t\t\t\t\t\t\t\t<\/div>\n\t\t\t\t<\/div>\n\t\t\t\t<div class=\"elementor-element elementor-element-a1ffa4f wd-width-100 elementor-invisible elementor-widget elementor-widget-wd_title\" data-id=\"a1ffa4f\" data-element_type=\"widget\" data-e-type=\"widget\" data-settings=\"{&quot;_animation&quot;:&quot;slideInUp&quot;}\" data-widget_type=\"wd_title.default\">\n\t\t\t\t<div class=\"elementor-widget-container\">\n\t\t\t\t\t\t\t<div class=\"title-wrapper wd-set-mb reset-last-child wd-title-color-default wd-title-style-default wd-title-size-default text-left\">\n\n\t\t\t\n\t\t\t<div class=\"liner-continer\">\n\t\t\t\t<h3 class=\"woodmart-title-container title wd-fontsize-l\">Sistema latte ad alte prestazioni<\/h3> \n\t\t\t\t\t\t\t<\/div>\n\n\t\t\t\t\t\t\t<div class=\"title-after_title reset-last-child wd-fontsize-xs\">\n\t\t\t\t\t<p>Aggiornato con un montalatte rimovibile, il sistema offre un intervallo di montaggio della schiuma di 60\u201370 \u2103, un'erogazione del latte regolabile e risciacquo e pulizia automatici per un funzionamento fluido e uniforme.<\/p>\t\t\t\t<\/div>\n\t\t\t\t\t<\/div>\n\t\t\t\t\t\t<\/div>\n\t\t\t\t<\/div>\n\t\t\t\t<\/div>\n\t\t<div class=\"elementor-element elementor-element-6dad4db e-con-full e-flex e-con e-child\" data-id=\"6dad4db\" data-element_type=\"container\" data-e-type=\"container\">\n\t\t\t\t<div class=\"elementor-element elementor-element-b7f672f wd-width-100 elementor-invisible elementor-widget elementor-widget-wd_title\" data-id=\"b7f672f\" data-element_type=\"widget\" data-e-type=\"widget\" data-settings=\"{&quot;_animation&quot;:&quot;slideInUp&quot;}\" data-widget_type=\"wd_title.default\">\n\t\t\t\t<div class=\"elementor-widget-container\">\n\t\t\t\t\t\t\t<div class=\"title-wrapper wd-set-mb reset-last-child wd-title-color-default wd-title-style-default wd-title-size-default text-left\">\n\n\t\t\t\n\t\t\t<div class=\"liner-continer\">\n\t\t\t\t<h3 class=\"woodmart-title-container title wd-fontsize-l\">Display touch Android da 10,1\u201d<\/h3> \n\t\t\t\t\t\t\t<\/div>\n\n\t\t\t\t\t\t\t<div class=\"title-after_title reset-last-child wd-fontsize-xs\">\n\t\t\t\t\t<p>Il display interattivo intelligente da 10,1\u201d aiuta a preparare le bevande in modo efficiente con un solo tocco e a regolare facilmente i parametri delle bevande.<\/p>\t\t\t\t<\/div>\n\t\t\t\t\t<\/div>\n\t\t\t\t\t\t<\/div>\n\t\t\t\t<\/div>\n\t\t<div class=\"elementor-element elementor-element-a3f213e e-con-full e-flex e-con e-child\" data-id=\"a3f213e\" data-element_type=\"container\" data-e-type=\"container\">\n\t\t\t\t<div class=\"elementor-element elementor-element-63fcf47 elementor-invisible elementor-widget elementor-widget-image\" data-id=\"63fcf47\" data-element_type=\"widget\" data-e-type=\"widget\" data-settings=\"{&quot;_animation&quot;:&quot;wd-anim-slide-from-bottom&quot;}\" data-widget_type=\"image.default\">\n\t\t\t\t<div class=\"elementor-widget-container\">\n\t\t\t\t\t\t\t\t\t\t\t\t\t\t\t<img decoding=\"async\" src=\"https:\/\/luganocaffe.com\/wp-content\/uploads\/elementor\/thumbs\/Lugano-Vivace-Full-Automatic-Coffee-Machine-10.1-Android-Touch-Display-re43lkoo81oba0accokq64ycj4i5usvjpcllpwj6uo.jpg\" title=\"Lugano Vivace Macchina da caff\u00e8 completamente automatica (display touch Android da 10,1\u201d)\" alt=\"Lugano Vivace Macchina da caff\u00e8 completamente automatica (display touch Android da 10,1\u201d)\" class=\"elementor-animation-float\" loading=\"lazy\" \/>\t\t\t\t\t\t\t\t\t\t\t\t\t\t\t<\/div>\n\t\t\t\t<\/div>\n\t\t\t\t<\/div>\n\t\t\t\t<\/div>\n\t\t\t\t<\/div>\n\t\t\t\t\t<\/div>\n\t\t\t\t<\/div>\n\t\t<div class=\"wd-negative-gap elementor-element elementor-element-c9d8bdb e-flex e-con-boxed e-con e-parent\" data-id=\"c9d8bdb\" data-element_type=\"container\" data-e-type=\"container\" data-settings=\"{&quot;background_background&quot;:&quot;classic&quot;}\">\n\t\t\t\t\t<div class=\"e-con-inner\">\n\t\t<div class=\"elementor-element elementor-element-82928cf e-grid e-con-full e-con e-child\" data-id=\"82928cf\" data-element_type=\"container\" data-e-type=\"container\">\n\t\t<div class=\"elementor-element elementor-element-d695733 e-con-full e-flex e-con e-child\" data-id=\"d695733\" data-element_type=\"container\" data-e-type=\"container\">\n\t\t<div class=\"elementor-element elementor-element-3993f2d e-con-full e-flex e-con e-child\" data-id=\"3993f2d\" data-element_type=\"container\" data-e-type=\"container\">\n\t\t\t\t<div class=\"elementor-element elementor-element-2ef6938 wd-width-100 elementor-invisible elementor-widget elementor-widget-wd_title\" data-id=\"2ef6938\" data-element_type=\"widget\" data-e-type=\"widget\" data-settings=\"{&quot;_animation&quot;:&quot;slideInUp&quot;}\" data-widget_type=\"wd_title.default\">\n\t\t\t\t<div class=\"elementor-widget-container\">\n\t\t\t\t\t\t\t<div class=\"title-wrapper wd-set-mb reset-last-child wd-title-color-default wd-title-style-default wd-title-size-default text-left\">\n\n\t\t\t\n\t\t\t<div class=\"liner-continer\">\n\t\t\t\t<h3 class=\"woodmart-title-container title wd-fontsize-l\">Sistema di macinazione ad altissima precisione<\/h3> \n\t\t\t\t\t\t\t<\/div>\n\n\t\t\t\t\t\t\t<div class=\"title-after_title reset-last-child wd-fontsize-xs\">\n\t\t\t\t\t<p>Calibrazione e regolazione accurate per adattarsi a diverse quantit\u00e0 di polvere e dimensioni di macinatura.<\/p>\t\t\t\t<\/div>\n\t\t\t\t\t<\/div>\n\t\t\t\t\t\t<\/div>\n\t\t\t\t<\/div>\n\t\t\t\t<\/div>\n\t\t\t\t<div class=\"elementor-element elementor-element-058b422 elementor-invisible elementor-widget elementor-widget-image\" data-id=\"058b422\" data-element_type=\"widget\" data-e-type=\"widget\" data-settings=\"{&quot;_animation&quot;:&quot;wd-anim-slide-from-bottom&quot;}\" data-widget_type=\"image.default\">\n\t\t\t\t<div class=\"elementor-widget-container\">\n\t\t\t\t\t\t\t\t\t\t\t\t\t\t\t<img decoding=\"async\" src=\"https:\/\/luganocaffe.com\/wp-content\/uploads\/elementor\/thumbs\/Lugano-Vivace-Full-Automatic-Coffee-Machine-Ultra-Precision-Grinding-System-re43lqbpd1w17o25fr0hl3j43fqd4zhxq4iilkattc.jpg\" title=\"Macchina da caff\u00e8 automatica Lugano Vivace (sistema di macinazione ad altissima precisione)\" alt=\"Macchina da caff\u00e8 automatica Lugano Vivace (sistema di macinazione ad altissima precisione)\" class=\"elementor-animation-float\" loading=\"lazy\" \/>\t\t\t\t\t\t\t\t\t\t\t\t\t\t\t<\/div>\n\t\t\t\t<\/div>\n\t\t\t\t<\/div>\n\t\t<div class=\"elementor-element elementor-element-312fd3f e-con-full e-flex e-con e-child\" data-id=\"312fd3f\" data-element_type=\"container\" data-e-type=\"container\">\n\t\t\t\t<div class=\"elementor-element elementor-element-56c639c elementor-invisible elementor-widget elementor-widget-image\" data-id=\"56c639c\" data-element_type=\"widget\" data-e-type=\"widget\" data-settings=\"{&quot;_animation&quot;:&quot;wd-anim-slide-from-bottom&quot;}\" data-widget_type=\"image.default\">\n\t\t\t\t<div class=\"elementor-widget-container\">\n\t\t\t\t\t\t\t\t\t\t\t\t\t\t\t<img decoding=\"async\" src=\"https:\/\/luganocaffe.com\/wp-content\/uploads\/elementor\/thumbs\/Lugano-Vivace-Full-Automatic-Coffee-Machine-Regulated-Water-Control-System-re43lni6sjs68u68w7slvm8qba49hw6qpqk25qf0c0.jpg\" title=\"Macchina da caff\u00e8 automatica Lugano Vivace (sistema di controllo dell&#8217;acqua regolato)\" alt=\"Macchina da caff\u00e8 automatica Lugano Vivace (sistema di controllo dell&#039;acqua regolato)\" class=\"elementor-animation-float\" loading=\"lazy\" \/>\t\t\t\t\t\t\t\t\t\t\t\t\t\t\t<\/div>\n\t\t\t\t<\/div>\n\t\t\t\t<div class=\"elementor-element elementor-element-2256ea8 wd-width-100 elementor-invisible elementor-widget elementor-widget-wd_title\" data-id=\"2256ea8\" data-element_type=\"widget\" data-e-type=\"widget\" data-settings=\"{&quot;_animation&quot;:&quot;slideInUp&quot;}\" data-widget_type=\"wd_title.default\">\n\t\t\t\t<div class=\"elementor-widget-container\">\n\t\t\t\t\t\t\t<div class=\"title-wrapper wd-set-mb reset-last-child wd-title-color-default wd-title-style-default wd-title-size-default text-left\">\n\n\t\t\t\n\t\t\t<div class=\"liner-continer\">\n\t\t\t\t<h3 class=\"woodmart-title-container title wd-fontsize-l\">Sistema di controllo dell'acqua regolato<\/h3> \n\t\t\t\t\t\t\t<\/div>\n\n\t\t\t\t\t\t\t<div class=\"title-after_title reset-last-child wd-fontsize-xs\">\n\t\t\t\t\t<p>La macchina offre temperature regolabili, supporta l'americano freddo e fornisce acqua calda one-touch per risciacquare, pulire e preparare il t\u00e8 rapidamente.<\/p>\t\t\t\t<\/div>\n\t\t\t\t\t<\/div>\n\t\t\t\t\t\t<\/div>\n\t\t\t\t<\/div>\n\t\t\t\t<\/div>\n\t\t<div class=\"elementor-element elementor-element-cd0b637 e-con-full e-flex e-con e-child\" data-id=\"cd0b637\" data-element_type=\"container\" data-e-type=\"container\">\n\t\t\t\t<div class=\"elementor-element elementor-element-c281f25 wd-width-100 elementor-invisible elementor-widget elementor-widget-wd_title\" data-id=\"c281f25\" data-element_type=\"widget\" data-e-type=\"widget\" data-settings=\"{&quot;_animation&quot;:&quot;slideInUp&quot;}\" data-widget_type=\"wd_title.default\">\n\t\t\t\t<div class=\"elementor-widget-container\">\n\t\t\t\t\t\t\t<div class=\"title-wrapper wd-set-mb reset-last-child wd-title-color-default wd-title-style-default wd-title-size-default text-left\">\n\n\t\t\t\n\t\t\t<div class=\"liner-continer\">\n\t\t\t\t<h3 class=\"woodmart-title-container title wd-fontsize-l\">Scelta intelligente per il self-service ad alto traffico<\/h3> \n\t\t\t\t\t\t\t<\/div>\n\n\t\t\t\t\t\t\t<div class=\"title-after_title reset-last-child wd-fontsize-xs\">\n\t\t\t\t\t<p>La macchina offre bevande veloci e uniformi con un personale minimo, mentre la facile pulizia e il monitoraggio cloud riducono i costi e fidelizzano i clienti.<\/p>\t\t\t\t<\/div>\n\t\t\t\t\t<\/div>\n\t\t\t\t\t\t<\/div>\n\t\t\t\t<\/div>\n\t\t<div class=\"elementor-element elementor-element-6c53741 e-con-full e-flex e-con e-child\" data-id=\"6c53741\" data-element_type=\"container\" data-e-type=\"container\">\n\t\t\t\t<div class=\"elementor-element elementor-element-2d1cd4f wd-width-100 elementor-widget elementor-widget-wd_video\" data-id=\"2d1cd4f\" data-element_type=\"widget\" data-e-type=\"widget\" data-widget_type=\"wd_video.default\">\n\t\t\t\t<div class=\"elementor-widget-container\">\n\t\t\t\t\t\n\t\t<div class=\"wd-el-video wd-action-without wd-video-hosted wd-with-aspect-ratio\">\n\t\t\t\t\t\t\t<video src=\"https:\/\/luganocaffe.com\/wp-content\/uploads\/2025\/11\/Lugano-Vivace-Full-Automatic-Coffee-Machine.mp4\" playsinline loop muted autoplay><\/video>\t\t\t\n\t\t\t\n\t\t\t\n\t\t\t\t\t<\/div>\n\t\t\t\t\t\t<\/div>\n\t\t\t\t<\/div>\n\t\t\t\t<\/div>\n\t\t\t\t<\/div>\n\t\t\t\t<\/div>\n\t\t\t\t\t<\/div>\n\t\t\t\t<\/div>\n\t\t<div class=\"wd-negative-gap elementor-element elementor-element-1edf306 e-flex e-con-boxed e-con e-parent\" data-id=\"1edf306\" data-element_type=\"container\" data-e-type=\"container\" data-settings=\"{&quot;background_background&quot;:&quot;classic&quot;}\">\n\t\t\t\t\t<div class=\"e-con-inner\">\n\t\t<div class=\"elementor-element elementor-element-6a2d2bc e-con-full e-flex e-con e-child\" data-id=\"6a2d2bc\" data-element_type=\"container\" data-e-type=\"container\">\n\t\t\t\t<div class=\"elementor-element elementor-element-9b5839d wd-width-100 elementor-invisible elementor-widget elementor-widget-wd_title\" data-id=\"9b5839d\" data-element_type=\"widget\" data-e-type=\"widget\" data-settings=\"{&quot;_animation&quot;:&quot;slideInUp&quot;}\" data-widget_type=\"wd_title.default\">\n\t\t\t\t<div class=\"elementor-widget-container\">\n\t\t\t\t\t\t\t<div class=\"title-wrapper wd-set-mb reset-last-child wd-title-color-default wd-title-style-default wd-title-size-default text-left\">\n\n\t\t\t\n\t\t\t<div class=\"liner-continer\">\n\t\t\t\t<h3 class=\"woodmart-title-container title wd-fontsize-l\">Caratteristiche tecniche<\/h3> \n\t\t\t\t\t\t\t<\/div>\n\n\t\t\t\t\t<\/div>\n\t\t\t\t\t\t<\/div>\n\t\t\t\t<\/div>\n\t\t\t\t<div class=\"elementor-element elementor-element-91061ac color-scheme-inherit text-left elementor-widget elementor-widget-text-editor\" data-id=\"91061ac\" data-element_type=\"widget\" data-e-type=\"widget\" data-widget_type=\"text-editor.default\">\n\t\t\t\t<div class=\"elementor-widget-container\">\n\t\t\t\t\t\t\t\t\t<table> \n  <thead>\n    <tr>\n      <th>Specifiche tecniche<\/th>\n      <th>Valore<\/th>\n    <\/tr>\n  <\/thead>\n  <tbody>\n    <tr><td>Schermo<\/td><td>Schermo Android da 10,1\u2033<\/td><\/tr>\n    <tr><td>Capacit\u00e0 del gruppo caff\u00e8 espresso<\/td><td>5\u201316 g<\/td><\/tr>\n    <tr><td>Capacit\u00e0 della caldaia<\/td><td>0,7 L<\/td><\/tr>\n    <tr><td>Volume del serbatoio dell&#8217;acqua<\/td><td>4 L<\/td><\/tr>\n    <tr><td>Capacit\u00e0 del vassoio antigoccia<\/td><td>2 L<\/td><\/tr>\n    <tr><td>Cassetto fondi pieno (contatore)<\/td><td>45 porzioni<\/td><\/tr>\n    <tr><td>Altezza del beccuccio del caff\u00e8<\/td><td>Livello 1 = 100 mm \/ Livello 2 = 160 mm<\/td><\/tr>\n    <tr><td>Alimentazione idrica<\/td><td>Acqua fissa + Acqua in bottiglia + Acqua del serbatoio<\/td><\/tr>\n    <tr><td>Capacit\u00e0 del contenitore dei chicchi<\/td><td>1 \u00d7 1200 g<\/td><\/tr>\n    <tr><td>Capacit\u00e0 del contenitore per topping<\/td><td>1500 g + 1200 g<\/td><\/tr>\n    <tr><td>Supporto per latte fresco<\/td><td>S\u00ec<\/td><\/tr>\n    <tr><td>Potenza nominale<\/td><td>220\u2013240 V \/ 2700 W<\/td><\/tr>\n    <tr><td>Dimensioni (P \u00d7 L \u00d7 A)<\/td><td>560 mm \u00d7 380 mm \u00d7 690 mm<\/td><\/tr>\n    <tr><td>Peso netto<\/td><td>30 kg<\/td><\/tr>\n  <\/tbody>\n<\/table>\n\n\t\t\t\t\t\t\t\t<\/div>\n\t\t\t\t<\/div>\n\t\t\t\t<\/div>\n\t\t\t\t\t<\/div>\n\t\t\t\t<\/div>\n\t\t\t\t<\/div>\n\t\t","protected":false},"excerpt":{"rendered":"<p>Con la macchina da caff\u00e8 completamente automatica Vivace, scopri l&#8217;arte di montare la schiuma con la lancia a vapore ed eleva la tua creazione di bevande a nuovi livelli di versatilit\u00e0, preservando al contempo un controllo preciso durante il processo di erogazione del vapore. Ci\u00f2 garantisce un&#8217;esperienza di caff\u00e8 elevata e personalizzata, su misura per ogni palato. <\/p>\n","protected":false},"featured_media":24043,"template":"","meta":[],"product_brand":[],"product_cat":[116],"product_tag":[],"class_list":{"0":"post-24026","1":"product","2":"type-product","3":"status-publish","4":"has-post-thumbnail","6":"product_cat-macchine-da-caffe","8":"first","9":"instock","10":"shipping-taxable","11":"product-type-simple"},"_links":{"self":[{"href":"https:\/\/luganocaffe.com\/it\/wp-json\/wp\/v2\/product\/24026","targetHints":{"allow":["GET"]}}],"collection":[{"href":"https:\/\/luganocaffe.com\/it\/wp-json\/wp\/v2\/product"}],"about":[{"href":"https:\/\/luganocaffe.com\/it\/wp-json\/wp\/v2\/types\/product"}],"version-history":[{"count":0,"href":"https:\/\/luganocaffe.com\/it\/wp-json\/wp\/v2\/product\/24026\/revisions"}],"wp:featuredmedia":[{"embeddable":true,"href":"https:\/\/luganocaffe.com\/it\/wp-json\/wp\/v2\/media\/24043"}],"wp:attachment":[{"href":"https:\/\/luganocaffe.com\/it\/wp-json\/wp\/v2\/media?parent=24026"}],"wp:term":[{"taxonomy":"product_brand","embeddable":true,"href":"https:\/\/luganocaffe.com\/it\/wp-json\/wp\/v2\/product_brand?post=24026"},{"taxonomy":"product_cat","embeddable":true,"href":"https:\/\/luganocaffe.com\/it\/wp-json\/wp\/v2\/product_cat?post=24026"},{"taxonomy":"product_tag","embeddable":true,"href":"https:\/\/luganocaffe.com\/it\/wp-json\/wp\/v2\/product_tag?post=24026"}],"curies":[{"name":"wp","href":"https:\/\/api.w.org\/{rel}","templated":true}]}}