{"id":24051,"date":"2025-11-02T13:10:10","date_gmt":"2025-11-02T13:10:10","guid":{"rendered":"https:\/\/luganocaffe.com\/product\/macchina-da-caffe-automatica-vivace-pro\/"},"modified":"2026-01-15T07:41:43","modified_gmt":"2026-01-15T07:41:43","slug":"macchina-da-caffe-automatica-vivace-pro","status":"publish","type":"product","link":"https:\/\/luganocaffe.com\/it\/prodotto\/macchina-da-caffe-automatica-vivace-pro\/","title":{"rendered":"Macchina da caff\u00e8 automatica Vivace Pro"},"content":{"rendered":"\t\t<div data-elementor-type=\"wp-post\" data-elementor-id=\"24051\" class=\"elementor elementor-24051 elementor-21917\" data-elementor-post-type=\"product\">\n\t\t\t\t<div class=\"wd-negative-gap elementor-element elementor-element-d3203b0 e-flex e-con-boxed e-con e-parent\" data-id=\"d3203b0\" data-element_type=\"container\" data-e-type=\"container\" data-settings=\"{&quot;background_background&quot;:&quot;classic&quot;}\">\n\t\t\t\t\t<div class=\"e-con-inner\">\n\t\t<div class=\"elementor-element elementor-element-11cdaa7 e-grid e-con-full e-con e-child\" data-id=\"11cdaa7\" data-element_type=\"container\" data-e-type=\"container\">\n\t\t<div class=\"elementor-element elementor-element-60043b4 e-con-full e-flex e-con e-child\" data-id=\"60043b4\" data-element_type=\"container\" data-e-type=\"container\">\n\t\t<div class=\"elementor-element elementor-element-1d4378d e-con-full e-flex e-con e-child\" data-id=\"1d4378d\" data-element_type=\"container\" data-e-type=\"container\">\n\t\t\t\t<div class=\"elementor-element elementor-element-47da467 wd-width-100 elementor-invisible elementor-widget elementor-widget-wd_title\" data-id=\"47da467\" data-element_type=\"widget\" data-e-type=\"widget\" data-settings=\"{&quot;_animation&quot;:&quot;slideInUp&quot;}\" data-widget_type=\"wd_title.default\">\n\t\t\t\t<div class=\"elementor-widget-container\">\n\t\t\t\t\t\t\t<div class=\"title-wrapper wd-set-mb reset-last-child wd-title-color-default wd-title-style-default wd-title-size-default text-left\">\n\n\t\t\t\n\t\t\t<div class=\"liner-continer\">\n\t\t\t\t<h3 class=\"woodmart-title-container title wd-fontsize-l\">Macchina da caff\u00e8 automatica Vivace Pro<\/h3> \n\t\t\t\t\t\t\t<\/div>\n\n\t\t\t\t\t\t\t<div class=\"title-after_title reset-last-child wd-fontsize-xs\">\n\t\t\t\t\t<p>Vivace Pro \u00e8 una macchina da caff\u00e8 completamente automatica e altamente adattabile, progettata per offrire pi\u00f9 di 30 opzioni di bevande in formati piccoli, medi e grandi. <\/p>\t\t\t\t<\/div>\n\t\t\t\t\t<\/div>\n\t\t\t\t\t\t<\/div>\n\t\t\t\t<\/div>\n\t\t\t\t<\/div>\n\t\t\t\t<div class=\"elementor-element elementor-element-c0498d3 elementor-invisible elementor-widget elementor-widget-image\" data-id=\"c0498d3\" data-element_type=\"widget\" data-e-type=\"widget\" data-settings=\"{&quot;_animation&quot;:&quot;wd-anim-slide-from-bottom&quot;}\" data-widget_type=\"image.default\">\n\t\t\t\t<div class=\"elementor-widget-container\">\n\t\t\t\t\t\t\t\t\t\t\t\t\t\t\t<img decoding=\"async\" src=\"https:\/\/luganocaffe.com\/wp-content\/uploads\/elementor\/thumbs\/Lugano-Vivace-Full-Automatic-Coffee-Machine-in-a-studio-set-re5tsl6ps0psr9zt30bc1mosxyou3eltvfu8ayq3cg.jpg\" title=\"Macchina da caff\u00e8 automatica Lugano Vivace in un set da studio\" alt=\"Macchina da caff\u00e8 automatica Lugano Vivace in un set da studio\" class=\"elementor-animation-float\" loading=\"lazy\" \/>\t\t\t\t\t\t\t\t\t\t\t\t\t\t\t<\/div>\n\t\t\t\t<\/div>\n\t\t\t\t<\/div>\n\t\t<div class=\"elementor-element elementor-element-e53072c e-con-full e-flex e-con e-child\" data-id=\"e53072c\" data-element_type=\"container\" data-e-type=\"container\">\n\t\t\t\t<div class=\"elementor-element elementor-element-4473dac elementor-invisible elementor-widget elementor-widget-image\" data-id=\"4473dac\" data-element_type=\"widget\" data-e-type=\"widget\" data-settings=\"{&quot;_animation&quot;:&quot;wd-anim-slide-from-bottom&quot;}\" data-widget_type=\"image.default\">\n\t\t\t\t<div class=\"elementor-widget-container\">\n\t\t\t\t\t\t\t\t\t\t\t\t\t\t\t<img decoding=\"async\" src=\"https:\/\/luganocaffe.com\/wp-content\/uploads\/elementor\/thumbs\/Lugano-Vivace-Full-Automatic-Coffee-Machine-Three-Application-Modes--re43log0zdtgkg4vqq78g406wnzmplah1v7jn0dm5s.jpg\" title=\"Macchina da caff\u00e8 automatica Lugano Vivace (tre modalit\u00e0 di applicazione)\" alt=\"Macchina da caff\u00e8 automatica Lugano Vivace (tre modalit\u00e0 di applicazione)\" class=\"elementor-animation-float\" loading=\"lazy\" \/>\t\t\t\t\t\t\t\t\t\t\t\t\t\t\t<\/div>\n\t\t\t\t<\/div>\n\t\t\t\t<div class=\"elementor-element elementor-element-457ca3c wd-width-100 elementor-invisible elementor-widget elementor-widget-wd_title\" data-id=\"457ca3c\" data-element_type=\"widget\" data-e-type=\"widget\" data-settings=\"{&quot;_animation&quot;:&quot;slideInUp&quot;}\" data-widget_type=\"wd_title.default\">\n\t\t\t\t<div class=\"elementor-widget-container\">\n\t\t\t\t\t\t\t<div class=\"title-wrapper wd-set-mb reset-last-child wd-title-color-default wd-title-style-default wd-title-size-default text-left\">\n\n\t\t\t\n\t\t\t<div class=\"liner-continer\">\n\t\t\t\t<h3 class=\"woodmart-title-container title wd-fontsize-l\">3 modalit\u00e0 per aziende e self-service<\/h3> \n\t\t\t\t\t\t\t<\/div>\n\n\t\t\t\t\t\t\t<div class=\"title-after_title reset-last-child wd-fontsize-xs\">\n\t\t\t\t\t<p>Tre diverse modalit\u00e0 aziendali: modalit\u00e0 professionale, modalit\u00e0 self-service e modalit\u00e0 standard si adattano a diversi scenari operativi.<\/p>\t\t\t\t<\/div>\n\t\t\t\t\t<\/div>\n\t\t\t\t\t\t<\/div>\n\t\t\t\t<\/div>\n\t\t\t\t<\/div>\n\t\t<div class=\"elementor-element elementor-element-06a9260 e-con-full e-flex e-con e-child\" data-id=\"06a9260\" data-element_type=\"container\" data-e-type=\"container\">\n\t\t\t\t<div class=\"elementor-element elementor-element-ca4a8f1 wd-width-100 elementor-invisible elementor-widget elementor-widget-wd_title\" data-id=\"ca4a8f1\" data-element_type=\"widget\" data-e-type=\"widget\" data-settings=\"{&quot;_animation&quot;:&quot;slideInUp&quot;}\" data-widget_type=\"wd_title.default\">\n\t\t\t\t<div class=\"elementor-widget-container\">\n\t\t\t\t\t\t\t<div class=\"title-wrapper wd-set-mb reset-last-child wd-title-color-default wd-title-style-default wd-title-size-default text-left\">\n\n\t\t\t\n\t\t\t<div class=\"liner-continer\">\n\t\t\t\t<h3 class=\"woodmart-title-container title wd-fontsize-l\">Doppi serbatoi per chicchi e polvere<\/h3> \n\t\t\t\t\t\t\t<\/div>\n\n\t\t\t\t\t\t\t<div class=\"title-after_title reset-last-child wd-fontsize-xs\">\n\t\t\t\t\t<p>Con una combinazione di chicchi doppi, polvere doppia e latte fresco, Vivace Pro pu\u00f2 produrre un'ampia selezione di menu che attrae diverse preferenze dei clienti.<\/p>\t\t\t\t<\/div>\n\t\t\t\t\t<\/div>\n\t\t\t\t\t\t<\/div>\n\t\t\t\t<\/div>\n\t\t\t\t<div class=\"elementor-element elementor-element-24f7bdd elementor-invisible elementor-widget elementor-widget-image\" data-id=\"24f7bdd\" data-element_type=\"widget\" data-e-type=\"widget\" data-settings=\"{&quot;_animation&quot;:&quot;wd-anim-slide-from-bottom&quot;}\" data-widget_type=\"image.default\">\n\t\t\t\t<div class=\"elementor-widget-container\">\n\t\t\t\t\t\t\t\t\t\t\t\t\t\t\t<img decoding=\"async\" src=\"https:\/\/luganocaffe.com\/wp-content\/uploads\/elementor\/thumbs\/Lugano-Vivace-Pro-Full-Automatic-Coffee-Machine-Dual-Beans-and-Dual-Powder-Tanks-re45zmspxzhe8ra5tvr2gf5mh4byl6iu7atzhwxl68.jpg\" title=\"Macchina da caff\u00e8 automatica Lugano Vivace Pro (doppi serbatoi per chicchi e polvere)\" alt=\"Macchina da caff\u00e8 automatica Lugano Vivace Pro (doppi serbatoi per chicchi e polvere)\" class=\"elementor-animation-float\" loading=\"lazy\" \/>\t\t\t\t\t\t\t\t\t\t\t\t\t\t\t<\/div>\n\t\t\t\t<\/div>\n\t\t\t\t<\/div>\n\t\t\t\t<\/div>\n\t\t\t\t\t<\/div>\n\t\t\t\t<\/div>\n\t\t<div class=\"wd-negative-gap elementor-element elementor-element-2705db6 e-flex e-con-boxed e-con e-parent\" data-id=\"2705db6\" data-element_type=\"container\" data-e-type=\"container\" data-settings=\"{&quot;background_background&quot;:&quot;classic&quot;}\">\n\t\t\t\t\t<div class=\"e-con-inner\">\n\t\t<div class=\"elementor-element elementor-element-c5f9c4a e-grid e-con-full e-con e-child\" data-id=\"c5f9c4a\" data-element_type=\"container\" data-e-type=\"container\">\n\t\t<div class=\"elementor-element elementor-element-10c4cde e-con-full e-flex e-con e-child\" data-id=\"10c4cde\" data-element_type=\"container\" data-e-type=\"container\">\n\t\t<div class=\"elementor-element elementor-element-497d353 e-con-full e-flex e-con e-child\" data-id=\"497d353\" data-element_type=\"container\" data-e-type=\"container\">\n\t\t\t\t<div class=\"elementor-element elementor-element-8e3483a wd-width-100 elementor-invisible elementor-widget elementor-widget-wd_title\" data-id=\"8e3483a\" data-element_type=\"widget\" data-e-type=\"widget\" data-settings=\"{&quot;_animation&quot;:&quot;slideInUp&quot;}\" data-widget_type=\"wd_title.default\">\n\t\t\t\t<div class=\"elementor-widget-container\">\n\t\t\t\t\t\t\t<div class=\"title-wrapper wd-set-mb reset-last-child wd-title-color-default wd-title-style-default wd-title-size-default text-left\">\n\n\t\t\t\n\t\t\t<div class=\"liner-continer\">\n\t\t\t\t<h3 class=\"woodmart-title-container title wd-fontsize-l\">Lancia vapore e lancia acqua calda indipendenti<\/h3> \n\t\t\t\t\t\t\t<\/div>\n\n\t\t\t\t\t\t\t<div class=\"title-after_title reset-last-child wd-fontsize-xs\">\n\t\t\t\t\tDotata di lance indipendenti per vapore e acqua calda, la macchina consente di montare facilmente il latte, preparare il t\u00e8 e risciacquare le tazze, offrendo una micro schiuma densa e una facile pulizia.\t\t\t\t<\/div>\n\t\t\t\t\t<\/div>\n\t\t\t\t\t\t<\/div>\n\t\t\t\t<\/div>\n\t\t\t\t<\/div>\n\t\t\t\t<div class=\"elementor-element elementor-element-c5fc400 elementor-invisible elementor-widget elementor-widget-image\" data-id=\"c5fc400\" data-element_type=\"widget\" data-e-type=\"widget\" data-settings=\"{&quot;_animation&quot;:&quot;wd-anim-slide-from-bottom&quot;}\" data-widget_type=\"image.default\">\n\t\t\t\t<div class=\"elementor-widget-container\">\n\t\t\t\t\t\t\t\t\t\t\t\t\t\t\t<img decoding=\"async\" src=\"https:\/\/luganocaffe.com\/wp-content\/uploads\/elementor\/thumbs\/Lugano-Vivace-Pro-Full-Automatic-Coffee-Machine-Independent-Steam-Wand-Independent-Hot-Water-Wand-re45zj1d6nc8ybfmfu4k6g3s3kuhqe3wus81kt35v4.jpg\" title=\"Macchina da caff\u00e8 automatica Lugano Vivace Pro (lancia vapore indipendente e (lancia acqua calda indipendente)\" alt=\"Macchina da caff\u00e8 automatica Lugano Vivace Pro (lancia vapore indipendente e (lancia acqua calda indipendente)\" class=\"elementor-animation-float\" loading=\"lazy\" \/>\t\t\t\t\t\t\t\t\t\t\t\t\t\t\t<\/div>\n\t\t\t\t<\/div>\n\t\t\t\t<\/div>\n\t\t<div class=\"elementor-element elementor-element-cff1b30 e-con-full e-flex e-con e-child\" data-id=\"cff1b30\" data-element_type=\"container\" data-e-type=\"container\">\n\t\t\t\t<div class=\"elementor-element elementor-element-14174e3 elementor-invisible elementor-widget elementor-widget-image\" data-id=\"14174e3\" data-element_type=\"widget\" data-e-type=\"widget\" data-settings=\"{&quot;_animation&quot;:&quot;wd-anim-slide-from-bottom&quot;}\" data-widget_type=\"image.default\">\n\t\t\t\t<div class=\"elementor-widget-container\">\n\t\t\t\t\t\t\t\t\t\t\t\t\t\t\t<img decoding=\"async\" src=\"https:\/\/luganocaffe.com\/wp-content\/uploads\/elementor\/thumbs\/Lugano-Vivace-Pro-Full-Automatic-Coffee-Machine-High-Performance-Milk-System-re45zluvr5g3x5bizdcfvxe5vqgldhf3v66i0myzcg.jpg\" title=\"Macchina da caff\u00e8 automatica Lugano Vivace Pro (sistema latte ad alte prestazioni)\" alt=\"Macchina da caff\u00e8 automatica Lugano Vivace Pro (sistema latte ad alte prestazioni)\" class=\"elementor-animation-float\" loading=\"lazy\" \/>\t\t\t\t\t\t\t\t\t\t\t\t\t\t\t<\/div>\n\t\t\t\t<\/div>\n\t\t\t\t<div class=\"elementor-element elementor-element-a1ffa4f wd-width-100 elementor-invisible elementor-widget elementor-widget-wd_title\" data-id=\"a1ffa4f\" data-element_type=\"widget\" data-e-type=\"widget\" data-settings=\"{&quot;_animation&quot;:&quot;slideInUp&quot;}\" data-widget_type=\"wd_title.default\">\n\t\t\t\t<div class=\"elementor-widget-container\">\n\t\t\t\t\t\t\t<div class=\"title-wrapper wd-set-mb reset-last-child wd-title-color-default wd-title-style-default wd-title-size-default text-left\">\n\n\t\t\t\n\t\t\t<div class=\"liner-continer\">\n\t\t\t\t<h3 class=\"woodmart-title-container title wd-fontsize-l\">Sistema latte ad alte prestazioni<\/h3> \n\t\t\t\t\t\t\t<\/div>\n\n\t\t\t\t\t\t\t<div class=\"title-after_title reset-last-child wd-fontsize-xs\">\n\t\t\t\t\t<p>Aggiornato con un montalatte rimovibile, il sistema offre un intervallo di schiumatura di 60 \u2103\u201370 \u2103, un'erogazione del latte regolabile e un risciacquo e una pulizia automatici per un funzionamento fluido e uniforme.<\/p>\t\t\t\t<\/div>\n\t\t\t\t\t<\/div>\n\t\t\t\t\t\t<\/div>\n\t\t\t\t<\/div>\n\t\t\t\t<\/div>\n\t\t<div class=\"elementor-element elementor-element-6dad4db e-con-full e-flex e-con e-child\" data-id=\"6dad4db\" data-element_type=\"container\" data-e-type=\"container\">\n\t\t\t\t<div class=\"elementor-element elementor-element-b7f672f wd-width-100 elementor-invisible elementor-widget elementor-widget-wd_title\" data-id=\"b7f672f\" data-element_type=\"widget\" data-e-type=\"widget\" data-settings=\"{&quot;_animation&quot;:&quot;slideInUp&quot;}\" data-widget_type=\"wd_title.default\">\n\t\t\t\t<div class=\"elementor-widget-container\">\n\t\t\t\t\t\t\t<div class=\"title-wrapper wd-set-mb reset-last-child wd-title-color-default wd-title-style-default wd-title-size-default text-left\">\n\n\t\t\t\n\t\t\t<div class=\"liner-continer\">\n\t\t\t\t<h3 class=\"woodmart-title-container title wd-fontsize-l\">Display touch Android da 10,1\u201d<\/h3> \n\t\t\t\t\t\t\t<\/div>\n\n\t\t\t\t\t\t\t<div class=\"title-after_title reset-last-child wd-fontsize-xs\">\n\t\t\t\t\t<p>Il display interattivo intelligente da 10,1\u201d aiuta a preparare le bevande in modo efficiente con un solo tocco e a regolare facilmente i parametri delle bevande.<\/p>\t\t\t\t<\/div>\n\t\t\t\t\t<\/div>\n\t\t\t\t\t\t<\/div>\n\t\t\t\t<\/div>\n\t\t<div class=\"elementor-element elementor-element-a3f213e e-con-full e-flex e-con e-child\" data-id=\"a3f213e\" data-element_type=\"container\" data-e-type=\"container\">\n\t\t\t\t<div class=\"elementor-element elementor-element-63fcf47 elementor-invisible elementor-widget elementor-widget-image\" data-id=\"63fcf47\" data-element_type=\"widget\" data-e-type=\"widget\" data-settings=\"{&quot;_animation&quot;:&quot;wd-anim-slide-from-bottom&quot;}\" data-widget_type=\"image.default\">\n\t\t\t\t<div class=\"elementor-widget-container\">\n\t\t\t\t\t\t\t\t\t\t\t\t\t\t\t<img decoding=\"async\" src=\"https:\/\/luganocaffe.com\/wp-content\/uploads\/elementor\/thumbs\/Lugano-Vivace-Pro-Full-Automatic-Coffee-Machine-10.1-Android-Touch-Display-re45zkx1kbetljcw4uxtbfmpacl85sbdj1j0jd0dio.jpg\" title=\"Macchina da caff\u00e8 automatica Lugano Vivace Pro (display touch Android da 10,1\u201d)\" alt=\"Macchina da caff\u00e8 automatica Lugano Vivace Pro (display touch Android da 10,1\u201d)\" class=\"elementor-animation-float\" loading=\"lazy\" \/>\t\t\t\t\t\t\t\t\t\t\t\t\t\t\t<\/div>\n\t\t\t\t<\/div>\n\t\t\t\t<\/div>\n\t\t\t\t<\/div>\n\t\t\t\t<\/div>\n\t\t\t\t\t<\/div>\n\t\t\t\t<\/div>\n\t\t<div class=\"wd-negative-gap elementor-element elementor-element-c9d8bdb e-flex e-con-boxed e-con e-parent\" data-id=\"c9d8bdb\" data-element_type=\"container\" data-e-type=\"container\" data-settings=\"{&quot;background_background&quot;:&quot;classic&quot;}\">\n\t\t\t\t\t<div class=\"e-con-inner\">\n\t\t<div class=\"elementor-element elementor-element-82928cf e-grid e-con-full e-con e-child\" data-id=\"82928cf\" data-element_type=\"container\" data-e-type=\"container\">\n\t\t<div class=\"elementor-element elementor-element-d695733 e-con-full e-flex e-con e-child\" data-id=\"d695733\" data-element_type=\"container\" data-e-type=\"container\">\n\t\t<div class=\"elementor-element elementor-element-3993f2d e-con-full e-flex e-con e-child\" data-id=\"3993f2d\" data-element_type=\"container\" data-e-type=\"container\">\n\t\t\t\t<div class=\"elementor-element elementor-element-2ef6938 wd-width-100 elementor-invisible elementor-widget elementor-widget-wd_title\" data-id=\"2ef6938\" data-element_type=\"widget\" data-e-type=\"widget\" data-settings=\"{&quot;_animation&quot;:&quot;slideInUp&quot;}\" data-widget_type=\"wd_title.default\">\n\t\t\t\t<div class=\"elementor-widget-container\">\n\t\t\t\t\t\t\t<div class=\"title-wrapper wd-set-mb reset-last-child wd-title-color-default wd-title-style-default wd-title-size-default text-left\">\n\n\t\t\t\n\t\t\t<div class=\"liner-continer\">\n\t\t\t\t<h3 class=\"woodmart-title-container title wd-fontsize-l\">Sistema di macinazione ad altissima precisione<\/h3> \n\t\t\t\t\t\t\t<\/div>\n\n\t\t\t\t\t\t\t<div class=\"title-after_title reset-last-child wd-fontsize-xs\">\n\t\t\t\t\t<p>Calibrazione e regolazione accurate per adattarsi a diverse quantit\u00e0 di polvere e dimensioni di macinatura.<\/p>\t\t\t\t<\/div>\n\t\t\t\t\t<\/div>\n\t\t\t\t\t\t<\/div>\n\t\t\t\t<\/div>\n\t\t\t\t<\/div>\n\t\t\t\t<div class=\"elementor-element elementor-element-058b422 elementor-invisible elementor-widget elementor-widget-image\" data-id=\"058b422\" data-element_type=\"widget\" data-e-type=\"widget\" data-settings=\"{&quot;_animation&quot;:&quot;wd-anim-slide-from-bottom&quot;}\" data-widget_type=\"image.default\">\n\t\t\t\t<div class=\"elementor-widget-container\">\n\t\t\t\t\t\t\t\t\t\t\t\t\t\t\t<img decoding=\"async\" src=\"https:\/\/luganocaffe.com\/wp-content\/uploads\/elementor\/thumbs\/Lugano-Vivace-Full-Automatic-Coffee-Machine-Ultra-Precision-Grinding-System-re43lqbpd1w17o25fr0hl3j43fqd4zhxq4iilkattc.jpg\" title=\"Macchina da caff\u00e8 automatica Lugano Vivace (sistema di macinazione ad altissima precisione)\" alt=\"Macchina da caff\u00e8 automatica Lugano Vivace (sistema di macinazione ad altissima precisione)\" class=\"elementor-animation-float\" loading=\"lazy\" \/>\t\t\t\t\t\t\t\t\t\t\t\t\t\t\t<\/div>\n\t\t\t\t<\/div>\n\t\t\t\t<\/div>\n\t\t<div class=\"elementor-element elementor-element-312fd3f e-con-full e-flex e-con e-child\" data-id=\"312fd3f\" data-element_type=\"container\" data-e-type=\"container\">\n\t\t\t\t<div class=\"elementor-element elementor-element-56c639c elementor-invisible elementor-widget elementor-widget-image\" data-id=\"56c639c\" data-element_type=\"widget\" data-e-type=\"widget\" data-settings=\"{&quot;_animation&quot;:&quot;wd-anim-slide-from-bottom&quot;}\" data-widget_type=\"image.default\">\n\t\t\t\t<div class=\"elementor-widget-container\">\n\t\t\t\t\t\t\t\t\t\t\t\t\t\t\t<img decoding=\"async\" src=\"https:\/\/luganocaffe.com\/wp-content\/uploads\/elementor\/thumbs\/Lugano-Vivace-Full-Automatic-Coffee-Machine-Regulated-Water-Control-System-re43lni6sjs68u68w7slvm8qba49hw6qpqk25qf0c0.jpg\" title=\"Macchina da caff\u00e8 automatica Lugano Vivace (sistema di controllo dell&#8217;acqua regolato)\" alt=\"Macchina da caff\u00e8 automatica Lugano Vivace (sistema di controllo dell&#039;acqua regolato)\" class=\"elementor-animation-float\" loading=\"lazy\" \/>\t\t\t\t\t\t\t\t\t\t\t\t\t\t\t<\/div>\n\t\t\t\t<\/div>\n\t\t\t\t<div class=\"elementor-element elementor-element-2256ea8 wd-width-100 elementor-invisible elementor-widget elementor-widget-wd_title\" data-id=\"2256ea8\" data-element_type=\"widget\" data-e-type=\"widget\" data-settings=\"{&quot;_animation&quot;:&quot;slideInUp&quot;}\" data-widget_type=\"wd_title.default\">\n\t\t\t\t<div class=\"elementor-widget-container\">\n\t\t\t\t\t\t\t<div class=\"title-wrapper wd-set-mb reset-last-child wd-title-color-default wd-title-style-default wd-title-size-default text-left\">\n\n\t\t\t\n\t\t\t<div class=\"liner-continer\">\n\t\t\t\t<h3 class=\"woodmart-title-container title wd-fontsize-l\">Sistema di controllo dell'acqua regolato<\/h3> \n\t\t\t\t\t\t\t<\/div>\n\n\t\t\t\t\t\t\t<div class=\"title-after_title reset-last-child wd-fontsize-xs\">\n\t\t\t\t\t<p>La macchina offre temperature regolabili, supporta l'americano freddo e fornisce acqua calda one-touch per risciacquare, pulire e preparare il t\u00e8 rapidamente.<\/p>\t\t\t\t<\/div>\n\t\t\t\t\t<\/div>\n\t\t\t\t\t\t<\/div>\n\t\t\t\t<\/div>\n\t\t\t\t<\/div>\n\t\t<div class=\"elementor-element elementor-element-cd0b637 e-con-full e-flex e-con e-child\" data-id=\"cd0b637\" data-element_type=\"container\" data-e-type=\"container\">\n\t\t\t\t<div class=\"elementor-element elementor-element-c281f25 wd-width-100 elementor-invisible elementor-widget elementor-widget-wd_title\" data-id=\"c281f25\" data-element_type=\"widget\" data-e-type=\"widget\" data-settings=\"{&quot;_animation&quot;:&quot;slideInUp&quot;}\" data-widget_type=\"wd_title.default\">\n\t\t\t\t<div class=\"elementor-widget-container\">\n\t\t\t\t\t\t\t<div class=\"title-wrapper wd-set-mb reset-last-child wd-title-color-default wd-title-style-default wd-title-size-default text-left\">\n\n\t\t\t\n\t\t\t<div class=\"liner-continer\">\n\t\t\t\t<h3 class=\"woodmart-title-container title wd-fontsize-l\">Scelta intelligente per il self-service ad alto traffico<\/h3> \n\t\t\t\t\t\t\t<\/div>\n\n\t\t\t\t\t\t\t<div class=\"title-after_title reset-last-child wd-fontsize-xs\">\n\t\t\t\t\t<p>La macchina offre bevande veloci e uniformi con un personale minimo, mentre la facile pulizia e il monitoraggio cloud riducono i costi e fidelizzano i clienti.<\/p>\t\t\t\t<\/div>\n\t\t\t\t\t<\/div>\n\t\t\t\t\t\t<\/div>\n\t\t\t\t<\/div>\n\t\t<div class=\"elementor-element elementor-element-6c53741 e-con-full e-flex e-con e-child\" data-id=\"6c53741\" data-element_type=\"container\" data-e-type=\"container\">\n\t\t\t\t<div class=\"elementor-element elementor-element-2d1cd4f wd-width-100 elementor-widget elementor-widget-wd_video\" data-id=\"2d1cd4f\" data-element_type=\"widget\" data-e-type=\"widget\" data-widget_type=\"wd_video.default\">\n\t\t\t\t<div class=\"elementor-widget-container\">\n\t\t\t\t\t\n\t\t<div class=\"wd-el-video wd-action-without wd-video-hosted wd-with-aspect-ratio\">\n\t\t\t\t\t\t\t<video src=\"https:\/\/luganocaffe.com\/wp-content\/uploads\/2025\/11\/001-new-machine-x465-1.mp4\" playsinline loop muted autoplay><\/video>\t\t\t\n\t\t\t\n\t\t\t\n\t\t\t\t\t<\/div>\n\t\t\t\t\t\t<\/div>\n\t\t\t\t<\/div>\n\t\t\t\t<\/div>\n\t\t\t\t<\/div>\n\t\t\t\t<\/div>\n\t\t\t\t\t<\/div>\n\t\t\t\t<\/div>\n\t\t<div class=\"wd-negative-gap elementor-element elementor-element-1edf306 e-flex e-con-boxed e-con e-parent\" data-id=\"1edf306\" data-element_type=\"container\" data-e-type=\"container\" data-settings=\"{&quot;background_background&quot;:&quot;classic&quot;}\">\n\t\t\t\t\t<div class=\"e-con-inner\">\n\t\t<div class=\"elementor-element elementor-element-6a2d2bc e-con-full e-flex e-con e-child\" data-id=\"6a2d2bc\" data-element_type=\"container\" data-e-type=\"container\">\n\t\t\t\t<div class=\"elementor-element elementor-element-9b5839d wd-width-100 elementor-invisible elementor-widget elementor-widget-wd_title\" data-id=\"9b5839d\" data-element_type=\"widget\" data-e-type=\"widget\" data-settings=\"{&quot;_animation&quot;:&quot;slideInUp&quot;}\" data-widget_type=\"wd_title.default\">\n\t\t\t\t<div class=\"elementor-widget-container\">\n\t\t\t\t\t\t\t<div class=\"title-wrapper wd-set-mb reset-last-child wd-title-color-default wd-title-style-default wd-title-size-default text-left\">\n\n\t\t\t\n\t\t\t<div class=\"liner-continer\">\n\t\t\t\t<h3 class=\"woodmart-title-container title wd-fontsize-l\">Caratteristiche tecniche<\/h3> \n\t\t\t\t\t\t\t<\/div>\n\n\t\t\t\t\t<\/div>\n\t\t\t\t\t\t<\/div>\n\t\t\t\t<\/div>\n\t\t\t\t<div class=\"elementor-element elementor-element-91061ac color-scheme-inherit text-left elementor-widget elementor-widget-text-editor\" data-id=\"91061ac\" data-element_type=\"widget\" data-e-type=\"widget\" data-widget_type=\"text-editor.default\">\n\t\t\t\t<div class=\"elementor-widget-container\">\n\t\t\t\t\t\t\t\t\t<table>\n    <tr>\n      <th>Specifiche<\/th>\n      <th>Valore<\/th>\n    <\/tr>\n  <tbody>\n    <tr><td>Voltaggio<\/td><td>220\u2013240 V<\/td><\/tr>\n    <tr><td>Potenza<\/td><td>2000 W<\/td><\/tr>\n    <tr><td>Dimensioni (P \u00d7 L \u00d7 A)<\/td><td>560 \u00d7 380 \u00d7 540 mm<\/td><\/tr>\n    <tr><td>Peso netto<\/td><td>28 kg<\/td><\/tr>\n    <tr><td>Capacit\u00e0 tramoggia chicchi<\/td><td>2 \u00d7 500 g<\/td><\/tr>\n    <tr><td>Capacit\u00e0 tramoggia topping<\/td><td>2 \u00d7 500 g<\/td><\/tr>\n    <tr><td>Latte fresco<\/td><td>S\u00ec<\/td><\/tr>\n    <tr><td>Lancia vapore<\/td><td>S\u00ec<\/td><\/tr>\n    <tr><td>Set tubo di scarico<\/td><td>S\u00ec<\/td><\/tr>\n    <tr><td>Schermo<\/td><td>Schermo Android da 11,1&#8243;<\/td><\/tr>\n    <tr><td>Capacit\u00e0 erogatore espresso<\/td><td>6\u201316 g<\/td><\/tr>\n    <tr><td>Capacit\u00e0 caldaia<\/td><td>0,7 L<\/td><\/tr>\n    <tr><td>Volume serbatoio acqua<\/td><td>4 L<\/td><\/tr>\n    <tr><td>Capacit\u00e0 vaschetta raccogligocce<\/td><td>2 L<\/td><\/tr>\n    <tr><td>Contenitore rifiuti (contatore pieno)<\/td><td>45 porzioni<\/td><\/tr>\n    <tr><td>Altezza beccuccio caff\u00e8<\/td><td>100 mm (livello 1), 160 mm (livello 2)<\/td><\/tr>\n    <tr><td>Alimentazione acqua<\/td><td>Acqua fissa + acqua serbatoio<\/td><\/tr>\n  <\/tbody>\n<\/table>\n\t\t\t\t\t\t\t\t<\/div>\n\t\t\t\t<\/div>\n\t\t\t\t<\/div>\n\t\t\t\t\t<\/div>\n\t\t\t\t<\/div>\n\t\t\t\t<\/div>\n\t\t","protected":false},"excerpt":{"rendered":"<p>Vivace Pro \u00e8 dotata di tramogge doppie per chicchi e polvere per opzioni di bevande versatili, mentre il suo montalatte integrato e le lance indipendenti per vapore e acqua calda consentono di ottenere un latte ricco e denso per bevande speciali. Progettata sia per l&#8217;uso da parte dei baristi che per ambienti self-service, offre cappuccini, latte macchiato e altro ancora di alta qualit\u00e0. <\/p>\n","protected":false},"featured_media":24070,"template":"","meta":[],"product_brand":[],"product_cat":[116],"product_tag":[],"class_list":{"0":"post-24051","1":"product","2":"type-product","3":"status-publish","4":"has-post-thumbnail","6":"product_cat-macchine-da-caffe","8":"first","9":"instock","10":"shipping-taxable","11":"product-type-simple"},"_links":{"self":[{"href":"https:\/\/luganocaffe.com\/it\/wp-json\/wp\/v2\/product\/24051","targetHints":{"allow":["GET"]}}],"collection":[{"href":"https:\/\/luganocaffe.com\/it\/wp-json\/wp\/v2\/product"}],"about":[{"href":"https:\/\/luganocaffe.com\/it\/wp-json\/wp\/v2\/types\/product"}],"version-history":[{"count":0,"href":"https:\/\/luganocaffe.com\/it\/wp-json\/wp\/v2\/product\/24051\/revisions"}],"wp:featuredmedia":[{"embeddable":true,"href":"https:\/\/luganocaffe.com\/it\/wp-json\/wp\/v2\/media\/24070"}],"wp:attachment":[{"href":"https:\/\/luganocaffe.com\/it\/wp-json\/wp\/v2\/media?parent=24051"}],"wp:term":[{"taxonomy":"product_brand","embeddable":true,"href":"https:\/\/luganocaffe.com\/it\/wp-json\/wp\/v2\/product_brand?post=24051"},{"taxonomy":"product_cat","embeddable":true,"href":"https:\/\/luganocaffe.com\/it\/wp-json\/wp\/v2\/product_cat?post=24051"},{"taxonomy":"product_tag","embeddable":true,"href":"https:\/\/luganocaffe.com\/it\/wp-json\/wp\/v2\/product_tag?post=24051"}],"curies":[{"name":"wp","href":"https:\/\/api.w.org\/{rel}","templated":true}]}}