{"id":24086,"date":"2025-11-02T08:51:50","date_gmt":"2025-11-02T08:51:50","guid":{"rendered":"https:\/\/luganocaffe.com\/product\/macchina-da-caffe-completamente-automatica-lidola-pro\/"},"modified":"2026-01-15T07:41:43","modified_gmt":"2026-01-15T07:41:43","slug":"macchina-da-caffe-completamente-automatica-lidola-pro","status":"publish","type":"product","link":"https:\/\/luganocaffe.com\/it\/prodotto\/macchina-da-caffe-completamente-automatica-lidola-pro\/","title":{"rendered":"Macchina da caff\u00e8 completamente automatica L&#8217;idola Pro"},"content":{"rendered":"\t\t<div data-elementor-type=\"wp-post\" data-elementor-id=\"24086\" class=\"elementor elementor-24086 elementor-21781\" data-elementor-post-type=\"product\">\n\t\t\t\t<div class=\"wd-negative-gap elementor-element elementor-element-526fbed e-flex e-con-boxed e-con e-parent\" data-id=\"526fbed\" data-element_type=\"container\" data-e-type=\"container\" data-settings=\"{&quot;background_background&quot;:&quot;classic&quot;}\">\n\t\t\t\t\t<div class=\"e-con-inner\">\n\t\t<div class=\"elementor-element elementor-element-5684692 e-grid e-con-full e-con e-child\" data-id=\"5684692\" data-element_type=\"container\" data-e-type=\"container\">\n\t\t<div class=\"elementor-element elementor-element-72e3f0e e-con-full e-flex e-con e-child\" data-id=\"72e3f0e\" data-element_type=\"container\" data-e-type=\"container\">\n\t\t<div class=\"elementor-element elementor-element-d444e7e e-con-full e-flex e-con e-child\" data-id=\"d444e7e\" data-element_type=\"container\" data-e-type=\"container\">\n\t\t\t\t<div class=\"elementor-element elementor-element-0aa38b5 wd-width-100 elementor-invisible elementor-widget elementor-widget-wd_title\" data-id=\"0aa38b5\" data-element_type=\"widget\" data-e-type=\"widget\" data-settings=\"{&quot;_animation&quot;:&quot;slideInUp&quot;}\" data-widget_type=\"wd_title.default\">\n\t\t\t\t<div class=\"elementor-widget-container\">\n\t\t\t\t\t\t\t<div class=\"title-wrapper wd-set-mb reset-last-child wd-title-color-default wd-title-style-default wd-title-size-default text-left\">\n\n\t\t\t\n\t\t\t<div class=\"liner-continer\">\n\t\t\t\t<h3 class=\"woodmart-title-container title wd-fontsize-l\">Macchina da caff\u00e8 completamente automatica L'idola Pro<\/h3> \n\t\t\t\t\t\t\t<\/div>\n\n\t\t\t\t\t\t\t<div class=\"title-after_title reset-last-child wd-fontsize-xs\">\n\t\t\t\t\t<p>Una soluzione di caff\u00e8 intelligente, lussuosa e multi-porzione per uffici di piccole e medie dimensioni e punti di servizio caff\u00e8.<\/p>\t\t\t\t<\/div>\n\t\t\t\t\t<\/div>\n\t\t\t\t\t\t<\/div>\n\t\t\t\t<\/div>\n\t\t\t\t<\/div>\n\t\t\t\t<div class=\"elementor-element elementor-element-3bc063c elementor-invisible elementor-widget elementor-widget-image\" data-id=\"3bc063c\" data-element_type=\"widget\" data-e-type=\"widget\" data-settings=\"{&quot;_animation&quot;:&quot;wd-anim-slide-from-bottom&quot;}\" data-widget_type=\"image.default\">\n\t\t\t\t<div class=\"elementor-widget-container\">\n\t\t\t\t\t\t\t\t\t\t\t\t\t\t\t<img decoding=\"async\" src=\"https:\/\/luganocaffe.com\/wp-content\/uploads\/elementor\/thumbs\/Lugano-Caffe-Lidola-Pro-Full-Automatic-Coffee-Machine-in-an-elite-position-re3up6f4o12ruzoi8otqrhl33xp34xxbbjadrhl5rk.jpg\" title=\"La macchina da caff\u00e8 completamente automatica L&#8217;idola Pro di Lugano Caff\u00e8 in una posizione privilegiata\" alt=\"La macchina da caff\u00e8 completamente automatica L&#039;idola Pro di Lugano Caff\u00e8 in una posizione privilegiata\" class=\"elementor-animation-float\" loading=\"lazy\" \/>\t\t\t\t\t\t\t\t\t\t\t\t\t\t\t<\/div>\n\t\t\t\t<\/div>\n\t\t\t\t<\/div>\n\t\t<div class=\"elementor-element elementor-element-2a68d83 e-con-full e-flex e-con e-child\" data-id=\"2a68d83\" data-element_type=\"container\" data-e-type=\"container\">\n\t\t\t\t<div class=\"elementor-element elementor-element-5cda689 elementor-invisible elementor-widget elementor-widget-image\" data-id=\"5cda689\" data-element_type=\"widget\" data-e-type=\"widget\" data-settings=\"{&quot;_animation&quot;:&quot;wd-anim-slide-from-bottom&quot;}\" data-widget_type=\"image.default\">\n\t\t\t\t<div class=\"elementor-widget-container\">\n\t\t\t\t\t\t\t\t\t\t\t\t\t\t\t<img decoding=\"async\" src=\"https:\/\/luganocaffe.com\/wp-content\/uploads\/elementor\/thumbs\/Lugano-Caffe-Lidola-Pro-Full-Automatic-Coffee-Machine-making-cappucino-drink-re3upa6hfd7x5fj1mqg91gmxhh6jzqc8o1wbolfl2o.jpg\" title=\"La macchina da caff\u00e8 completamente automatica L&#8217;idola Pro di Lugano Caff\u00e8 che prepara un cappuccino\" alt=\"La macchina da caff\u00e8 completamente automatica L&#039;idola Pro di Lugano Caff\u00e8 che prepara un cappuccino\" class=\"elementor-animation-float\" loading=\"lazy\" \/>\t\t\t\t\t\t\t\t\t\t\t\t\t\t\t<\/div>\n\t\t\t\t<\/div>\n\t\t\t\t<div class=\"elementor-element elementor-element-8fdecdf wd-width-100 elementor-invisible elementor-widget elementor-widget-wd_title\" data-id=\"8fdecdf\" data-element_type=\"widget\" data-e-type=\"widget\" data-settings=\"{&quot;_animation&quot;:&quot;slideInUp&quot;}\" data-widget_type=\"wd_title.default\">\n\t\t\t\t<div class=\"elementor-widget-container\">\n\t\t\t\t\t\t\t<div class=\"title-wrapper wd-set-mb reset-last-child wd-title-color-default wd-title-style-default wd-title-size-default text-left\">\n\n\t\t\t\n\t\t\t<div class=\"liner-continer\">\n\t\t\t\t<h3 class=\"woodmart-title-container title wd-fontsize-l\">Dai chicchi alla tazza<\/h3> \n\t\t\t\t\t\t\t<\/div>\n\n\t\t\t\t\t\t\t<div class=\"title-after_title reset-last-child wd-fontsize-xs\">\n\t\t\t\t\t<p>Dica addio alla difficolt\u00e0 di riempire manualmente il caff\u00e8 macinato. Mantenga le sue bevande fresche con il motore di macinazione integrato della nostra macchina completamente automatica. <\/p>\t\t\t\t<\/div>\n\t\t\t\t\t<\/div>\n\t\t\t\t\t\t<\/div>\n\t\t\t\t<\/div>\n\t\t\t\t<\/div>\n\t\t<div class=\"elementor-element elementor-element-8971fab e-con-full e-flex e-con e-child\" data-id=\"8971fab\" data-element_type=\"container\" data-e-type=\"container\">\n\t\t\t\t<div class=\"elementor-element elementor-element-fc0477f wd-width-100 elementor-invisible elementor-widget elementor-widget-wd_title\" data-id=\"fc0477f\" data-element_type=\"widget\" data-e-type=\"widget\" data-settings=\"{&quot;_animation&quot;:&quot;slideInUp&quot;}\" data-widget_type=\"wd_title.default\">\n\t\t\t\t<div class=\"elementor-widget-container\">\n\t\t\t\t\t\t\t<div class=\"title-wrapper wd-set-mb reset-last-child wd-title-color-default wd-title-style-default wd-title-size-default text-left\">\n\n\t\t\t\n\t\t\t<div class=\"liner-continer\">\n\t\t\t\t<h3 class=\"woodmart-title-container title wd-fontsize-l\">Design lussuoso e prestazioni convincenti<\/h3> \n\t\t\t\t\t\t\t<\/div>\n\n\t\t\t\t\t\t\t<div class=\"title-after_title reset-last-child wd-fontsize-xs\">\n\t\t\t\t\t<p>Uno stile moderno che attira l'attenzione, promosso da prestazioni elevate per servire i team e i visitatori del suo luogo di lavoro.<\/p>\t\t\t\t<\/div>\n\t\t\t\t\t<\/div>\n\t\t\t\t\t\t<\/div>\n\t\t\t\t<\/div>\n\t\t\t\t<div class=\"elementor-element elementor-element-b9233d9 elementor-invisible elementor-widget elementor-widget-image\" data-id=\"b9233d9\" data-element_type=\"widget\" data-e-type=\"widget\" data-settings=\"{&quot;_animation&quot;:&quot;wd-anim-slide-from-bottom&quot;}\" data-widget_type=\"image.default\">\n\t\t\t\t<div class=\"elementor-widget-container\">\n\t\t\t\t\t\t\t\t\t\t\t\t\t\t\t<img decoding=\"async\" src=\"https:\/\/luganocaffe.com\/wp-content\/uploads\/elementor\/thumbs\/using-the-touch-screen-of-Lugano-Caffe-Lidola-Pro-Full-Automatic-Coffee-Machine-re3updxu6pd2fvdl0s2rbforv0o0uir60ki9lpa0ds.jpg\" title=\"Utilizzo del touchscreen della macchina da caff\u00e8 completamente automatica L&#8217;idola Pro di Lugano Caff\u00e8\" alt=\"Utilizzo del touchscreen della macchina da caff\u00e8 completamente automatica L&#039;idola Pro di Lugano Caff\u00e8\" class=\"elementor-animation-float\" loading=\"lazy\" \/>\t\t\t\t\t\t\t\t\t\t\t\t\t\t\t<\/div>\n\t\t\t\t<\/div>\n\t\t\t\t<\/div>\n\t\t\t\t<\/div>\n\t\t\t\t\t<\/div>\n\t\t\t\t<\/div>\n\t\t<div class=\"wd-negative-gap elementor-element elementor-element-c4ee11b e-flex e-con-boxed e-con e-parent\" data-id=\"c4ee11b\" data-element_type=\"container\" data-e-type=\"container\" data-settings=\"{&quot;background_background&quot;:&quot;classic&quot;}\">\n\t\t\t\t\t<div class=\"e-con-inner\">\n\t\t<div class=\"elementor-element elementor-element-5df0176 e-grid e-con-full e-con e-child\" data-id=\"5df0176\" data-element_type=\"container\" data-e-type=\"container\">\n\t\t<div class=\"elementor-element elementor-element-aec9146 e-con-full e-flex e-con e-child\" data-id=\"aec9146\" data-element_type=\"container\" data-e-type=\"container\">\n\t\t<div class=\"elementor-element elementor-element-12421ed e-con-full e-flex e-con e-child\" data-id=\"12421ed\" data-element_type=\"container\" data-e-type=\"container\">\n\t\t\t\t<div class=\"elementor-element elementor-element-c21ba73 wd-width-100 elementor-invisible elementor-widget elementor-widget-wd_title\" data-id=\"c21ba73\" data-element_type=\"widget\" data-e-type=\"widget\" data-settings=\"{&quot;_animation&quot;:&quot;slideInUp&quot;}\" data-widget_type=\"wd_title.default\">\n\t\t\t\t<div class=\"elementor-widget-container\">\n\t\t\t\t\t\t\t<div class=\"title-wrapper wd-set-mb reset-last-child wd-title-color-default wd-title-style-default wd-title-size-default text-left\">\n\n\t\t\t\n\t\t\t<div class=\"liner-continer\">\n\t\t\t\t<h3 class=\"woodmart-title-container title wd-fontsize-l\">+20 bevande con sistema Android<\/h3> \n\t\t\t\t\t\t\t<\/div>\n\n\t\t\t\t\t\t\t<div class=\"title-after_title reset-last-child wd-fontsize-xs\">\n\t\t\t\t\t<p>Si goda uno schermo LCD a colori da 7'' gestito con sistema Android e modalit\u00e0 Wi-Fi. Basato sulla semplicit\u00e0 e sull'intelligenza per consentirle di personalizzare oltre 20 bevande. <\/p>\t\t\t\t<\/div>\n\t\t\t\t\t<\/div>\n\t\t\t\t\t\t<\/div>\n\t\t\t\t<\/div>\n\t\t\t\t<\/div>\n\t\t\t\t<div class=\"elementor-element elementor-element-8005d96 elementor-invisible elementor-widget elementor-widget-image\" data-id=\"8005d96\" data-element_type=\"widget\" data-e-type=\"widget\" data-settings=\"{&quot;_animation&quot;:&quot;wd-anim-slide-from-bottom&quot;}\" data-widget_type=\"image.default\">\n\t\t\t\t<div class=\"elementor-widget-container\">\n\t\t\t\t\t\t\t\t\t\t\t\t\t\t\t<img decoding=\"async\" src=\"https:\/\/luganocaffe.com\/wp-content\/uploads\/elementor\/thumbs\/Bevarage-touch-screen-selection-of-Lugano-Caffe-Lidola-Pro-Full-Automatic-Coffee-Machine-re3up7cyuv426ln5378dbzcjpbkgcn11nnxv8rjrlc.jpg\" title=\"Selezione delle bevande tramite touchscreen della macchina da caff\u00e8 completamente automatica L&#8217;idola Pro di Lugano Caff\u00e8\" alt=\"Selezione delle bevande tramite touchscreen della macchina da caff\u00e8 completamente automatica L&#039;idola Pro di Lugano Caff\u00e8\" class=\"elementor-animation-float\" loading=\"lazy\" \/>\t\t\t\t\t\t\t\t\t\t\t\t\t\t\t<\/div>\n\t\t\t\t<\/div>\n\t\t\t\t<\/div>\n\t\t<div class=\"elementor-element elementor-element-8db6c39 e-con-full e-flex e-con e-child\" data-id=\"8db6c39\" data-element_type=\"container\" data-e-type=\"container\">\n\t\t\t\t<div class=\"elementor-element elementor-element-c0e3a59 elementor-invisible elementor-widget elementor-widget-image\" data-id=\"c0e3a59\" data-element_type=\"widget\" data-e-type=\"widget\" data-settings=\"{&quot;_animation&quot;:&quot;wd-anim-slide-from-bottom&quot;}\" data-widget_type=\"image.default\">\n\t\t\t\t<div class=\"elementor-widget-container\">\n\t\t\t\t\t\t\t\t\t\t\t\t\t\t\t<img decoding=\"async\" src=\"https:\/\/luganocaffe.com\/wp-content\/uploads\/elementor\/thumbs\/4-synchronized-milk-cream-and-espresso-pouring-unites-of-Lugano-Caffe-Lidola-Pro-Full-Automatic-Coffee-Machine-re3upc25t1ahsngbbr9i6g5uo8xaf4jpcb7an5csq8.jpg\" title=\"4 unit\u00e0 sincronizzate di erogazione di panna di latte ed espresso della macchina da caff\u00e8 completamente automatica L&#8217;idola Pro di Lugano Caff\u00e8\" alt=\"4 unit\u00e0 sincronizzate di erogazione di panna di latte ed espresso della macchina da caff\u00e8 completamente automatica L&#039;idola Pro di Lugano Caff\u00e8\" class=\"elementor-animation-float\" loading=\"lazy\" \/>\t\t\t\t\t\t\t\t\t\t\t\t\t\t\t<\/div>\n\t\t\t\t<\/div>\n\t\t\t\t<div class=\"elementor-element elementor-element-0c4ef68 wd-width-100 elementor-invisible elementor-widget elementor-widget-wd_title\" data-id=\"0c4ef68\" data-element_type=\"widget\" data-e-type=\"widget\" data-settings=\"{&quot;_animation&quot;:&quot;slideInUp&quot;}\" data-widget_type=\"wd_title.default\">\n\t\t\t\t<div class=\"elementor-widget-container\">\n\t\t\t\t\t\t\t<div class=\"title-wrapper wd-set-mb reset-last-child wd-title-color-default wd-title-style-default wd-title-size-default text-left\">\n\n\t\t\t\n\t\t\t<div class=\"liner-continer\">\n\t\t\t\t<h3 class=\"woodmart-title-container title wd-fontsize-l\">Caff\u00e8 e schiuma di latte simultanei<\/h3> \n\t\t\t\t\t\t\t<\/div>\n\n\t\t\t\t\t\t\t<div class=\"title-after_title reset-last-child wd-fontsize-xs\">\n\t\t\t\t\t<p>L\u2019idola Pro offre un'erogazione stabile e ad alte prestazioni con doppia pompa, doppio riscaldamento e pressione a 19 bar. Le doppie uscite le consentono di preparare due tazze contemporaneamente. <\/p>\t\t\t\t<\/div>\n\t\t\t\t\t<\/div>\n\t\t\t\t\t\t<\/div>\n\t\t\t\t<\/div>\n\t\t\t\t<\/div>\n\t\t<div class=\"elementor-element elementor-element-63a5f75 e-con-full e-flex e-con e-child\" data-id=\"63a5f75\" data-element_type=\"container\" data-e-type=\"container\">\n\t\t\t\t<div class=\"elementor-element elementor-element-2f19708 wd-width-100 elementor-invisible elementor-widget elementor-widget-wd_title\" data-id=\"2f19708\" data-element_type=\"widget\" data-e-type=\"widget\" data-settings=\"{&quot;_animation&quot;:&quot;slideInUp&quot;}\" data-widget_type=\"wd_title.default\">\n\t\t\t\t<div class=\"elementor-widget-container\">\n\t\t\t\t\t\t\t<div class=\"title-wrapper wd-set-mb reset-last-child wd-title-color-default wd-title-style-default wd-title-size-default text-left\">\n\n\t\t\t\n\t\t\t<div class=\"liner-continer\">\n\t\t\t\t<h3 class=\"woodmart-title-container title wd-fontsize-l\">Non ha pi\u00f9 bisogno di un barista<\/h3> \n\t\t\t\t\t\t\t<\/div>\n\n\t\t\t\t\t\t\t<div class=\"title-after_title reset-last-child wd-fontsize-xs\">\n\t\t\t\t\t<p>La macchina L'idola Pro ha la capacit\u00e0 di essere collegata a un dispositivo di pagamento NFC per vendere caff\u00e8 come macchina self-service.<\/p>\t\t\t\t<\/div>\n\t\t\t\t\t<\/div>\n\t\t\t\t\t\t<\/div>\n\t\t\t\t<\/div>\n\t\t<div class=\"elementor-element elementor-element-f8a9b3c e-con-full e-flex e-con e-child\" data-id=\"f8a9b3c\" data-element_type=\"container\" data-e-type=\"container\">\n\t\t\t\t<div class=\"elementor-element elementor-element-6eaa10a wd-width-100 elementor-widget elementor-widget-wd_video\" data-id=\"6eaa10a\" data-element_type=\"widget\" data-e-type=\"widget\" data-widget_type=\"wd_video.default\">\n\t\t\t\t<div class=\"elementor-widget-container\">\n\t\t\t\t\t\n\t\t<div class=\"wd-el-video wd-action-without wd-video-hosted wd-with-aspect-ratio\">\n\t\t\t\t\t\t\t<video src=\"https:\/\/luganocaffe.com\/wp-content\/uploads\/2025\/11\/get.mp4\" playsinline loop muted autoplay><\/video>\t\t\t\n\t\t\t\n\t\t\t\n\t\t\t\t\t<\/div>\n\t\t\t\t\t\t<\/div>\n\t\t\t\t<\/div>\n\t\t\t\t<\/div>\n\t\t\t\t<\/div>\n\t\t\t\t<\/div>\n\t\t\t\t\t<\/div>\n\t\t\t\t<\/div>\n\t\t<div class=\"wd-negative-gap elementor-element elementor-element-d4a42bd e-flex e-con-boxed e-con e-parent\" data-id=\"d4a42bd\" data-element_type=\"container\" data-e-type=\"container\" data-settings=\"{&quot;background_background&quot;:&quot;classic&quot;}\">\n\t\t\t\t\t<div class=\"e-con-inner\">\n\t\t<div class=\"elementor-element elementor-element-4d1e2e7 e-con-full e-flex e-con e-child\" data-id=\"4d1e2e7\" data-element_type=\"container\" data-e-type=\"container\">\n\t\t\t\t<div class=\"elementor-element elementor-element-9d425b8 wd-width-100 elementor-invisible elementor-widget elementor-widget-wd_title\" data-id=\"9d425b8\" data-element_type=\"widget\" data-e-type=\"widget\" data-settings=\"{&quot;_animation&quot;:&quot;slideInUp&quot;}\" data-widget_type=\"wd_title.default\">\n\t\t\t\t<div class=\"elementor-widget-container\">\n\t\t\t\t\t\t\t<div class=\"title-wrapper wd-set-mb reset-last-child wd-title-color-default wd-title-style-default wd-title-size-default text-left\">\n\n\t\t\t\n\t\t\t<div class=\"liner-continer\">\n\t\t\t\t<h3 class=\"woodmart-title-container title wd-fontsize-l\">Caratteristiche tecniche<\/h3> \n\t\t\t\t\t\t\t<\/div>\n\n\t\t\t\t\t<\/div>\n\t\t\t\t\t\t<\/div>\n\t\t\t\t<\/div>\n\t\t\t\t<div class=\"elementor-element elementor-element-0f0b3ce color-scheme-inherit text-left elementor-widget elementor-widget-text-editor\" data-id=\"0f0b3ce\" data-element_type=\"widget\" data-e-type=\"widget\" data-widget_type=\"text-editor.default\">\n\t\t\t\t<div class=\"elementor-widget-container\">\n\t\t\t\t\t\t\t\t\t<table width=\"528\"><tbody><tr><td width=\"274\">Tensione\/Frequenza<\/td><td width=\"254\"><em>220-240 V\/50-60 Hz<\/em><\/td><\/tr><tr><td width=\"274\">Potenza di riscaldamento<\/td><td width=\"254\"><em>2700 W<\/em><\/td><\/tr><tr><td width=\"274\">Pressione della pompa<\/td><td width=\"254\"><em>19 bar<\/em><\/td><\/tr><tr><td width=\"274\">Capacit\u00e0 serbatoio acqua<\/td><td width=\"254\"><em>6 l\/acqua di rubinetto<\/em><\/td><\/tr><tr><td width=\"274\">Capacit\u00e0 contenitore chicchi<\/td><td width=\"254\"><em>1000 g<\/em><\/td><\/tr><tr><td width=\"274\">Capacit\u00e0 contenitore fondi di caff\u00e8<\/td><td width=\"254\"><em>30-35 porzioni<\/em><\/td><\/tr><tr><td width=\"274\">Sistema di pulizia integrato<\/td><td width=\"254\"><em>S\u00ec<\/em><\/td><\/tr><tr><td width=\"274\">Capacit\u00e0 vaschetta acque reflue<\/td><td width=\"254\"><em>2 l<\/em><\/td><\/tr><tr><td width=\"274\">Altezza erogatore caff\u00e8<\/td><td width=\"254\"><em>100~160 mm<\/em><\/td><\/tr><tr><td width=\"274\">Lunghezza cavo di alimentazione<\/td><td width=\"254\"><em>1,8 m<\/em><\/td><\/tr><tr><td width=\"274\">Dimensioni<\/td><td width=\"254\"><em>511*403*582 mm<\/em><\/td><\/tr><tr><td width=\"274\">Peso netto\/Peso lordo<\/td><td width=\"254\"><em>18,5 kg\/23 kg<\/em><\/td><\/tr><\/tbody><\/table><p> <\/p>\t\t\t\t\t\t\t\t<\/div>\n\t\t\t\t<\/div>\n\t\t\t\t<\/div>\n\t\t\t\t\t<\/div>\n\t\t\t\t<\/div>\n\t\t\t\t<\/div>\n\t\t","protected":false},"excerpt":{"rendered":"<p>L&#8217;idola Pro, la macchina da caff\u00e8 completamente automatica di Lugano Caff\u00e8, \u00e8 una macchina da caff\u00e8 di qualit\u00e0 superiore, dai chicchi alla tazza, che ti offre il piacere di macinare facilmente i chicchi di caff\u00e8 e preparare oltre 20 bevande a base di caff\u00e8 fresco e aromatico.<\/p>\n<p>Il suo gruppo erogatore brevettato, la grande capacit\u00e0, il tempo di risposta rapido e la possibilit\u00e0 di essere utilizzata contemporaneamente per caff\u00e8 e latte\/schiuma rendono la macchina L&#8217;idola Pro la scelta ideale per uffici di piccole e medie dimensioni, hotel, case moderne, stazioni di servizio e piccoli bar.<\/p>\n","protected":false},"featured_media":24089,"template":"","meta":[],"product_brand":[],"product_cat":[116],"product_tag":[],"class_list":{"0":"post-24086","1":"product","2":"type-product","3":"status-publish","4":"has-post-thumbnail","6":"product_cat-macchine-da-caffe","8":"first","9":"instock","10":"shipping-taxable","11":"product-type-simple"},"_links":{"self":[{"href":"https:\/\/luganocaffe.com\/it\/wp-json\/wp\/v2\/product\/24086","targetHints":{"allow":["GET"]}}],"collection":[{"href":"https:\/\/luganocaffe.com\/it\/wp-json\/wp\/v2\/product"}],"about":[{"href":"https:\/\/luganocaffe.com\/it\/wp-json\/wp\/v2\/types\/product"}],"version-history":[{"count":0,"href":"https:\/\/luganocaffe.com\/it\/wp-json\/wp\/v2\/product\/24086\/revisions"}],"wp:featuredmedia":[{"embeddable":true,"href":"https:\/\/luganocaffe.com\/it\/wp-json\/wp\/v2\/media\/24089"}],"wp:attachment":[{"href":"https:\/\/luganocaffe.com\/it\/wp-json\/wp\/v2\/media?parent=24086"}],"wp:term":[{"taxonomy":"product_brand","embeddable":true,"href":"https:\/\/luganocaffe.com\/it\/wp-json\/wp\/v2\/product_brand?post=24086"},{"taxonomy":"product_cat","embeddable":true,"href":"https:\/\/luganocaffe.com\/it\/wp-json\/wp\/v2\/product_cat?post=24086"},{"taxonomy":"product_tag","embeddable":true,"href":"https:\/\/luganocaffe.com\/it\/wp-json\/wp\/v2\/product_tag?post=24086"}],"curies":[{"name":"wp","href":"https:\/\/api.w.org\/{rel}","templated":true}]}}