{"id":24104,"date":"2025-11-02T11:07:41","date_gmt":"2025-11-02T11:07:41","guid":{"rendered":"https:\/\/luganocaffe.com\/product\/macchina-da-caffe-completamente-automatica-lidola-advance\/"},"modified":"2026-01-15T07:41:43","modified_gmt":"2026-01-15T07:41:43","slug":"macchina-da-caffe-completamente-automatica-lidola-advance","status":"publish","type":"product","link":"https:\/\/luganocaffe.com\/it\/prodotto\/macchina-da-caffe-completamente-automatica-lidola-advance\/","title":{"rendered":"Macchina da caff\u00e8 completamente automatica L&#8217;idola Advance"},"content":{"rendered":"\t\t<div data-elementor-type=\"wp-post\" data-elementor-id=\"24104\" class=\"elementor elementor-24104 elementor-21861\" data-elementor-post-type=\"product\">\n\t\t\t\t<div class=\"wd-negative-gap elementor-element elementor-element-526fbed e-flex e-con-boxed e-con e-parent\" data-id=\"526fbed\" data-element_type=\"container\" data-e-type=\"container\" data-settings=\"{&quot;background_background&quot;:&quot;classic&quot;}\">\n\t\t\t\t\t<div class=\"e-con-inner\">\n\t\t<div class=\"elementor-element elementor-element-5684692 e-grid e-con-full e-con e-child\" data-id=\"5684692\" data-element_type=\"container\" data-e-type=\"container\">\n\t\t<div class=\"elementor-element elementor-element-72e3f0e e-con-full e-flex e-con e-child\" data-id=\"72e3f0e\" data-element_type=\"container\" data-e-type=\"container\">\n\t\t<div class=\"elementor-element elementor-element-d444e7e e-con-full e-flex e-con e-child\" data-id=\"d444e7e\" data-element_type=\"container\" data-e-type=\"container\">\n\t\t\t\t<div class=\"elementor-element elementor-element-0aa38b5 wd-width-100 elementor-invisible elementor-widget elementor-widget-wd_title\" data-id=\"0aa38b5\" data-element_type=\"widget\" data-e-type=\"widget\" data-settings=\"{&quot;_animation&quot;:&quot;slideInUp&quot;}\" data-widget_type=\"wd_title.default\">\n\t\t\t\t<div class=\"elementor-widget-container\">\n\t\t\t\t\t\t\t<div class=\"title-wrapper wd-set-mb reset-last-child wd-title-color-default wd-title-style-default wd-title-size-default text-left\">\n\n\t\t\t\n\t\t\t<div class=\"liner-continer\">\n\t\t\t\t<h3 class=\"woodmart-title-container title wd-fontsize-l\">Macchina da caff\u00e8 completamente automatica L\u2019idola Advance<\/h3> \n\t\t\t\t\t\t\t<\/div>\n\n\t\t\t\t\t\t\t<div class=\"title-after_title reset-last-child wd-fontsize-xs\">\n\t\t\t\t\t<p>Offre espresso dorato e schiuma di latte cremosa. Crea un'esperienza di consumo elevata. <\/p>\t\t\t\t<\/div>\n\t\t\t\t\t<\/div>\n\t\t\t\t\t\t<\/div>\n\t\t\t\t<\/div>\n\t\t\t\t<\/div>\n\t\t\t\t<div class=\"elementor-element elementor-element-3bc063c elementor-invisible elementor-widget elementor-widget-image\" data-id=\"3bc063c\" data-element_type=\"widget\" data-e-type=\"widget\" data-settings=\"{&quot;_animation&quot;:&quot;wd-anim-slide-from-bottom&quot;}\" data-widget_type=\"image.default\">\n\t\t\t\t<div class=\"elementor-widget-container\">\n\t\t\t\t\t\t\t\t\t\t\t\t\t\t\t<img decoding=\"async\" src=\"https:\/\/luganocaffe.com\/wp-content\/uploads\/elementor\/thumbs\/Lidola-Advance-Full-Automatic-Coffee-Machine-in-an-elite-composition-re40prederk90f2yjt42sc1mn46rq8qs3ir1lqgi28.jpg\" title=\"L&#8217;idola Advance Macchina da caff\u00e8 completamente automatica in una composizione d&#8217;\u00e9lite\" alt=\"L&#039;idola Advance Macchina da caff\u00e8 completamente automatica in una composizione d&#039;\u00e9lite\" class=\"elementor-animation-float\" loading=\"lazy\" \/>\t\t\t\t\t\t\t\t\t\t\t\t\t\t\t<\/div>\n\t\t\t\t<\/div>\n\t\t\t\t<\/div>\n\t\t<div class=\"elementor-element elementor-element-2a68d83 e-con-full e-flex e-con e-child\" data-id=\"2a68d83\" data-element_type=\"container\" data-e-type=\"container\">\n\t\t\t\t<div class=\"elementor-element elementor-element-5cda689 elementor-invisible elementor-widget elementor-widget-image\" data-id=\"5cda689\" data-element_type=\"widget\" data-e-type=\"widget\" data-settings=\"{&quot;_animation&quot;:&quot;wd-anim-slide-from-bottom&quot;}\" data-widget_type=\"image.default\">\n\t\t\t\t<div class=\"elementor-widget-container\">\n\t\t\t\t\t\t\t\t\t\t\t\t\t\t\t<img decoding=\"async\" src=\"https:\/\/luganocaffe.com\/wp-content\/uploads\/elementor\/thumbs\/Lidola-Advance-Full-Automatic-Coffee-Machine-Grinding-Motor-Controller-re40psc7llljc11lebipctt38i24xxuifnej30f3w0.jpg\" title=\"L&#8217;idola Advance Macchina da caff\u00e8 completamente automatica Controller del motore di macinazione\" alt=\"L&#039;idola Advance Macchina da caff\u00e8 completamente automatica Controller del motore di macinazione\" class=\"elementor-animation-float\" loading=\"lazy\" \/>\t\t\t\t\t\t\t\t\t\t\t\t\t\t\t<\/div>\n\t\t\t\t<\/div>\n\t\t\t\t<div class=\"elementor-element elementor-element-8fdecdf wd-width-100 elementor-invisible elementor-widget elementor-widget-wd_title\" data-id=\"8fdecdf\" data-element_type=\"widget\" data-e-type=\"widget\" data-settings=\"{&quot;_animation&quot;:&quot;slideInUp&quot;}\" data-widget_type=\"wd_title.default\">\n\t\t\t\t<div class=\"elementor-widget-container\">\n\t\t\t\t\t\t\t<div class=\"title-wrapper wd-set-mb reset-last-child wd-title-color-default wd-title-style-default wd-title-size-default text-left\">\n\n\t\t\t\n\t\t\t<div class=\"liner-continer\">\n\t\t\t\t<h3 class=\"woodmart-title-container title wd-fontsize-l\"> Uscita stabile giorno dopo giorno<\/h3> \n\t\t\t\t\t\t\t<\/div>\n\n\t\t\t\t\t\t\t<div class=\"title-after_title reset-last-child wd-fontsize-xs\">\n\t\t\t\t\t<p>I sistemi di macinazione, erogazione e acqua completamente aggiornati garantiscono sia un'estrazione di alto livello sia la stabilit\u00e0 complessiva della macchina.<\/p>\t\t\t\t<\/div>\n\t\t\t\t\t<\/div>\n\t\t\t\t\t\t<\/div>\n\t\t\t\t<\/div>\n\t\t\t\t<\/div>\n\t\t<div class=\"elementor-element elementor-element-8971fab e-con-full e-flex e-con e-child\" data-id=\"8971fab\" data-element_type=\"container\" data-e-type=\"container\">\n\t\t\t\t<div class=\"elementor-element elementor-element-fc0477f wd-width-100 elementor-invisible elementor-widget elementor-widget-wd_title\" data-id=\"fc0477f\" data-element_type=\"widget\" data-e-type=\"widget\" data-settings=\"{&quot;_animation&quot;:&quot;slideInUp&quot;}\" data-widget_type=\"wd_title.default\">\n\t\t\t\t<div class=\"elementor-widget-container\">\n\t\t\t\t\t\t\t<div class=\"title-wrapper wd-set-mb reset-last-child wd-title-color-default wd-title-style-default wd-title-size-default text-left\">\n\n\t\t\t\n\t\t\t<div class=\"liner-continer\">\n\t\t\t\t<h3 class=\"woodmart-title-container title wd-fontsize-l\">Serbatoio chicchi fino a 50 porzioni<\/h3> \n\t\t\t\t\t\t\t<\/div>\n\n\t\t\t\t\t\t\t<div class=\"title-after_title reset-last-child wd-fontsize-xs\">\n\t\t\t\t\t<p>La macchina da caff\u00e8 L'idola Advance ha un contenitore per fondi di caff\u00e8 fino a 50 porzioni e un collegamento di scarico opzionale.<\/p>\t\t\t\t<\/div>\n\t\t\t\t\t<\/div>\n\t\t\t\t\t\t<\/div>\n\t\t\t\t<\/div>\n\t\t\t\t<div class=\"elementor-element elementor-element-b9233d9 elementor-invisible elementor-widget elementor-widget-image\" data-id=\"b9233d9\" data-element_type=\"widget\" data-e-type=\"widget\" data-settings=\"{&quot;_animation&quot;:&quot;wd-anim-slide-from-bottom&quot;}\" data-widget_type=\"image.default\">\n\t\t\t\t<div class=\"elementor-widget-container\">\n\t\t\t\t\t\t\t\t\t\t\t\t\t\t\t<img decoding=\"async\" src=\"https:\/\/luganocaffe.com\/wp-content\/uploads\/elementor\/thumbs\/Lidola-Advance-Full-Automatic-Coffee-Machine-Coffee-bean-tank-and-cups-panel-re40pta1sfmtnn088txbxbkjtvxi5my8rs20kadpps.jpg\" title=\"L&#8217;idola Advance Macchina da caff\u00e8 completamente automatica Serbatoio chicchi di caff\u00e8 e pannello tazze\" alt=\"L&#039;idola Advance Macchina da caff\u00e8 completamente automatica Serbatoio chicchi di caff\u00e8 e pannello tazze\" class=\"elementor-animation-float\" loading=\"lazy\" \/>\t\t\t\t\t\t\t\t\t\t\t\t\t\t\t<\/div>\n\t\t\t\t<\/div>\n\t\t\t\t<\/div>\n\t\t\t\t<\/div>\n\t\t\t\t\t<\/div>\n\t\t\t\t<\/div>\n\t\t<div class=\"wd-negative-gap elementor-element elementor-element-c4ee11b e-flex e-con-boxed e-con e-parent\" data-id=\"c4ee11b\" data-element_type=\"container\" data-e-type=\"container\" data-settings=\"{&quot;background_background&quot;:&quot;classic&quot;}\">\n\t\t\t\t\t<div class=\"e-con-inner\">\n\t\t<div class=\"elementor-element elementor-element-5df0176 e-grid e-con-full e-con e-child\" data-id=\"5df0176\" data-element_type=\"container\" data-e-type=\"container\">\n\t\t<div class=\"elementor-element elementor-element-aec9146 e-con-full e-flex e-con e-child\" data-id=\"aec9146\" data-element_type=\"container\" data-e-type=\"container\">\n\t\t<div class=\"elementor-element elementor-element-12421ed e-con-full e-flex e-con e-child\" data-id=\"12421ed\" data-element_type=\"container\" data-e-type=\"container\">\n\t\t\t\t<div class=\"elementor-element elementor-element-c21ba73 wd-width-100 elementor-invisible elementor-widget elementor-widget-wd_title\" data-id=\"c21ba73\" data-element_type=\"widget\" data-e-type=\"widget\" data-settings=\"{&quot;_animation&quot;:&quot;slideInUp&quot;}\" data-widget_type=\"wd_title.default\">\n\t\t\t\t<div class=\"elementor-widget-container\">\n\t\t\t\t\t\t\t<div class=\"title-wrapper wd-set-mb reset-last-child wd-title-color-default wd-title-style-default wd-title-size-default text-left\">\n\n\t\t\t\n\t\t\t<div class=\"liner-continer\">\n\t\t\t\t<h3 class=\"woodmart-title-container title wd-fontsize-l\">Elevata efficienza e prestazioni<\/h3> \n\t\t\t\t\t\t\t<\/div>\n\n\t\t\t\t\t\t\t<div class=\"title-after_title reset-last-child wd-fontsize-xs\">\n\t\t\t\t\t<p>Fornita di sistema a doppio thermoblock, pu\u00f2 preparare latte e caff\u00e8, acqua calda e caff\u00e8 contemporaneamente, garantendo al contempo la massima qualit\u00e0 in tazza.<\/p>\t\t\t\t<\/div>\n\t\t\t\t\t<\/div>\n\t\t\t\t\t\t<\/div>\n\t\t\t\t<\/div>\n\t\t\t\t<\/div>\n\t\t\t\t<div class=\"elementor-element elementor-element-8005d96 elementor-invisible elementor-widget elementor-widget-image\" data-id=\"8005d96\" data-element_type=\"widget\" data-e-type=\"widget\" data-settings=\"{&quot;_animation&quot;:&quot;wd-anim-slide-from-bottom&quot;}\" data-widget_type=\"image.default\">\n\t\t\t\t<div class=\"elementor-widget-container\">\n\t\t\t\t\t\t\t\t\t\t\t\t\t\t\t<img decoding=\"async\" src=\"https:\/\/luganocaffe.com\/wp-content\/uploads\/elementor\/thumbs\/Lidola-Advance-Full-Automatice-Coffee-Machine-4-simultaneous-milk-cream-and-coffee-pouring-units-re40ppip13hod75ousatncipgcg1aujbf9g2n6jaeo.jpg\" title=\"L&#8217;idola Advance Macchina da caff\u00e8 completamente automatica 4 unit\u00e0 di erogazione simultanea di panna e caff\u00e8\" alt=\"L&#039;idola Advance Macchina da caff\u00e8 completamente automatica 4 unit\u00e0 di erogazione simultanea di panna e caff\u00e8\" class=\"elementor-animation-float\" loading=\"lazy\" \/>\t\t\t\t\t\t\t\t\t\t\t\t\t\t\t<\/div>\n\t\t\t\t<\/div>\n\t\t\t\t<\/div>\n\t\t<div class=\"elementor-element elementor-element-8db6c39 e-con-full e-flex e-con e-child\" data-id=\"8db6c39\" data-element_type=\"container\" data-e-type=\"container\">\n\t\t\t\t<div class=\"elementor-element elementor-element-c0e3a59 elementor-invisible elementor-widget elementor-widget-image\" data-id=\"c0e3a59\" data-element_type=\"widget\" data-e-type=\"widget\" data-settings=\"{&quot;_animation&quot;:&quot;wd-anim-slide-from-bottom&quot;}\" data-widget_type=\"image.default\">\n\t\t\t\t<div class=\"elementor-widget-container\">\n\t\t\t\t\t\t\t\t\t\t\t\t\t\t\t<img decoding=\"async\" src=\"https:\/\/luganocaffe.com\/wp-content\/uploads\/elementor\/thumbs\/Lidola-Advance-Full-Automatice-Coffee-Machine-Removable-Pouring-Unit-for-easy-cleaning-re40pv5q63peauxhxuql2b3h0no8l15pg1cziuaxdc.jpg\" title=\"L&#8217;idola Advance Macchina da caff\u00e8 completamente automatica Unit\u00e0 di erogazione rimovibile per una facile pulizia\" alt=\"L&#039;idola Advance Macchina da caff\u00e8 completamente automatica Unit\u00e0 di erogazione rimovibile per una facile pulizia\" class=\"elementor-animation-float\" loading=\"lazy\" \/>\t\t\t\t\t\t\t\t\t\t\t\t\t\t\t<\/div>\n\t\t\t\t<\/div>\n\t\t\t\t<div class=\"elementor-element elementor-element-0c4ef68 wd-width-100 elementor-invisible elementor-widget elementor-widget-wd_title\" data-id=\"0c4ef68\" data-element_type=\"widget\" data-e-type=\"widget\" data-settings=\"{&quot;_animation&quot;:&quot;slideInUp&quot;}\" data-widget_type=\"wd_title.default\">\n\t\t\t\t<div class=\"elementor-widget-container\">\n\t\t\t\t\t\t\t<div class=\"title-wrapper wd-set-mb reset-last-child wd-title-color-default wd-title-style-default wd-title-size-default text-left\">\n\n\t\t\t\n\t\t\t<div class=\"liner-continer\">\n\t\t\t\t<h3 class=\"woodmart-title-container title wd-fontsize-l\">Pulizia automatica facile e intelligente<br \/>\n<\/h3> \n\t\t\t\t\t\t\t<\/div>\n\n\t\t\t\t\t\t\t<div class=\"title-after_title reset-last-child wd-fontsize-xs\">\n\t\t\t\t\t<p>Il sistema automatico di pulizia della schiuma di latte rende la manutenzione un gioco da ragazzi e garantisce un'igiene senza preoccupazioni. Gli ugelli di uscita sono rimovibili per una pulizia extra. <\/p>\t\t\t\t<\/div>\n\t\t\t\t\t<\/div>\n\t\t\t\t\t\t<\/div>\n\t\t\t\t<\/div>\n\t\t\t\t<\/div>\n\t\t<div class=\"elementor-element elementor-element-63a5f75 e-con-full e-flex e-con e-child\" data-id=\"63a5f75\" data-element_type=\"container\" data-e-type=\"container\">\n\t\t\t\t<div class=\"elementor-element elementor-element-2f19708 wd-width-100 elementor-invisible elementor-widget elementor-widget-wd_title\" data-id=\"2f19708\" data-element_type=\"widget\" data-e-type=\"widget\" data-settings=\"{&quot;_animation&quot;:&quot;slideInUp&quot;}\" data-widget_type=\"wd_title.default\">\n\t\t\t\t<div class=\"elementor-widget-container\">\n\t\t\t\t\t\t\t<div class=\"title-wrapper wd-set-mb reset-last-child wd-title-color-default wd-title-style-default wd-title-size-default text-left\">\n\n\t\t\t\n\t\t\t<div class=\"liner-continer\">\n\t\t\t\t<h3 class=\"woodmart-title-container title wd-fontsize-l\">Barista 24 ore su 24<\/h3> \n\t\t\t\t\t\t\t<\/div>\n\n\t\t\t\t\t\t\t<div class=\"title-after_title reset-last-child wd-fontsize-xs\">\n\t\t\t\t\t<p>La macchina supporta il pagamento con carta (modulo MDB), ideale per le zone self-service, e ha la funzione di reporting per il monitoraggio continuo dei consumi e della manutenzione.<\/p>\t\t\t\t<\/div>\n\t\t\t\t\t<\/div>\n\t\t\t\t\t\t<\/div>\n\t\t\t\t<\/div>\n\t\t<div class=\"elementor-element elementor-element-f8a9b3c e-con-full e-flex e-con e-child\" data-id=\"f8a9b3c\" data-element_type=\"container\" data-e-type=\"container\">\n\t\t\t\t<div class=\"elementor-element elementor-element-6eaa10a wd-width-100 elementor-widget elementor-widget-wd_video\" data-id=\"6eaa10a\" data-element_type=\"widget\" data-e-type=\"widget\" data-widget_type=\"wd_video.default\">\n\t\t\t\t<div class=\"elementor-widget-container\">\n\t\t\t\t\t\n\t\t<div class=\"wd-el-video wd-action-without wd-video-hosted wd-with-aspect-ratio\">\n\t\t\t\t\t\t\t<video src=\"https:\/\/luganocaffe.com\/wp-content\/uploads\/2025\/11\/Lidola-Advance-Full-Automatic-Coffee-Machine.mp4\" playsinline loop muted autoplay><\/video>\t\t\t\n\t\t\t\n\t\t\t\n\t\t\t\t\t<\/div>\n\t\t\t\t\t\t<\/div>\n\t\t\t\t<\/div>\n\t\t\t\t<\/div>\n\t\t\t\t<\/div>\n\t\t\t\t<\/div>\n\t\t\t\t\t<\/div>\n\t\t\t\t<\/div>\n\t\t<div class=\"wd-negative-gap elementor-element elementor-element-d4a42bd e-flex e-con-boxed e-con e-parent\" data-id=\"d4a42bd\" data-element_type=\"container\" data-e-type=\"container\" data-settings=\"{&quot;background_background&quot;:&quot;classic&quot;}\">\n\t\t\t\t\t<div class=\"e-con-inner\">\n\t\t<div class=\"elementor-element elementor-element-4d1e2e7 e-con-full e-flex e-con e-child\" data-id=\"4d1e2e7\" data-element_type=\"container\" data-e-type=\"container\">\n\t\t\t\t<div class=\"elementor-element elementor-element-9d425b8 wd-width-100 elementor-invisible elementor-widget elementor-widget-wd_title\" data-id=\"9d425b8\" data-element_type=\"widget\" data-e-type=\"widget\" data-settings=\"{&quot;_animation&quot;:&quot;slideInUp&quot;}\" data-widget_type=\"wd_title.default\">\n\t\t\t\t<div class=\"elementor-widget-container\">\n\t\t\t\t\t\t\t<div class=\"title-wrapper wd-set-mb reset-last-child wd-title-color-default wd-title-style-default wd-title-size-default text-left\">\n\n\t\t\t\n\t\t\t<div class=\"liner-continer\">\n\t\t\t\t<h3 class=\"woodmart-title-container title wd-fontsize-l\">Caratteristiche tecniche<\/h3> \n\t\t\t\t\t\t\t<\/div>\n\n\t\t\t\t\t<\/div>\n\t\t\t\t\t\t<\/div>\n\t\t\t\t<\/div>\n\t\t\t\t<div class=\"elementor-element elementor-element-0f0b3ce color-scheme-inherit text-left elementor-widget elementor-widget-text-editor\" data-id=\"0f0b3ce\" data-element_type=\"widget\" data-e-type=\"widget\" data-widget_type=\"text-editor.default\">\n\t\t\t\t<div class=\"elementor-widget-container\">\n\t\t\t\t\t\t\t\t\t<table>\n  <thead>\n    <tr>\n      <th>Caratteristica tecnica<\/th>\n      <th>Valore<\/th>\n    <\/tr>\n  <\/thead>\n  <tbody>\n\n    <tr><td>Consumo energetico<\/td><td>3100 W<\/td><\/tr>\n    <tr><td>Macinino<\/td><td>Acciaio, conico<\/td><\/tr>\n    <tr><td>Elemento riscaldante<\/td><td>2 Thermoblock<\/td><\/tr>\n    <tr><td>Contenitore chicchi di caff\u00e8<\/td><td>1000 g (1 kg)<\/td><\/tr>\n    <tr><td>Capacit\u00e0 serbatoio acqua<\/td><td>6 L<\/td><\/tr>\n    <tr><td>Contenitore caff\u00e8 macinato<\/td><td>Fino a 50 porzioni<\/td><\/tr>\n    <tr><td>Supporto per il pagamento<\/td><td>MDB, supporto per carte<\/td><\/tr>\n    <tr><td>Telemetria \/ MailReport<\/td><td>S\u00ec<\/td><\/tr>\n    <tr><td>Collegamento acqua e scarico<\/td><td>S\u00ec (opzionale)<\/td><\/tr> \n    <tr><td>Sistema di montaggio del latte<\/td><td>S\u00ec<\/td><\/tr>\n    <tr><td>Cappuccino one-touch<\/td><td>S\u00ec<\/td><\/tr>\n    <tr><td>Touch screen<\/td><td>7&#8243; Andriod<\/td><\/tr> \n    <tr><td>Pulizia automatica<\/td><td>S\u00ec<\/td><\/tr>\n    <tr><td>Dimensioni<\/td><td>390 \u00d7 545 \u00d7 580 mm<\/td><\/tr>\n    <tr><td>Altezza del lavandino<\/td><td>80\u2013150 mm<\/td><\/tr> \n  <\/tbody>\n<\/table>\t\t\t\t\t\t\t\t<\/div>\n\t\t\t\t<\/div>\n\t\t\t\t<\/div>\n\t\t\t\t\t<\/div>\n\t\t\t\t<\/div>\n\t\t\t\t<\/div>\n\t\t","protected":false},"excerpt":{"rendered":"<p>La macchina da caff\u00e8 completamente automatica L&#8217;idola Advance di Lugano Caff\u00e8 \u00e8 la scelta affidabile per ambienti Office Coffee Service (OCS) ad alto traffico.<br \/>\nL&#8217;idola Advance offre un servizio ininterrotto dalle corse mattutine ai turni di notte in hotel, catene di minimarket (CVS) e ristoranti a servizio completo.<\/p>\n","protected":false},"featured_media":23974,"template":"","meta":[],"product_brand":[],"product_cat":[116],"product_tag":[],"class_list":{"0":"post-24104","1":"product","2":"type-product","3":"status-publish","4":"has-post-thumbnail","6":"product_cat-macchine-da-caffe","8":"first","9":"instock","10":"shipping-taxable","11":"product-type-simple"},"_links":{"self":[{"href":"https:\/\/luganocaffe.com\/it\/wp-json\/wp\/v2\/product\/24104","targetHints":{"allow":["GET"]}}],"collection":[{"href":"https:\/\/luganocaffe.com\/it\/wp-json\/wp\/v2\/product"}],"about":[{"href":"https:\/\/luganocaffe.com\/it\/wp-json\/wp\/v2\/types\/product"}],"version-history":[{"count":0,"href":"https:\/\/luganocaffe.com\/it\/wp-json\/wp\/v2\/product\/24104\/revisions"}],"wp:featuredmedia":[{"embeddable":true,"href":"https:\/\/luganocaffe.com\/it\/wp-json\/wp\/v2\/media\/23974"}],"wp:attachment":[{"href":"https:\/\/luganocaffe.com\/it\/wp-json\/wp\/v2\/media?parent=24104"}],"wp:term":[{"taxonomy":"product_brand","embeddable":true,"href":"https:\/\/luganocaffe.com\/it\/wp-json\/wp\/v2\/product_brand?post=24104"},{"taxonomy":"product_cat","embeddable":true,"href":"https:\/\/luganocaffe.com\/it\/wp-json\/wp\/v2\/product_cat?post=24104"},{"taxonomy":"product_tag","embeddable":true,"href":"https:\/\/luganocaffe.com\/it\/wp-json\/wp\/v2\/product_tag?post=24104"}],"curies":[{"name":"wp","href":"https:\/\/api.w.org\/{rel}","templated":true}]}}