{"id":24129,"date":"2025-04-13T22:38:42","date_gmt":"2025-04-13T22:38:42","guid":{"rendered":"https:\/\/luganocaffe.com\/product\/capsule-espresso-strong-compatibili-con-dolce-gusto-10-pz\/"},"modified":"2026-01-15T07:41:45","modified_gmt":"2026-01-15T07:41:45","slug":"capsule-espresso-strong-compatibili-con-dolce-gusto-10-pz","status":"publish","type":"product","link":"https:\/\/luganocaffe.com\/it\/prodotto\/capsule-espresso-strong-compatibili-con-dolce-gusto-10-pz\/","title":{"rendered":"Capsule Espresso Strong compatibili con Dolce Gusto, 10 pz."},"content":{"rendered":"\t\t<div data-elementor-type=\"product-post\" data-elementor-id=\"24129\" class=\"elementor elementor-24129 elementor-19695\" data-elementor-post-type=\"product\">\n\t\t\t\t<div class=\"wd-negative-gap elementor-element elementor-element-482a325 e-flex e-con-boxed e-con e-parent\" data-id=\"482a325\" data-element_type=\"container\" data-e-type=\"container\" data-settings=\"{&quot;background_background&quot;:&quot;classic&quot;}\">\n\t\t\t\t\t<div class=\"e-con-inner\">\n\t\t\t\t<div class=\"elementor-element elementor-element-f54009a wd-width-100 elementor-invisible elementor-widget elementor-widget-wd_title\" data-id=\"f54009a\" data-element_type=\"widget\" data-e-type=\"widget\" data-settings=\"{&quot;_animation&quot;:&quot;slideInUp&quot;}\" data-widget_type=\"wd_title.default\">\n\t\t\t\t<div class=\"elementor-widget-container\">\n\t\t\t\t\t\t\t<div class=\"title-wrapper wd-set-mb reset-last-child wd-title-color-default wd-title-style-default wd-title-size-default text-center\">\n\n\t\t\t\n\t\t\t<div class=\"liner-continer\">\n\t\t\t\t<h2 class=\"woodmart-title-container title wd-fontsize-l\">Caratteristiche del prodotto<\/h2> \n\t\t\t\t\t\t\t<\/div>\n\n\t\t\t\t\t<\/div>\n\t\t\t\t\t\t<\/div>\n\t\t\t\t<\/div>\n\t\t<div class=\"elementor-element elementor-element-09923f3 e-con-full e-grid e-con e-child\" data-id=\"09923f3\" data-element_type=\"container\" data-e-type=\"container\">\n\t\t\t\t<div class=\"elementor-element elementor-element-eb77a2a elementor-widget elementor-widget-wd_infobox\" data-id=\"eb77a2a\" data-element_type=\"widget\" data-e-type=\"widget\" data-widget_type=\"wd_infobox.default\">\n\t\t\t\t<div class=\"elementor-widget-container\">\n\t\t\t\t\t\t\t<div class=\"info-box-wrapper\">\n\t\t\t<div class=\"wd-info-box text-center box-icon-align-top box-style-base color-scheme-\">\n\t\t\t\t\t\t\t\t\t<div class=\"box-icon-wrapper  box-with-icon box-icon-with-bg\">\n\t\t\t\t\t\t<div class=\"info-box-icon\">\n\t\t\t\t\t\t\t\t\t\t\t\t\t\t\t<img loading=\"lazy\" decoding=\"async\" width=\"50\" height=\"50\" src=\"https:\/\/luganocaffe.com\/wp-content\/uploads\/2025\/04\/coffee-plant-50x50.png\" class=\"attachment-50x50 size-50x50\" alt=\"coffee-plant icon\" srcset=\"https:\/\/luganocaffe.com\/wp-content\/uploads\/2025\/04\/coffee-plant-50x50.png 50w, https:\/\/luganocaffe.com\/wp-content\/uploads\/2025\/04\/coffee-plant.png 128w\" sizes=\"auto, (max-width: 50px) 100vw, 50px\" \/>\t\t\t\t\t\t\t\t\t\t\t\t\t<\/div>\n\t\t\t\t\t<\/div>\n\t\t\t\t\n\t\t\t\t<div class=\"info-box-content\">\n\t\t\t\t\t\n\t\t\t\t\t\t\t\t\t\t\t<h3\t\t\t\t\t\tclass=\"info-box-title title box-title-style-default wd-fontsize-m\" data-elementor-setting-key=\"title\">\n\t\t\t\t\t\t\t\tOrigine dei chicchi\t\t\t\t\t\t<\/h3>\n\t\t\t\t\t\n\t\t\t\t\t<div class=\"info-box-inner reset-last-child\"data-elementor-setting-key=\"content\"><p>Africa centrale e Asia<span style=\"font-family: FoxGrotesquePro, sans-serif; font-size: 1.2em;\"><\/span><\/p>\n<\/div>\n\n\t\t\t\t\t\t\t\t\t<\/div>\n\n\t\t\t\t\t\t\t<\/div>\n\t\t<\/div>\n\t\t\t\t\t\t<\/div>\n\t\t\t\t<\/div>\n\t\t\t\t<div class=\"elementor-element elementor-element-071abfc elementor-widget elementor-widget-wd_infobox\" data-id=\"071abfc\" data-element_type=\"widget\" data-e-type=\"widget\" data-widget_type=\"wd_infobox.default\">\n\t\t\t\t<div class=\"elementor-widget-container\">\n\t\t\t\t\t\t\t<div class=\"info-box-wrapper\">\n\t\t\t<div class=\"wd-info-box text-center box-icon-align-top box-style-base color-scheme-\">\n\t\t\t\t\t\t\t\t\t<div class=\"box-icon-wrapper  box-with-icon box-icon-with-bg\">\n\t\t\t\t\t\t<div class=\"info-box-icon\">\n\t\t\t\t\t\t\t\t\t\t\t\t\t\t\t<img loading=\"lazy\" decoding=\"async\" width=\"50\" height=\"50\" src=\"https:\/\/luganocaffe.com\/wp-content\/uploads\/2025\/04\/coffee-beans-50x50.png\" class=\"attachment-50x50 size-50x50\" alt=\"coffee-beans flavor icon\" srcset=\"https:\/\/luganocaffe.com\/wp-content\/uploads\/2025\/04\/coffee-beans-50x50.png 50w, https:\/\/luganocaffe.com\/wp-content\/uploads\/2025\/04\/coffee-beans.png 128w\" sizes=\"auto, (max-width: 50px) 100vw, 50px\" \/>\t\t\t\t\t\t\t\t\t\t\t\t\t<\/div>\n\t\t\t\t\t<\/div>\n\t\t\t\t\n\t\t\t\t<div class=\"info-box-content\">\n\t\t\t\t\t\n\t\t\t\t\t\t\t\t\t\t\t<h3\t\t\t\t\t\tclass=\"info-box-title title box-title-style-default wd-fontsize-m\" data-elementor-setting-key=\"title\">\n\t\t\t\t\t\t\t\tSpecie di fagioli\t\t\t\t\t\t<\/h3>\n\t\t\t\t\t\n\t\t\t\t\t<div class=\"info-box-inner reset-last-child\"data-elementor-setting-key=\"content\"><p>Robusta<span style=\"color: rgb(4, 4, 4); font-family: FoxGrotesquePro, sans-serif; font-size: 1.2em; font-style: inherit; font-variant-ligatures: inherit; font-variant-caps: inherit; font-weight: inherit; white-space: pre-wrap; text-align: center; background-color: rgb(247, 247, 247); display: inline !important; float: none;\"><\/span><\/p>\n<\/div>\n\n\t\t\t\t\t\t\t\t\t<\/div>\n\n\t\t\t\t\t\t\t<\/div>\n\t\t<\/div>\n\t\t\t\t\t\t<\/div>\n\t\t\t\t<\/div>\n\t\t\t\t<div class=\"elementor-element elementor-element-ab2c8c8 elementor-widget elementor-widget-wd_infobox\" data-id=\"ab2c8c8\" data-element_type=\"widget\" data-e-type=\"widget\" data-widget_type=\"wd_infobox.default\">\n\t\t\t\t<div class=\"elementor-widget-container\">\n\t\t\t\t\t\t\t<div class=\"info-box-wrapper\">\n\t\t\t<div class=\"wd-info-box text-center box-icon-align-top box-style-base color-scheme-\">\n\t\t\t\t\t\t\t\t\t<div class=\"box-icon-wrapper  box-with-icon box-icon-with-bg\">\n\t\t\t\t\t\t<div class=\"info-box-icon\">\n\t\t\t\t\t\t\t\t\t\t\t\t\t\t\t<img loading=\"lazy\" decoding=\"async\" width=\"50\" height=\"50\" src=\"https:\/\/luganocaffe.com\/wp-content\/uploads\/2025\/04\/drink-50x50.png\" class=\"attachment-50x50 size-50x50\" alt=\"Coffee Drink aroma icon\" srcset=\"https:\/\/luganocaffe.com\/wp-content\/uploads\/2025\/04\/drink-50x50.png 50w, https:\/\/luganocaffe.com\/wp-content\/uploads\/2025\/04\/drink.png 128w\" sizes=\"auto, (max-width: 50px) 100vw, 50px\" \/>\t\t\t\t\t\t\t\t\t\t\t\t\t<\/div>\n\t\t\t\t\t<\/div>\n\t\t\t\t\n\t\t\t\t<div class=\"info-box-content\">\n\t\t\t\t\t\n\t\t\t\t\t\t\t\t\t\t\t<h3\t\t\t\t\t\tclass=\"info-box-title title box-title-style-default wd-fontsize-m\" data-elementor-setting-key=\"title\">\n\t\t\t\t\t\t\t\tNota\/Aroma\t\t\t\t\t\t<\/h3>\n\t\t\t\t\t\n\t\t\t\t\t<div class=\"info-box-inner reset-last-child\"data-elementor-setting-key=\"content\"><p>Legnoso - Spezie<\/p>\n<\/div>\n\n\t\t\t\t\t\t\t\t\t<\/div>\n\n\t\t\t\t\t\t\t<\/div>\n\t\t<\/div>\n\t\t\t\t\t\t<\/div>\n\t\t\t\t<\/div>\n\t\t\t\t<div class=\"elementor-element elementor-element-2cf75d0 elementor-widget elementor-widget-wd_infobox\" data-id=\"2cf75d0\" data-element_type=\"widget\" data-e-type=\"widget\" data-widget_type=\"wd_infobox.default\">\n\t\t\t\t<div class=\"elementor-widget-container\">\n\t\t\t\t\t\t\t<div class=\"info-box-wrapper\">\n\t\t\t<div class=\"wd-info-box text-center box-icon-align-top box-style-base color-scheme-\">\n\t\t\t\t\t\t\t\t\t<div class=\"box-icon-wrapper  box-with-icon box-icon-with-bg\">\n\t\t\t\t\t\t<div class=\"info-box-icon\">\n\t\t\t\t\t\t\t\t\t\t\t\t\t\t\t<img loading=\"lazy\" decoding=\"async\" width=\"50\" height=\"50\" src=\"https:\/\/luganocaffe.com\/wp-content\/uploads\/2025\/04\/coffee-50x50.png\" class=\"attachment-50x50 size-50x50\" alt=\"coffee roasting icon\" srcset=\"https:\/\/luganocaffe.com\/wp-content\/uploads\/2025\/04\/coffee-50x50.png 50w, https:\/\/luganocaffe.com\/wp-content\/uploads\/2025\/04\/coffee.png 128w\" sizes=\"auto, (max-width: 50px) 100vw, 50px\" \/>\t\t\t\t\t\t\t\t\t\t\t\t\t<\/div>\n\t\t\t\t\t<\/div>\n\t\t\t\t\n\t\t\t\t<div class=\"info-box-content\">\n\t\t\t\t\t\n\t\t\t\t\t\t\t\t\t\t\t<h3\t\t\t\t\t\tclass=\"info-box-title title box-title-style-default wd-fontsize-m\" data-elementor-setting-key=\"title\">\n\t\t\t\t\t\t\t\tGusto del caff\u00e8\t\t\t\t\t\t<\/h3>\n\t\t\t\t\t\n\t\t\t\t\t<div class=\"info-box-inner reset-last-child\"data-elementor-setting-key=\"content\"><p>Tostato<\/p>\n<\/div>\n\n\t\t\t\t\t\t\t\t\t<\/div>\n\n\t\t\t\t\t\t\t<\/div>\n\t\t<\/div>\n\t\t\t\t\t\t<\/div>\n\t\t\t\t<\/div>\n\t\t\t\t<div class=\"elementor-element elementor-element-8f873c1 elementor-widget elementor-widget-wd_infobox\" data-id=\"8f873c1\" data-element_type=\"widget\" data-e-type=\"widget\" data-widget_type=\"wd_infobox.default\">\n\t\t\t\t<div class=\"elementor-widget-container\">\n\t\t\t\t\t\t\t<div class=\"info-box-wrapper\">\n\t\t\t<div class=\"wd-info-box text-center box-icon-align-top box-style-base color-scheme-\">\n\t\t\t\t\t\t\t\t\t<div class=\"box-icon-wrapper  box-with-icon box-icon-with-bg\">\n\t\t\t\t\t\t<div class=\"info-box-icon\">\n\t\t\t\t\t\t\t\t\t\t\t\t\t\t\t<img loading=\"lazy\" decoding=\"async\" width=\"50\" height=\"50\" src=\"https:\/\/luganocaffe.com\/wp-content\/uploads\/2025\/04\/resilience-50x50.png\" class=\"attachment-50x50 size-50x50\" alt=\"Coffee Body Intensity Icon\" srcset=\"https:\/\/luganocaffe.com\/wp-content\/uploads\/2025\/04\/resilience-50x50.png 50w, https:\/\/luganocaffe.com\/wp-content\/uploads\/2025\/04\/resilience.png 128w\" sizes=\"auto, (max-width: 50px) 100vw, 50px\" \/>\t\t\t\t\t\t\t\t\t\t\t\t\t<\/div>\n\t\t\t\t\t<\/div>\n\t\t\t\t\n\t\t\t\t<div class=\"info-box-content\">\n\t\t\t\t\t\n\t\t\t\t\t\t\t\t\t\t\t<h3\t\t\t\t\t\tclass=\"info-box-title title box-title-style-default wd-fontsize-m\" data-elementor-setting-key=\"title\">\n\t\t\t\t\t\t\t\tIntensit\u00e0 del corpo\t\t\t\t\t\t<\/h3>\n\t\t\t\t\t\n\t\t\t\t\t<div class=\"info-box-inner reset-last-child\"data-elementor-setting-key=\"content\"><p>12\/14<\/p>\n<\/div>\n\n\t\t\t\t\t\t\t\t\t<\/div>\n\n\t\t\t\t\t\t\t<\/div>\n\t\t<\/div>\n\t\t\t\t\t\t<\/div>\n\t\t\t\t<\/div>\n\t\t\t\t<\/div>\n\t\t\t\t\t<\/div>\n\t\t\t\t<\/div>\n\t\t\t\t<\/div>\n\t\t","protected":false},"excerpt":{"rendered":"<p>Le capsule Espresso Strong di Lugano Caff\u00e8 per macchine con sistema Dolce Gusto sono preparate con variet\u00e0 di caff\u00e8 Robusta di alta qualit\u00e0, offrendo una consistenza piena e un aroma intenso. Il gusto Strong delle capsule Espresso compatibili con Dolce Gusto di Lugano Caff\u00e8 si distingue per il suo sapore tostato, le note legnose e speziate. <\/p>\n<p>Il prodotto \u00e8 disponibile in una confezione a rombo contenente 2 sacchetti in PP separati, ciascuno con 5 capsule. Peso netto della capsula: ~7 g \/0,25 oz &#8211; Diametro della capsula: 5,4 cm. Materiali della capsula: plastica PP con beccuccio\/ugello sul fondo, sigillata con coperchio in alluminio.  <\/p>\n<p><img loading=\"lazy\" decoding=\"async\" class=\"alignnone wp-image-19115 size-large\" src=\"https:\/\/luganocaffe.com\/wp-content\/uploads\/2025\/04\/strong-1300x584.jpg\" alt=\"\" width=\"1300\" height=\"584\" srcset=\"https:\/\/luganocaffe.com\/wp-content\/uploads\/2025\/04\/strong-1300x584.jpg 1300w, https:\/\/luganocaffe.com\/wp-content\/uploads\/2025\/04\/strong-400x180.jpg 400w, https:\/\/luganocaffe.com\/wp-content\/uploads\/2025\/04\/strong-768x345.jpg 768w, https:\/\/luganocaffe.com\/wp-content\/uploads\/2025\/04\/strong-430x193.jpg 430w, https:\/\/luganocaffe.com\/wp-content\/uploads\/2025\/04\/strong-700x314.jpg 700w, https:\/\/luganocaffe.com\/wp-content\/uploads\/2025\/04\/strong-150x67.jpg 150w, https:\/\/luganocaffe.com\/wp-content\/uploads\/2025\/04\/strong.jpg 1314w\" sizes=\"auto, (max-width: 1300px) 100vw, 1300px\" \/><\/p>\n","protected":false},"featured_media":23981,"template":"","meta":[],"product_brand":[],"product_cat":[117],"product_tag":[],"class_list":{"0":"post-24129","1":"product","2":"type-product","3":"status-publish","4":"has-post-thumbnail","6":"product_cat-capsule-dolce-gusto","8":"first","9":"instock","10":"shipping-taxable","11":"product-type-simple"},"_links":{"self":[{"href":"https:\/\/luganocaffe.com\/it\/wp-json\/wp\/v2\/product\/24129","targetHints":{"allow":["GET"]}}],"collection":[{"href":"https:\/\/luganocaffe.com\/it\/wp-json\/wp\/v2\/product"}],"about":[{"href":"https:\/\/luganocaffe.com\/it\/wp-json\/wp\/v2\/types\/product"}],"version-history":[{"count":0,"href":"https:\/\/luganocaffe.com\/it\/wp-json\/wp\/v2\/product\/24129\/revisions"}],"wp:featuredmedia":[{"embeddable":true,"href":"https:\/\/luganocaffe.com\/it\/wp-json\/wp\/v2\/media\/23981"}],"wp:attachment":[{"href":"https:\/\/luganocaffe.com\/it\/wp-json\/wp\/v2\/media?parent=24129"}],"wp:term":[{"taxonomy":"product_brand","embeddable":true,"href":"https:\/\/luganocaffe.com\/it\/wp-json\/wp\/v2\/product_brand?post=24129"},{"taxonomy":"product_cat","embeddable":true,"href":"https:\/\/luganocaffe.com\/it\/wp-json\/wp\/v2\/product_cat?post=24129"},{"taxonomy":"product_tag","embeddable":true,"href":"https:\/\/luganocaffe.com\/it\/wp-json\/wp\/v2\/product_tag?post=24129"}],"curies":[{"name":"wp","href":"https:\/\/api.w.org\/{rel}","templated":true}]}}