{"id":24166,"date":"2025-10-21T12:32:07","date_gmt":"2025-10-21T12:32:07","guid":{"rendered":"https:\/\/luganocaffe.com\/product\/confezione-convenienza-da-150-cialde-per-espresso-e-s-e-elite-dark\/"},"modified":"2026-01-15T07:41:45","modified_gmt":"2026-01-15T07:41:45","slug":"confezione-convenienza-da-150-cialde-per-espresso-e-s-e-elite-dark","status":"publish","type":"product","link":"https:\/\/luganocaffe.com\/it\/prodotto\/confezione-convenienza-da-150-cialde-per-espresso-e-s-e-elite-dark\/","title":{"rendered":"Confezione convenienza da 150 cialde per espresso E.S.E. Elite Dark"},"content":{"rendered":"\t\t<div data-elementor-type=\"wp-post\" data-elementor-id=\"24166\" class=\"elementor elementor-24166 elementor-21252\" data-elementor-post-type=\"product\">\n\t\t\t\t<div class=\"wd-negative-gap elementor-element elementor-element-8a6bee2 e-flex e-con-boxed e-con e-parent\" data-id=\"8a6bee2\" data-element_type=\"container\" data-e-type=\"container\" data-settings=\"{&quot;background_background&quot;:&quot;classic&quot;}\">\n\t\t\t\t\t<div class=\"e-con-inner\">\n\t\t\t\t<div class=\"elementor-element elementor-element-f3d35fd wd-width-100 elementor-invisible elementor-widget elementor-widget-wd_title\" data-id=\"f3d35fd\" data-element_type=\"widget\" data-e-type=\"widget\" data-settings=\"{&quot;_animation&quot;:&quot;slideInUp&quot;}\" data-widget_type=\"wd_title.default\">\n\t\t\t\t<div class=\"elementor-widget-container\">\n\t\t\t\t\t\t\t<div class=\"title-wrapper wd-set-mb reset-last-child wd-title-color-default wd-title-style-default wd-title-size-default text-center\">\n\n\t\t\t\n\t\t\t<div class=\"liner-continer\">\n\t\t\t\t<h2 class=\"woodmart-title-container title wd-fontsize-l\">Caratteristiche del prodotto<\/h2> \n\t\t\t\t\t\t\t<\/div>\n\n\t\t\t\t\t<\/div>\n\t\t\t\t\t\t<\/div>\n\t\t\t\t<\/div>\n\t\t<div class=\"elementor-element elementor-element-f797b11 e-con-full e-grid e-con e-child\" data-id=\"f797b11\" data-element_type=\"container\" data-e-type=\"container\">\n\t\t\t\t<div class=\"elementor-element elementor-element-a3433f4 elementor-widget elementor-widget-wd_infobox\" data-id=\"a3433f4\" data-element_type=\"widget\" data-e-type=\"widget\" data-widget_type=\"wd_infobox.default\">\n\t\t\t\t<div class=\"elementor-widget-container\">\n\t\t\t\t\t\t\t<div class=\"info-box-wrapper\">\n\t\t\t<div class=\"wd-info-box text-center box-icon-align-top box-style-base color-scheme-\">\n\t\t\t\t\t\t\t\t\t<div class=\"box-icon-wrapper  box-with-icon box-icon-with-bg\">\n\t\t\t\t\t\t<div class=\"info-box-icon\">\n\t\t\t\t\t\t\t\t\t\t\t\t\t\t\t<img loading=\"lazy\" decoding=\"async\" width=\"50\" height=\"50\" src=\"https:\/\/luganocaffe.com\/wp-content\/uploads\/2025\/04\/coffee-plant-50x50.png\" class=\"attachment-50x50 size-50x50\" alt=\"coffee-plant icon\" srcset=\"https:\/\/luganocaffe.com\/wp-content\/uploads\/2025\/04\/coffee-plant-50x50.png 50w, https:\/\/luganocaffe.com\/wp-content\/uploads\/2025\/04\/coffee-plant.png 128w\" sizes=\"auto, (max-width: 50px) 100vw, 50px\" \/>\t\t\t\t\t\t\t\t\t\t\t\t\t<\/div>\n\t\t\t\t\t<\/div>\n\t\t\t\t\n\t\t\t\t<div class=\"info-box-content\">\n\t\t\t\t\t\n\t\t\t\t\t\t\t\t\t\t\t<h3\t\t\t\t\t\tclass=\"info-box-title title box-title-style-default wd-fontsize-m\" data-elementor-setting-key=\"title\">\n\t\t\t\t\t\t\t\tOrigine dei chicchi\t\t\t\t\t\t<\/h3>\n\t\t\t\t\t\n\t\t\t\t\t<div class=\"info-box-inner reset-last-child\"data-elementor-setting-key=\"content\"><p>Africa centrale e Asia<\/p>\n<\/div>\n\n\t\t\t\t\t\t\t\t\t<\/div>\n\n\t\t\t\t\t\t\t<\/div>\n\t\t<\/div>\n\t\t\t\t\t\t<\/div>\n\t\t\t\t<\/div>\n\t\t\t\t<div class=\"elementor-element elementor-element-7e1aa85 elementor-widget elementor-widget-wd_infobox\" data-id=\"7e1aa85\" data-element_type=\"widget\" data-e-type=\"widget\" data-widget_type=\"wd_infobox.default\">\n\t\t\t\t<div class=\"elementor-widget-container\">\n\t\t\t\t\t\t\t<div class=\"info-box-wrapper\">\n\t\t\t<div class=\"wd-info-box text-center box-icon-align-top box-style-base color-scheme-\">\n\t\t\t\t\t\t\t\t\t<div class=\"box-icon-wrapper  box-with-icon box-icon-with-bg\">\n\t\t\t\t\t\t<div class=\"info-box-icon\">\n\t\t\t\t\t\t\t\t\t\t\t\t\t\t\t<img loading=\"lazy\" decoding=\"async\" width=\"50\" height=\"50\" src=\"https:\/\/luganocaffe.com\/wp-content\/uploads\/2025\/04\/coffee-beans-50x50.png\" class=\"attachment-50x50 size-50x50\" alt=\"coffee-beans flavor icon\" srcset=\"https:\/\/luganocaffe.com\/wp-content\/uploads\/2025\/04\/coffee-beans-50x50.png 50w, https:\/\/luganocaffe.com\/wp-content\/uploads\/2025\/04\/coffee-beans.png 128w\" sizes=\"auto, (max-width: 50px) 100vw, 50px\" \/>\t\t\t\t\t\t\t\t\t\t\t\t\t<\/div>\n\t\t\t\t\t<\/div>\n\t\t\t\t\n\t\t\t\t<div class=\"info-box-content\">\n\t\t\t\t\t\n\t\t\t\t\t\t\t\t\t\t\t<h3\t\t\t\t\t\tclass=\"info-box-title title box-title-style-default wd-fontsize-m\" data-elementor-setting-key=\"title\">\n\t\t\t\t\t\t\t\tSpecie di fagioli\t\t\t\t\t\t<\/h3>\n\t\t\t\t\t\n\t\t\t\t\t<div class=\"info-box-inner reset-last-child\"data-elementor-setting-key=\"content\"><p>Robusta di alta qualit\u00e0<\/p>\n<\/div>\n\n\t\t\t\t\t\t\t\t\t<\/div>\n\n\t\t\t\t\t\t\t<\/div>\n\t\t<\/div>\n\t\t\t\t\t\t<\/div>\n\t\t\t\t<\/div>\n\t\t\t\t<div class=\"elementor-element elementor-element-7b34194 elementor-widget elementor-widget-wd_infobox\" data-id=\"7b34194\" data-element_type=\"widget\" data-e-type=\"widget\" data-widget_type=\"wd_infobox.default\">\n\t\t\t\t<div class=\"elementor-widget-container\">\n\t\t\t\t\t\t\t<div class=\"info-box-wrapper\">\n\t\t\t<div class=\"wd-info-box text-center box-icon-align-top box-style-base color-scheme-\">\n\t\t\t\t\t\t\t\t\t<div class=\"box-icon-wrapper  box-with-icon box-icon-with-bg\">\n\t\t\t\t\t\t<div class=\"info-box-icon\">\n\t\t\t\t\t\t\t\t\t\t\t\t\t\t\t<img loading=\"lazy\" decoding=\"async\" width=\"50\" height=\"50\" src=\"https:\/\/luganocaffe.com\/wp-content\/uploads\/2025\/04\/drink-50x50.png\" class=\"attachment-50x50 size-50x50\" alt=\"Coffee Drink aroma icon\" srcset=\"https:\/\/luganocaffe.com\/wp-content\/uploads\/2025\/04\/drink-50x50.png 50w, https:\/\/luganocaffe.com\/wp-content\/uploads\/2025\/04\/drink.png 128w\" sizes=\"auto, (max-width: 50px) 100vw, 50px\" \/>\t\t\t\t\t\t\t\t\t\t\t\t\t<\/div>\n\t\t\t\t\t<\/div>\n\t\t\t\t\n\t\t\t\t<div class=\"info-box-content\">\n\t\t\t\t\t\n\t\t\t\t\t\t\t\t\t\t\t<h3\t\t\t\t\t\tclass=\"info-box-title title box-title-style-default wd-fontsize-m\" data-elementor-setting-key=\"title\">\n\t\t\t\t\t\t\t\tNota\/Aroma\t\t\t\t\t\t<\/h3>\n\t\t\t\t\t\n\t\t\t\t\t<div class=\"info-box-inner reset-last-child\"data-elementor-setting-key=\"content\"><p>Legnoso - Terra<\/p>\n<\/div>\n\n\t\t\t\t\t\t\t\t\t<\/div>\n\n\t\t\t\t\t\t\t<\/div>\n\t\t<\/div>\n\t\t\t\t\t\t<\/div>\n\t\t\t\t<\/div>\n\t\t\t\t<div class=\"elementor-element elementor-element-1356f82 elementor-widget elementor-widget-wd_infobox\" data-id=\"1356f82\" data-element_type=\"widget\" data-e-type=\"widget\" data-widget_type=\"wd_infobox.default\">\n\t\t\t\t<div class=\"elementor-widget-container\">\n\t\t\t\t\t\t\t<div class=\"info-box-wrapper\">\n\t\t\t<div class=\"wd-info-box text-center box-icon-align-top box-style-base color-scheme-\">\n\t\t\t\t\t\t\t\t\t<div class=\"box-icon-wrapper  box-with-icon box-icon-with-bg\">\n\t\t\t\t\t\t<div class=\"info-box-icon\">\n\t\t\t\t\t\t\t\t\t\t\t\t\t\t\t<img loading=\"lazy\" decoding=\"async\" width=\"50\" height=\"50\" src=\"https:\/\/luganocaffe.com\/wp-content\/uploads\/2025\/04\/coffee-50x50.png\" class=\"attachment-50x50 size-50x50\" alt=\"coffee roasting icon\" srcset=\"https:\/\/luganocaffe.com\/wp-content\/uploads\/2025\/04\/coffee-50x50.png 50w, https:\/\/luganocaffe.com\/wp-content\/uploads\/2025\/04\/coffee.png 128w\" sizes=\"auto, (max-width: 50px) 100vw, 50px\" \/>\t\t\t\t\t\t\t\t\t\t\t\t\t<\/div>\n\t\t\t\t\t<\/div>\n\t\t\t\t\n\t\t\t\t<div class=\"info-box-content\">\n\t\t\t\t\t\n\t\t\t\t\t\t\t\t\t\t\t<h3\t\t\t\t\t\tclass=\"info-box-title title box-title-style-default wd-fontsize-m\" data-elementor-setting-key=\"title\">\n\t\t\t\t\t\t\t\tGusto del caff\u00e8\t\t\t\t\t\t<\/h3>\n\t\t\t\t\t\n\t\t\t\t\t<div class=\"info-box-inner reset-last-child\"data-elementor-setting-key=\"content\"><p>Pane tostato<\/p>\n<\/div>\n\n\t\t\t\t\t\t\t\t\t<\/div>\n\n\t\t\t\t\t\t\t<\/div>\n\t\t<\/div>\n\t\t\t\t\t\t<\/div>\n\t\t\t\t<\/div>\n\t\t\t\t<div class=\"elementor-element elementor-element-5ee7746 elementor-widget elementor-widget-wd_infobox\" data-id=\"5ee7746\" data-element_type=\"widget\" data-e-type=\"widget\" data-widget_type=\"wd_infobox.default\">\n\t\t\t\t<div class=\"elementor-widget-container\">\n\t\t\t\t\t\t\t<div class=\"info-box-wrapper\">\n\t\t\t<div class=\"wd-info-box text-center box-icon-align-top box-style-base color-scheme-\">\n\t\t\t\t\t\t\t\t\t<div class=\"box-icon-wrapper  box-with-icon box-icon-with-bg\">\n\t\t\t\t\t\t<div class=\"info-box-icon\">\n\t\t\t\t\t\t\t\t\t\t\t\t\t\t\t<img loading=\"lazy\" decoding=\"async\" width=\"50\" height=\"50\" src=\"https:\/\/luganocaffe.com\/wp-content\/uploads\/2025\/04\/resilience-50x50.png\" class=\"attachment-50x50 size-50x50\" alt=\"Coffee Body Intensity Icon\" srcset=\"https:\/\/luganocaffe.com\/wp-content\/uploads\/2025\/04\/resilience-50x50.png 50w, https:\/\/luganocaffe.com\/wp-content\/uploads\/2025\/04\/resilience.png 128w\" sizes=\"auto, (max-width: 50px) 100vw, 50px\" \/>\t\t\t\t\t\t\t\t\t\t\t\t\t<\/div>\n\t\t\t\t\t<\/div>\n\t\t\t\t\n\t\t\t\t<div class=\"info-box-content\">\n\t\t\t\t\t\n\t\t\t\t\t\t\t\t\t\t\t<h3\t\t\t\t\t\tclass=\"info-box-title title box-title-style-default wd-fontsize-m\" data-elementor-setting-key=\"title\">\n\t\t\t\t\t\t\t\tIntensit\u00e0 del corpo\t\t\t\t\t\t<\/h3>\n\t\t\t\t\t\n\t\t\t\t\t<div class=\"info-box-inner reset-last-child\"data-elementor-setting-key=\"content\"><p>14\/14<\/p>\n<\/div>\n\n\t\t\t\t\t\t\t\t\t<\/div>\n\n\t\t\t\t\t\t\t<\/div>\n\t\t<\/div>\n\t\t\t\t\t\t<\/div>\n\t\t\t\t<\/div>\n\t\t\t\t<\/div>\n\t\t\t\t\t<\/div>\n\t\t\t\t<\/div>\n\t\t<div class=\"wd-negative-gap elementor-element elementor-element-95ee0e2 e-flex e-con-boxed e-con e-parent\" data-id=\"95ee0e2\" data-element_type=\"container\" data-e-type=\"container\" data-settings=\"{&quot;background_background&quot;:&quot;classic&quot;}\">\n\t\t\t\t\t<div class=\"e-con-inner\">\n\t\t<div class=\"elementor-element elementor-element-b32793f e-grid e-con-full e-con e-child\" data-id=\"b32793f\" data-element_type=\"container\" data-e-type=\"container\">\n\t\t<div class=\"elementor-element elementor-element-26095a0 e-con-full e-flex e-con e-child\" data-id=\"26095a0\" data-element_type=\"container\" data-e-type=\"container\">\n\t\t<div class=\"elementor-element elementor-element-8638522 e-con-full e-flex e-con e-child\" data-id=\"8638522\" data-element_type=\"container\" data-e-type=\"container\">\n\t\t\t\t<div class=\"elementor-element elementor-element-b332d02 wd-width-100 elementor-invisible elementor-widget elementor-widget-wd_title\" data-id=\"b332d02\" data-element_type=\"widget\" data-e-type=\"widget\" data-settings=\"{&quot;_animation&quot;:&quot;slideInUp&quot;}\" data-widget_type=\"wd_title.default\">\n\t\t\t\t<div class=\"elementor-widget-container\">\n\t\t\t\t\t\t\t<div class=\"title-wrapper wd-set-mb reset-last-child wd-title-color-default wd-title-style-default wd-title-size-default text-left\">\n\n\t\t\t\n\t\t\t<div class=\"liner-continer\">\n\t\t\t\t<h3 class=\"woodmart-title-container title wd-fontsize-l\">Cialda per espresso E.S.E. Elite Dark<\/h3> \n\t\t\t\t\t\t\t<\/div>\n\n\t\t\t\t\t\t\t<div class=\"title-after_title reset-last-child wd-fontsize-xs\">\n\t\t\t\t\t<p>Un'espressione audace della vera maestria del caff\u00e8 italiano, creata per chi desidera profondit\u00e0 e intensit\u00e0. Questa tostatura scura offre aromi legnosi e terrosi con un caratteristico sapore di pane tostato e una potente intensit\u00e0 di corpo di 14\/14, pura, ricca e indimenticabile. <\/p>\t\t\t\t<\/div>\n\t\t\t\t\t<\/div>\n\t\t\t\t\t\t<\/div>\n\t\t\t\t<\/div>\n\t\t\t\t<\/div>\n\t\t\t\t<div class=\"elementor-element elementor-element-ec5271b elementor-invisible elementor-widget elementor-widget-image\" data-id=\"ec5271b\" data-element_type=\"widget\" data-e-type=\"widget\" data-settings=\"{&quot;_animation&quot;:&quot;wd-anim-slide-from-bottom&quot;}\" data-widget_type=\"image.default\">\n\t\t\t\t<div class=\"elementor-widget-container\">\n\t\t\t\t\t\t\t\t\t\t\t\t\t\t\t<img decoding=\"async\" src=\"https:\/\/luganocaffe.com\/wp-content\/uploads\/elementor\/thumbs\/Lugano-Caffe-Elite-Dark-Espresso-Pod-150-pcs-Value-Pack-beieg-bg-poster-rdj83h7fp4nmzjve9wf3yn7hg8pbewzkg05g9rwtps.jpg\" title=\"Poster beige con sfondo della confezione convenienza da 150 pezzi di cialde per espresso Elite Dark di Lugano Caff\u00e8\" alt=\"Poster beige con sfondo della confezione convenienza da 150 pezzi di cialde per espresso Elite Dark di Lugano Caff\u00e8\" class=\"elementor-animation-float\" loading=\"lazy\" \/>\t\t\t\t\t\t\t\t\t\t\t\t\t\t\t<\/div>\n\t\t\t\t<\/div>\n\t\t\t\t<\/div>\n\t\t<div class=\"elementor-element elementor-element-26da66f e-con-full e-flex e-con e-child\" data-id=\"26da66f\" data-element_type=\"container\" data-e-type=\"container\">\n\t\t\t\t<div class=\"elementor-element elementor-element-d12cfc3 elementor-invisible elementor-widget elementor-widget-image\" data-id=\"d12cfc3\" data-element_type=\"widget\" data-e-type=\"widget\" data-settings=\"{&quot;_animation&quot;:&quot;wd-anim-slide-from-bottom&quot;}\" data-widget_type=\"image.default\">\n\t\t\t\t<div class=\"elementor-widget-container\">\n\t\t\t\t\t\t\t\t\t\t\t\t\t\t\t<img decoding=\"async\" src=\"https:\/\/luganocaffe.com\/wp-content\/uploads\/elementor\/thumbs\/Lugano-Caffe-Elite-Dark-Espresso-Pod-with-its-Aluminium-Foil-rdj83j342sq7mrsnyx8d3mqen0g1ub7149gf8bu1dc.jpg\" title=\"Cialda per espresso Elite Dark di Lugano Caff\u00e8 con il suo foglio di alluminio\" alt=\"Cialda per espresso Elite Dark di Lugano Caff\u00e8 con il suo foglio di alluminio\" class=\"elementor-animation-float\" loading=\"lazy\" \/>\t\t\t\t\t\t\t\t\t\t\t\t\t\t\t<\/div>\n\t\t\t\t<\/div>\n\t\t\t\t<div class=\"elementor-element elementor-element-ba261a9 wd-width-100 elementor-invisible elementor-widget elementor-widget-wd_title\" data-id=\"ba261a9\" data-element_type=\"widget\" data-e-type=\"widget\" data-settings=\"{&quot;_animation&quot;:&quot;slideInUp&quot;}\" data-widget_type=\"wd_title.default\">\n\t\t\t\t<div class=\"elementor-widget-container\">\n\t\t\t\t\t\t\t<div class=\"title-wrapper wd-set-mb reset-last-child wd-title-color-default wd-title-style-default wd-title-size-default text-left\">\n\n\t\t\t\n\t\t\t<div class=\"liner-continer\">\n\t\t\t\t<h3 class=\"woodmart-title-container title wd-fontsize-l\">Foglio di alluminio e tecnologia N-gas<\/h3> \n\t\t\t\t\t\t\t<\/div>\n\n\t\t\t\t\t\t\t<div class=\"title-after_title reset-last-child wd-fontsize-xs\">\n\t\t\t\t\t<p>La tecnica di lavaggio con azoto e il confezionamento in foglio di alluminio sigillano ogni cialda E.S.E. in un ambiente fresco e privo di ossigeno, preservando l'aroma autentico, il sapore ricco e la qualit\u00e0 della crema dell'espresso italiano appena macinato<\/p>\t\t\t\t<\/div>\n\t\t\t\t\t<\/div>\n\t\t\t\t\t\t<\/div>\n\t\t\t\t<\/div>\n\t\t\t\t<\/div>\n\t\t<div class=\"elementor-element elementor-element-75fb643 e-con-full e-flex e-con e-child\" data-id=\"75fb643\" data-element_type=\"container\" data-e-type=\"container\">\n\t\t\t\t<div class=\"elementor-element elementor-element-c5e0ac1 wd-width-100 elementor-invisible elementor-widget elementor-widget-wd_title\" data-id=\"c5e0ac1\" data-element_type=\"widget\" data-e-type=\"widget\" data-settings=\"{&quot;_animation&quot;:&quot;slideInUp&quot;}\" data-widget_type=\"wd_title.default\">\n\t\t\t\t<div class=\"elementor-widget-container\">\n\t\t\t\t\t\t\t<div class=\"title-wrapper wd-set-mb reset-last-child wd-title-color-default wd-title-style-default wd-title-size-default text-left\">\n\n\t\t\t\n\t\t\t<div class=\"liner-continer\">\n\t\t\t\t<h3 class=\"woodmart-title-container title wd-fontsize-l\">Una nuova tendenza nel mondo dell'espresso<\/h3> \n\t\t\t\t\t\t\t<\/div>\n\n\t\t\t\t\t\t\t<div class=\"title-after_title reset-last-child wd-fontsize-xs\">\n\t\t\t\t\t<p>Il mondo del caff\u00e8 si sta spostando verso la semplicit\u00e0 e la perfezione e le cialde E.S.E. sono in prima linea in questa tendenza. Unendo l'autentico gusto italiano alla moderna praticit\u00e0, sono diventate la nuova icona della cultura dell'espresso senza sforzo. <\/p>\t\t\t\t<\/div>\n\t\t\t\t\t<\/div>\n\t\t\t\t\t\t<\/div>\n\t\t\t\t<\/div>\n\t\t\t\t<div class=\"elementor-element elementor-element-e35c82a elementor-invisible elementor-widget elementor-widget-image\" data-id=\"e35c82a\" data-element_type=\"widget\" data-e-type=\"widget\" data-settings=\"{&quot;_animation&quot;:&quot;wd-anim-slide-from-bottom&quot;}\" data-widget_type=\"image.default\">\n\t\t\t\t<div class=\"elementor-widget-container\">\n\t\t\t\t\t\t\t\t\t\t\t\t\t\t\t<img decoding=\"async\" src=\"https:\/\/luganocaffe.com\/wp-content\/uploads\/elementor\/thumbs\/Lugano-Caffe-Elite-Dark-Espresso-Pod-150-pcs-Value-Pack-New-trend-poster-rdj83rjnsb1sj9gdliw082ljzhacrl4m5fbsjthhtc.jpg\" title=\"Poster con la nuova tendenza della confezione convenienza da 150 pezzi di cialde per espresso Elite Dark di Lugano Caff\u00e8\" alt=\"Poster con la nuova tendenza della confezione convenienza da 150 pezzi di cialde per espresso Elite Dark di Lugano Caff\u00e8\" class=\"elementor-animation-float\" loading=\"lazy\" \/>\t\t\t\t\t\t\t\t\t\t\t\t\t\t\t<\/div>\n\t\t\t\t<\/div>\n\t\t\t\t<\/div>\n\t\t\t\t<\/div>\n\t\t\t\t\t<\/div>\n\t\t\t\t<\/div>\n\t\t<div class=\"wd-negative-gap elementor-element elementor-element-11e816d e-flex e-con-boxed e-con e-parent\" data-id=\"11e816d\" data-element_type=\"container\" data-e-type=\"container\" data-settings=\"{&quot;background_background&quot;:&quot;classic&quot;}\">\n\t\t\t\t\t<div class=\"e-con-inner\">\n\t\t<div class=\"elementor-element elementor-element-98eea02 e-grid e-con-full e-con e-child\" data-id=\"98eea02\" data-element_type=\"container\" data-e-type=\"container\">\n\t\t<div class=\"elementor-element elementor-element-18d8a92 e-con-full e-flex e-con e-child\" data-id=\"18d8a92\" data-element_type=\"container\" data-e-type=\"container\">\n\t\t<div class=\"elementor-element elementor-element-758cfd7 e-con-full e-flex e-con e-child\" data-id=\"758cfd7\" data-element_type=\"container\" data-e-type=\"container\">\n\t\t\t\t<div class=\"elementor-element elementor-element-146a8ae wd-width-100 elementor-invisible elementor-widget elementor-widget-wd_title\" data-id=\"146a8ae\" data-element_type=\"widget\" data-e-type=\"widget\" data-settings=\"{&quot;_animation&quot;:&quot;slideInUp&quot;}\" data-widget_type=\"wd_title.default\">\n\t\t\t\t<div class=\"elementor-widget-container\">\n\t\t\t\t\t\t\t<div class=\"title-wrapper wd-set-mb reset-last-child wd-title-color-default wd-title-style-default wd-title-size-default text-left\">\n\n\t\t\t\n\t\t\t<div class=\"liner-continer\">\n\t\t\t\t<h3 class=\"woodmart-title-container title wd-fontsize-l\">100% compostabile per un mondo pi\u00f9 verde<\/h3> \n\t\t\t\t\t\t\t<\/div>\n\n\t\t\t\t\t\t\t<div class=\"title-after_title reset-last-child wd-fontsize-xs\">\n\t\t\t\t\t<p>Le cialde E.S.E. di Lugano Caff\u00e8 sono realizzate con materiali biodegradabili al 100% come carta e amido di mais. Ci\u00f2 garantisce un'esperienza di caff\u00e8 senza sensi di colpa, permettendoti di assaporare un delizioso espresso prendendoti cura dell'ambiente. <\/p>\t\t\t\t<\/div>\n\t\t\t\t\t<\/div>\n\t\t\t\t\t\t<\/div>\n\t\t\t\t<\/div>\n\t\t\t\t<\/div>\n\t\t\t\t<div class=\"elementor-element elementor-element-6561220 elementor-invisible elementor-widget elementor-widget-image\" data-id=\"6561220\" data-element_type=\"widget\" data-e-type=\"widget\" data-settings=\"{&quot;_animation&quot;:&quot;wd-anim-slide-from-bottom&quot;}\" data-widget_type=\"image.default\">\n\t\t\t\t<div class=\"elementor-widget-container\">\n\t\t\t\t\t\t\t\t\t\t\t\t\t\t\t<img decoding=\"async\" src=\"https:\/\/luganocaffe.com\/wp-content\/uploads\/elementor\/thumbs\/E.S.E.-Espresso-Pod-100-Composatable-rdj18ubyg314my4ggah6pvre6kc5pzv1v9sx21lmcw.jpg\" title=\"Cialda-E.S.E.-per-espresso-100-Compostabile\" alt=\"Cialda-E.S.E.-per-espresso-100-Compostabile\" class=\"elementor-animation-float\" loading=\"lazy\" \/>\t\t\t\t\t\t\t\t\t\t\t\t\t\t\t<\/div>\n\t\t\t\t<\/div>\n\t\t\t\t<\/div>\n\t\t<div class=\"elementor-element elementor-element-5cb8025 e-con-full e-flex e-con e-child\" data-id=\"5cb8025\" data-element_type=\"container\" data-e-type=\"container\">\n\t\t\t\t<div class=\"elementor-element elementor-element-d49fe1d elementor-invisible elementor-widget elementor-widget-image\" data-id=\"d49fe1d\" data-element_type=\"widget\" data-e-type=\"widget\" data-settings=\"{&quot;_animation&quot;:&quot;wd-anim-slide-from-bottom&quot;}\" data-widget_type=\"image.default\">\n\t\t\t\t<div class=\"elementor-widget-container\">\n\t\t\t\t\t\t\t\t\t\t\t\t\t\t\t<img decoding=\"async\" src=\"https:\/\/luganocaffe.com\/wp-content\/uploads\/elementor\/thumbs\/Espresso-Pod-with-Lugano-Cup-among-coffee-beans-rdhh9o4aesetyp9vn7z74ejmg0v7ijrm53dxq5im40.jpg\" title=\"Cialda per espresso con tazza Lugano tra i chicchi di caff\u00e8\" alt=\"Cialda per espresso con tazza Lugano tra i chicchi di caff\u00e8\" class=\"elementor-animation-float\" loading=\"lazy\" \/>\t\t\t\t\t\t\t\t\t\t\t\t\t\t\t<\/div>\n\t\t\t\t<\/div>\n\t\t\t\t<div class=\"elementor-element elementor-element-09d7fd0 wd-width-100 elementor-invisible elementor-widget elementor-widget-wd_title\" data-id=\"09d7fd0\" data-element_type=\"widget\" data-e-type=\"widget\" data-settings=\"{&quot;_animation&quot;:&quot;slideInUp&quot;}\" data-widget_type=\"wd_title.default\">\n\t\t\t\t<div class=\"elementor-widget-container\">\n\t\t\t\t\t\t\t<div class=\"title-wrapper wd-set-mb reset-last-child wd-title-color-default wd-title-style-default wd-title-size-default text-left\">\n\n\t\t\t\n\t\t\t<div class=\"liner-continer\">\n\t\t\t\t<h3 class=\"woodmart-title-container title wd-fontsize-l\">Soluzione per espresso semplice, facile ed elite<\/h3> \n\t\t\t\t\t\t\t<\/div>\n\n\t\t\t\t\t\t\t<div class=\"title-after_title reset-last-child wd-fontsize-xs\">\n\t\t\t\t\t<p>Ogni cialda contiene un dosaggio di caff\u00e8 macinato perfettamente misurato per una tazza costante e stabile ogni giorno. D\u00ec addio ai residui di caff\u00e8 macinato e mantieni il tuo angolo caff\u00e8 espresso pulito e ordinato. <\/p>\t\t\t\t<\/div>\n\t\t\t\t\t<\/div>\n\t\t\t\t\t\t<\/div>\n\t\t\t\t<\/div>\n\t\t\t\t<\/div>\n\t\t<div class=\"elementor-element elementor-element-3d0a55c e-con-full e-flex e-con e-child\" data-id=\"3d0a55c\" data-element_type=\"container\" data-e-type=\"container\">\n\t\t\t\t<div class=\"elementor-element elementor-element-ebe06db wd-width-100 elementor-invisible elementor-widget elementor-widget-wd_title\" data-id=\"ebe06db\" data-element_type=\"widget\" data-e-type=\"widget\" data-settings=\"{&quot;_animation&quot;:&quot;slideInUp&quot;}\" data-widget_type=\"wd_title.default\">\n\t\t\t\t<div class=\"elementor-widget-container\">\n\t\t\t\t\t\t\t<div class=\"title-wrapper wd-set-mb reset-last-child wd-title-color-default wd-title-style-default wd-title-size-default text-left\">\n\n\t\t\t\n\t\t\t<div class=\"liner-continer\">\n\t\t\t\t<h3 class=\"woodmart-title-container title wd-fontsize-l\">Dimensioni standard per tutte le macchine<\/h3> \n\t\t\t\t\t\t\t<\/div>\n\n\t\t\t\t\t\t\t<div class=\"title-after_title reset-last-child wd-fontsize-xs\">\n\t\t\t\t\t<p>Con un diametro di 4,4 cm, le nostre cialde per espresso Easy Serving sono compatibili con tutte le macchine con sistema a cialde. Abbiamo progettato la nostra cialda come una dimensione concordata a livello globale. <\/p>\t\t\t\t<\/div>\n\t\t\t\t\t<\/div>\n\t\t\t\t\t\t<\/div>\n\t\t\t\t<\/div>\n\t\t\t\t<div class=\"elementor-element elementor-element-e1c42a6 elementor-invisible elementor-widget elementor-widget-image\" data-id=\"e1c42a6\" data-element_type=\"widget\" data-e-type=\"widget\" data-settings=\"{&quot;_animation&quot;:&quot;wd-anim-slide-from-bottom&quot;}\" data-widget_type=\"image.default\">\n\t\t\t\t<div class=\"elementor-widget-container\">\n\t\t\t\t\t\t\t\t\t\t\t\t\t\t\t<img decoding=\"async\" src=\"https:\/\/luganocaffe.com\/wp-content\/uploads\/elementor\/thumbs\/Lugano-Mahines-Pod-Compatibility-Sizes-and-Details-rdhi67b6ycy3su0noa8cf6zym4ijxex5y48xoxa2r4.jpg\" title=\"Dimensioni e dettagli di compatibilit\u00e0 delle cialde Lugano Mahines\" alt=\"Dimensioni e dettagli di compatibilit\u00e0 delle cialde Lugano Mahines\" class=\"elementor-animation-float\" loading=\"lazy\" \/>\t\t\t\t\t\t\t\t\t\t\t\t\t\t\t<\/div>\n\t\t\t\t<\/div>\n\t\t\t\t<\/div>\n\t\t\t\t<\/div>\n\t\t\t\t\t<\/div>\n\t\t\t\t<\/div>\n\t\t\t\t<\/div>\n\t\t","protected":false},"excerpt":{"rendered":"<p>Con le cialde per espresso E.S.E. Elite Dark, avrai il privilegio di bere il tuo espresso proprio come fanno gli italiani! Subisce un lento processo di tostatura, aderendo alle preferenze ricche e scure degli standard italiani. Si distingue per il suo equilibrio di amarezza, bassa acidit\u00e0 e crema ricca e dorata. Il prodotto viene fornito in una scatola da 150 cialde, ognuna delle quali \u00e8 confezionata all&#8217;interno di un foglio di alluminio isolato. Peso netto della cialda: 7 g \/ 0,24 oz \u2013 Diametro della cialda: 4,4 cm    <\/p>\n<p><img loading=\"lazy\" decoding=\"async\" class=\"alignnone wp-image-19120 size-large\" src=\"https:\/\/luganocaffe.com\/wp-content\/uploads\/2025\/04\/elite-dark-1300x585.jpg\" alt=\"\" width=\"1300\" height=\"585\" srcset=\"https:\/\/luganocaffe.com\/wp-content\/uploads\/2025\/04\/elite-dark-1300x585.jpg 1300w, https:\/\/luganocaffe.com\/wp-content\/uploads\/2025\/04\/elite-dark-400x180.jpg 400w, https:\/\/luganocaffe.com\/wp-content\/uploads\/2025\/04\/elite-dark-768x345.jpg 768w, https:\/\/luganocaffe.com\/wp-content\/uploads\/2025\/04\/elite-dark-430x193.jpg 430w, https:\/\/luganocaffe.com\/wp-content\/uploads\/2025\/04\/elite-dark-700x315.jpg 700w, https:\/\/luganocaffe.com\/wp-content\/uploads\/2025\/04\/elite-dark-150x67.jpg 150w, https:\/\/luganocaffe.com\/wp-content\/uploads\/2025\/04\/elite-dark.jpg 1314w\" sizes=\"auto, (max-width: 1300px) 100vw, 1300px\" \/><\/p>\n","protected":false},"featured_media":23971,"template":"","meta":[],"product_brand":[],"product_cat":[118],"product_tag":[],"class_list":{"0":"post-24166","1":"product","2":"type-product","3":"status-publish","4":"has-post-thumbnail","6":"product_cat-cialde-per-espresso-e-s-e","8":"first","9":"instock","10":"shipping-taxable","11":"product-type-simple"},"_links":{"self":[{"href":"https:\/\/luganocaffe.com\/it\/wp-json\/wp\/v2\/product\/24166","targetHints":{"allow":["GET"]}}],"collection":[{"href":"https:\/\/luganocaffe.com\/it\/wp-json\/wp\/v2\/product"}],"about":[{"href":"https:\/\/luganocaffe.com\/it\/wp-json\/wp\/v2\/types\/product"}],"version-history":[{"count":0,"href":"https:\/\/luganocaffe.com\/it\/wp-json\/wp\/v2\/product\/24166\/revisions"}],"wp:featuredmedia":[{"embeddable":true,"href":"https:\/\/luganocaffe.com\/it\/wp-json\/wp\/v2\/media\/23971"}],"wp:attachment":[{"href":"https:\/\/luganocaffe.com\/it\/wp-json\/wp\/v2\/media?parent=24166"}],"wp:term":[{"taxonomy":"product_brand","embeddable":true,"href":"https:\/\/luganocaffe.com\/it\/wp-json\/wp\/v2\/product_brand?post=24166"},{"taxonomy":"product_cat","embeddable":true,"href":"https:\/\/luganocaffe.com\/it\/wp-json\/wp\/v2\/product_cat?post=24166"},{"taxonomy":"product_tag","embeddable":true,"href":"https:\/\/luganocaffe.com\/it\/wp-json\/wp\/v2\/product_tag?post=24166"}],"curies":[{"name":"wp","href":"https:\/\/api.w.org\/{rel}","templated":true}]}}