{"id":24203,"date":"2025-04-13T22:26:45","date_gmt":"2025-04-13T22:26:45","guid":{"rendered":"https:\/\/luganocaffe.com\/product\/capsule-espresso-compatibili-con-dolce-gusto-classic-10-pz\/"},"modified":"2026-01-15T07:41:46","modified_gmt":"2026-01-15T07:41:46","slug":"capsule-espresso-compatibili-con-dolce-gusto-classic-10-pz","status":"publish","type":"product","link":"https:\/\/luganocaffe.com\/it\/prodotto\/capsule-espresso-compatibili-con-dolce-gusto-classic-10-pz\/","title":{"rendered":"Capsule Espresso compatibili con Dolce Gusto Classic, 10 pz."},"content":{"rendered":"\t\t<div data-elementor-type=\"product-post\" data-elementor-id=\"24203\" class=\"elementor elementor-24203 elementor-19646\" data-elementor-post-type=\"product\">\n\t\t\t\t<div class=\"wd-negative-gap elementor-element elementor-element-9d1af64 e-flex e-con-boxed e-con e-parent\" data-id=\"9d1af64\" data-element_type=\"container\" data-e-type=\"container\" data-settings=\"{&quot;background_background&quot;:&quot;classic&quot;}\">\n\t\t\t\t\t<div class=\"e-con-inner\">\n\t\t\t\t<div class=\"elementor-element elementor-element-a59896f wd-width-100 elementor-invisible elementor-widget elementor-widget-wd_title\" data-id=\"a59896f\" data-element_type=\"widget\" data-e-type=\"widget\" data-settings=\"{&quot;_animation&quot;:&quot;slideInUp&quot;}\" data-widget_type=\"wd_title.default\">\n\t\t\t\t<div class=\"elementor-widget-container\">\n\t\t\t\t\t\t\t<div class=\"title-wrapper wd-set-mb reset-last-child wd-title-color-default wd-title-style-default wd-title-size-default text-center\">\n\n\t\t\t\n\t\t\t<div class=\"liner-continer\">\n\t\t\t\t<h2 class=\"woodmart-title-container title wd-fontsize-l\">Caratteristiche del prodotto<\/h2> \n\t\t\t\t\t\t\t<\/div>\n\n\t\t\t\t\t<\/div>\n\t\t\t\t\t\t<\/div>\n\t\t\t\t<\/div>\n\t\t<div class=\"elementor-element elementor-element-04bf1e7 e-con-full e-grid e-con e-child\" data-id=\"04bf1e7\" data-element_type=\"container\" data-e-type=\"container\">\n\t\t\t\t<div class=\"elementor-element elementor-element-8e22745 elementor-widget elementor-widget-wd_infobox\" data-id=\"8e22745\" data-element_type=\"widget\" data-e-type=\"widget\" data-widget_type=\"wd_infobox.default\">\n\t\t\t\t<div class=\"elementor-widget-container\">\n\t\t\t\t\t\t\t<div class=\"info-box-wrapper\">\n\t\t\t<div class=\"wd-info-box text-center box-icon-align-top box-style-base color-scheme-\">\n\t\t\t\t\t\t\t\t\t<div class=\"box-icon-wrapper  box-with-icon box-icon-with-bg\">\n\t\t\t\t\t\t<div class=\"info-box-icon\">\n\t\t\t\t\t\t\t\t\t\t\t\t\t\t\t<img loading=\"lazy\" decoding=\"async\" width=\"50\" height=\"50\" src=\"https:\/\/luganocaffe.com\/wp-content\/uploads\/2025\/04\/coffee-plant-50x50.png\" class=\"attachment-50x50 size-50x50\" alt=\"coffee-plant icon\" srcset=\"https:\/\/luganocaffe.com\/wp-content\/uploads\/2025\/04\/coffee-plant-50x50.png 50w, https:\/\/luganocaffe.com\/wp-content\/uploads\/2025\/04\/coffee-plant.png 128w\" sizes=\"auto, (max-width: 50px) 100vw, 50px\" \/>\t\t\t\t\t\t\t\t\t\t\t\t\t<\/div>\n\t\t\t\t\t<\/div>\n\t\t\t\t\n\t\t\t\t<div class=\"info-box-content\">\n\t\t\t\t\t\n\t\t\t\t\t\t\t\t\t\t\t<h3\t\t\t\t\t\tclass=\"info-box-title title box-title-style-default wd-fontsize-m\" data-elementor-setting-key=\"title\">\n\t\t\t\t\t\t\t\tOrigine dei chicchi\t\t\t\t\t\t<\/h3>\n\t\t\t\t\t\n\t\t\t\t\t<div class=\"info-box-inner reset-last-child\"data-elementor-setting-key=\"content\"><p>Sud America, Africa centrale e Asia<\/p>\n<\/div>\n\n\t\t\t\t\t\t\t\t\t<\/div>\n\n\t\t\t\t\t\t\t<\/div>\n\t\t<\/div>\n\t\t\t\t\t\t<\/div>\n\t\t\t\t<\/div>\n\t\t\t\t<div class=\"elementor-element elementor-element-75103df elementor-widget elementor-widget-wd_infobox\" data-id=\"75103df\" data-element_type=\"widget\" data-e-type=\"widget\" data-widget_type=\"wd_infobox.default\">\n\t\t\t\t<div class=\"elementor-widget-container\">\n\t\t\t\t\t\t\t<div class=\"info-box-wrapper\">\n\t\t\t<div class=\"wd-info-box text-center box-icon-align-top box-style-base color-scheme-\">\n\t\t\t\t\t\t\t\t\t<div class=\"box-icon-wrapper  box-with-icon box-icon-with-bg\">\n\t\t\t\t\t\t<div class=\"info-box-icon\">\n\t\t\t\t\t\t\t\t\t\t\t\t\t\t\t<img loading=\"lazy\" decoding=\"async\" width=\"50\" height=\"50\" src=\"https:\/\/luganocaffe.com\/wp-content\/uploads\/2025\/04\/coffee-beans-50x50.png\" class=\"attachment-50x50 size-50x50\" alt=\"coffee-beans flavor icon\" srcset=\"https:\/\/luganocaffe.com\/wp-content\/uploads\/2025\/04\/coffee-beans-50x50.png 50w, https:\/\/luganocaffe.com\/wp-content\/uploads\/2025\/04\/coffee-beans.png 128w\" sizes=\"auto, (max-width: 50px) 100vw, 50px\" \/>\t\t\t\t\t\t\t\t\t\t\t\t\t<\/div>\n\t\t\t\t\t<\/div>\n\t\t\t\t\n\t\t\t\t<div class=\"info-box-content\">\n\t\t\t\t\t\n\t\t\t\t\t\t\t\t\t\t\t<h3\t\t\t\t\t\tclass=\"info-box-title title box-title-style-default wd-fontsize-m\" data-elementor-setting-key=\"title\">\n\t\t\t\t\t\t\t\tSpecie di fagioli\t\t\t\t\t\t<\/h3>\n\t\t\t\t\t\n\t\t\t\t\t<div class=\"info-box-inner reset-last-child\"data-elementor-setting-key=\"content\"><p>Arabica e Robusta<span style=\"font-family: FoxGrotesquePro, sans-serif; font-size: 1.2em;\"><\/span><\/p>\n<\/div>\n\n\t\t\t\t\t\t\t\t\t<\/div>\n\n\t\t\t\t\t\t\t<\/div>\n\t\t<\/div>\n\t\t\t\t\t\t<\/div>\n\t\t\t\t<\/div>\n\t\t\t\t<div class=\"elementor-element elementor-element-e12bc43 elementor-widget elementor-widget-wd_infobox\" data-id=\"e12bc43\" data-element_type=\"widget\" data-e-type=\"widget\" data-widget_type=\"wd_infobox.default\">\n\t\t\t\t<div class=\"elementor-widget-container\">\n\t\t\t\t\t\t\t<div class=\"info-box-wrapper\">\n\t\t\t<div class=\"wd-info-box text-center box-icon-align-top box-style-base color-scheme-\">\n\t\t\t\t\t\t\t\t\t<div class=\"box-icon-wrapper  box-with-icon box-icon-with-bg\">\n\t\t\t\t\t\t<div class=\"info-box-icon\">\n\t\t\t\t\t\t\t\t\t\t\t\t\t\t\t<img loading=\"lazy\" decoding=\"async\" width=\"50\" height=\"50\" src=\"https:\/\/luganocaffe.com\/wp-content\/uploads\/2025\/04\/drink-50x50.png\" class=\"attachment-50x50 size-50x50\" alt=\"Coffee Drink aroma icon\" srcset=\"https:\/\/luganocaffe.com\/wp-content\/uploads\/2025\/04\/drink-50x50.png 50w, https:\/\/luganocaffe.com\/wp-content\/uploads\/2025\/04\/drink.png 128w\" sizes=\"auto, (max-width: 50px) 100vw, 50px\" \/>\t\t\t\t\t\t\t\t\t\t\t\t\t<\/div>\n\t\t\t\t\t<\/div>\n\t\t\t\t\n\t\t\t\t<div class=\"info-box-content\">\n\t\t\t\t\t\n\t\t\t\t\t\t\t\t\t\t\t<h3\t\t\t\t\t\tclass=\"info-box-title title box-title-style-default wd-fontsize-m\" data-elementor-setting-key=\"title\">\n\t\t\t\t\t\t\t\tNota\/Aroma\t\t\t\t\t\t<\/h3>\n\t\t\t\t\t\n\t\t\t\t\t<div class=\"info-box-inner reset-last-child\"data-elementor-setting-key=\"content\"><p>Cacao - Spezie<\/p>\n<\/div>\n\n\t\t\t\t\t\t\t\t\t<\/div>\n\n\t\t\t\t\t\t\t<\/div>\n\t\t<\/div>\n\t\t\t\t\t\t<\/div>\n\t\t\t\t<\/div>\n\t\t\t\t<div class=\"elementor-element elementor-element-a5f9926 elementor-widget elementor-widget-wd_infobox\" data-id=\"a5f9926\" data-element_type=\"widget\" data-e-type=\"widget\" data-widget_type=\"wd_infobox.default\">\n\t\t\t\t<div class=\"elementor-widget-container\">\n\t\t\t\t\t\t\t<div class=\"info-box-wrapper\">\n\t\t\t<div class=\"wd-info-box text-center box-icon-align-top box-style-base color-scheme-\">\n\t\t\t\t\t\t\t\t\t<div class=\"box-icon-wrapper  box-with-icon box-icon-with-bg\">\n\t\t\t\t\t\t<div class=\"info-box-icon\">\n\t\t\t\t\t\t\t\t\t\t\t\t\t\t\t<img loading=\"lazy\" decoding=\"async\" width=\"50\" height=\"50\" src=\"https:\/\/luganocaffe.com\/wp-content\/uploads\/2025\/04\/coffee-50x50.png\" class=\"attachment-50x50 size-50x50\" alt=\"coffee roasting icon\" srcset=\"https:\/\/luganocaffe.com\/wp-content\/uploads\/2025\/04\/coffee-50x50.png 50w, https:\/\/luganocaffe.com\/wp-content\/uploads\/2025\/04\/coffee.png 128w\" sizes=\"auto, (max-width: 50px) 100vw, 50px\" \/>\t\t\t\t\t\t\t\t\t\t\t\t\t<\/div>\n\t\t\t\t\t<\/div>\n\t\t\t\t\n\t\t\t\t<div class=\"info-box-content\">\n\t\t\t\t\t\n\t\t\t\t\t\t\t\t\t\t\t<h3\t\t\t\t\t\tclass=\"info-box-title title box-title-style-default wd-fontsize-m\" data-elementor-setting-key=\"title\">\n\t\t\t\t\t\t\t\tGusto del caff\u00e8\t\t\t\t\t\t<\/h3>\n\t\t\t\t\t\n\t\t\t\t\t<div class=\"info-box-inner reset-last-child\"data-elementor-setting-key=\"content\"><p>Nocciola - Dolce<\/p>\n<\/div>\n\n\t\t\t\t\t\t\t\t\t<\/div>\n\n\t\t\t\t\t\t\t<\/div>\n\t\t<\/div>\n\t\t\t\t\t\t<\/div>\n\t\t\t\t<\/div>\n\t\t\t\t<div class=\"elementor-element elementor-element-594b523 elementor-widget elementor-widget-wd_infobox\" data-id=\"594b523\" data-element_type=\"widget\" data-e-type=\"widget\" data-widget_type=\"wd_infobox.default\">\n\t\t\t\t<div class=\"elementor-widget-container\">\n\t\t\t\t\t\t\t<div class=\"info-box-wrapper\">\n\t\t\t<div class=\"wd-info-box text-center box-icon-align-top box-style-base color-scheme-\">\n\t\t\t\t\t\t\t\t\t<div class=\"box-icon-wrapper  box-with-icon box-icon-with-bg\">\n\t\t\t\t\t\t<div class=\"info-box-icon\">\n\t\t\t\t\t\t\t\t\t\t\t\t\t\t\t<img loading=\"lazy\" decoding=\"async\" width=\"50\" height=\"50\" src=\"https:\/\/luganocaffe.com\/wp-content\/uploads\/2025\/04\/resilience-50x50.png\" class=\"attachment-50x50 size-50x50\" alt=\"Coffee Body Intensity Icon\" srcset=\"https:\/\/luganocaffe.com\/wp-content\/uploads\/2025\/04\/resilience-50x50.png 50w, https:\/\/luganocaffe.com\/wp-content\/uploads\/2025\/04\/resilience.png 128w\" sizes=\"auto, (max-width: 50px) 100vw, 50px\" \/>\t\t\t\t\t\t\t\t\t\t\t\t\t<\/div>\n\t\t\t\t\t<\/div>\n\t\t\t\t\n\t\t\t\t<div class=\"info-box-content\">\n\t\t\t\t\t\n\t\t\t\t\t\t\t\t\t\t\t<h3\t\t\t\t\t\tclass=\"info-box-title title box-title-style-default wd-fontsize-m\" data-elementor-setting-key=\"title\">\n\t\t\t\t\t\t\t\tIntensit\u00e0 del corpo\t\t\t\t\t\t<\/h3>\n\t\t\t\t\t\n\t\t\t\t\t<div class=\"info-box-inner reset-last-child\"data-elementor-setting-key=\"content\"><p>08\/14<\/p>\n<\/div>\n\n\t\t\t\t\t\t\t\t\t<\/div>\n\n\t\t\t\t\t\t\t<\/div>\n\t\t<\/div>\n\t\t\t\t\t\t<\/div>\n\t\t\t\t<\/div>\n\t\t\t\t<\/div>\n\t\t\t\t\t<\/div>\n\t\t\t\t<\/div>\n\t\t\t\t<\/div>\n\t\t","protected":false},"excerpt":{"rendered":"<p>Le capsule Espresso compatibili con Dolce Gusto Classic di Lugano Caff\u00e8 hanno una miscela equilibrata di chicchi di caff\u00e8 Arabica e Robusta di alta qualit\u00e0. Queste capsule si distinguono per il loro aroma attraente e intenso. <\/p>\n<p>Il prodotto \u00e8 disponibile in una confezione a diamante (a forma di rombo) contenente 2 sacchetti in PP separati, ciascuno con 5 capsule. Peso netto della capsula: ~7 g \/0,25 oz \u2013 Diametro della capsula: 5,4 cm. Materiali della capsula: plastica PP con beccuccio\/ugello sul fondo, sigillata con un coperchio in alluminio.  <\/p>\n<p><img loading=\"lazy\" decoding=\"async\" class=\"alignnone wp-image-19117 size-large\" src=\"https:\/\/luganocaffe.com\/wp-content\/uploads\/2025\/04\/classic-1300x584.jpg\" alt=\"\" width=\"1300\" height=\"584\" srcset=\"https:\/\/luganocaffe.com\/wp-content\/uploads\/2025\/04\/classic-1300x584.jpg 1300w, https:\/\/luganocaffe.com\/wp-content\/uploads\/2025\/04\/classic-400x180.jpg 400w, https:\/\/luganocaffe.com\/wp-content\/uploads\/2025\/04\/classic-768x345.jpg 768w, https:\/\/luganocaffe.com\/wp-content\/uploads\/2025\/04\/classic-430x193.jpg 430w, https:\/\/luganocaffe.com\/wp-content\/uploads\/2025\/04\/classic-700x314.jpg 700w, https:\/\/luganocaffe.com\/wp-content\/uploads\/2025\/04\/classic-150x67.jpg 150w, https:\/\/luganocaffe.com\/wp-content\/uploads\/2025\/04\/classic.jpg 1314w\" sizes=\"auto, (max-width: 1300px) 100vw, 1300px\" \/><\/p>\n","protected":false},"featured_media":23976,"template":"","meta":[],"product_brand":[],"product_cat":[117],"product_tag":[],"class_list":{"0":"post-24203","1":"product","2":"type-product","3":"status-publish","4":"has-post-thumbnail","6":"product_cat-capsule-dolce-gusto","8":"first","9":"instock","10":"shipping-taxable","11":"product-type-simple"},"_links":{"self":[{"href":"https:\/\/luganocaffe.com\/it\/wp-json\/wp\/v2\/product\/24203","targetHints":{"allow":["GET"]}}],"collection":[{"href":"https:\/\/luganocaffe.com\/it\/wp-json\/wp\/v2\/product"}],"about":[{"href":"https:\/\/luganocaffe.com\/it\/wp-json\/wp\/v2\/types\/product"}],"version-history":[{"count":0,"href":"https:\/\/luganocaffe.com\/it\/wp-json\/wp\/v2\/product\/24203\/revisions"}],"wp:featuredmedia":[{"embeddable":true,"href":"https:\/\/luganocaffe.com\/it\/wp-json\/wp\/v2\/media\/23976"}],"wp:attachment":[{"href":"https:\/\/luganocaffe.com\/it\/wp-json\/wp\/v2\/media?parent=24203"}],"wp:term":[{"taxonomy":"product_brand","embeddable":true,"href":"https:\/\/luganocaffe.com\/it\/wp-json\/wp\/v2\/product_brand?post=24203"},{"taxonomy":"product_cat","embeddable":true,"href":"https:\/\/luganocaffe.com\/it\/wp-json\/wp\/v2\/product_cat?post=24203"},{"taxonomy":"product_tag","embeddable":true,"href":"https:\/\/luganocaffe.com\/it\/wp-json\/wp\/v2\/product_tag?post=24203"}],"curies":[{"name":"wp","href":"https:\/\/api.w.org\/{rel}","templated":true}]}}