{"id":24267,"date":"2025-04-13T22:11:55","date_gmt":"2025-04-13T22:11:55","guid":{"rendered":"https:\/\/luganocaffe.com\/product\/macchina-per-cialde-espresso-elite-mini\/"},"modified":"2026-01-15T07:41:46","modified_gmt":"2026-01-15T07:41:46","slug":"macchina-per-cialde-espresso-elite-mini","status":"publish","type":"product","link":"https:\/\/luganocaffe.com\/it\/prodotto\/macchina-per-cialde-espresso-elite-mini\/","title":{"rendered":"Macchina per cialde espresso Elite Mini"},"content":{"rendered":"\t\t<div data-elementor-type=\"wp-post\" data-elementor-id=\"24267\" class=\"elementor elementor-24267 elementor-19614\" data-elementor-post-type=\"product\">\n\t\t\t\t<div class=\"wd-negative-gap elementor-element elementor-element-ea68eb8 e-flex e-con-boxed e-con e-parent\" data-id=\"ea68eb8\" data-element_type=\"container\" data-e-type=\"container\" data-settings=\"{&quot;background_background&quot;:&quot;classic&quot;}\">\n\t\t\t\t\t<div class=\"e-con-inner\">\n\t\t<div class=\"elementor-element elementor-element-3f4a5c1 e-grid e-con-full e-con e-child\" data-id=\"3f4a5c1\" data-element_type=\"container\" data-e-type=\"container\">\n\t\t<div class=\"elementor-element elementor-element-9519f88 e-con-full e-flex e-con e-child\" data-id=\"9519f88\" data-element_type=\"container\" data-e-type=\"container\">\n\t\t<div class=\"elementor-element elementor-element-515f4bf e-con-full e-flex e-con e-child\" data-id=\"515f4bf\" data-element_type=\"container\" data-e-type=\"container\">\n\t\t\t\t<div class=\"elementor-element elementor-element-0759b78 wd-width-100 elementor-invisible elementor-widget elementor-widget-wd_title\" data-id=\"0759b78\" data-element_type=\"widget\" data-e-type=\"widget\" data-settings=\"{&quot;_animation&quot;:&quot;slideInUp&quot;}\" data-widget_type=\"wd_title.default\">\n\t\t\t\t<div class=\"elementor-widget-container\">\n\t\t\t\t\t\t\t<div class=\"title-wrapper wd-set-mb reset-last-child wd-title-color-default wd-title-style-default wd-title-size-default text-left\">\n\n\t\t\t\n\t\t\t<div class=\"liner-continer\">\n\t\t\t\t<h3 class=\"woodmart-title-container title wd-fontsize-l\">Macchina per cialde espresso Elite Mini<\/h3> \n\t\t\t\t\t\t\t<\/div>\n\n\t\t\t\t\t\t\t<div class=\"title-after_title reset-last-child wd-fontsize-xs\">\n\t\t\t\t\t<p>Aggiungi un tocco di classe al tuo ufficio e alla tua casa con la macchina per cialde espresso Elite Mini di Lugano Caff\u00e8.<\/p>\t\t\t\t<\/div>\n\t\t\t\t\t<\/div>\n\t\t\t\t\t\t<\/div>\n\t\t\t\t<\/div>\n\t\t\t\t<\/div>\n\t\t\t\t<div class=\"elementor-element elementor-element-942a618 elementor-invisible elementor-widget elementor-widget-image\" data-id=\"942a618\" data-element_type=\"widget\" data-e-type=\"widget\" data-settings=\"{&quot;_animation&quot;:&quot;wd-anim-slide-from-bottom&quot;}\" data-widget_type=\"image.default\">\n\t\t\t\t<div class=\"elementor-widget-container\">\n\t\t\t\t\t\t\t\t\t\t\t\t\t\t\t<img decoding=\"async\" src=\"https:\/\/luganocaffe.com\/wp-content\/uploads\/elementor\/thumbs\/Elite-Mini-Espresso-Pod-Machine-Black-Color-rdyuowhhhs2fv6n5i1yv79hklg5hagog15bhtfygz4.jpg\" title=\"Macchina per cialde espresso Elite Mini colore nero\" alt=\"Macchina per cialde espresso Elite Mini colore nero\" class=\"elementor-animation-float\" loading=\"lazy\" \/>\t\t\t\t\t\t\t\t\t\t\t\t\t\t\t<\/div>\n\t\t\t\t<\/div>\n\t\t\t\t<\/div>\n\t\t<div class=\"elementor-element elementor-element-88ef643 e-con-full e-flex e-con e-child\" data-id=\"88ef643\" data-element_type=\"container\" data-e-type=\"container\">\n\t\t\t\t<div class=\"elementor-element elementor-element-722296d elementor-invisible elementor-widget elementor-widget-image\" data-id=\"722296d\" data-element_type=\"widget\" data-e-type=\"widget\" data-settings=\"{&quot;_animation&quot;:&quot;wd-anim-slide-from-bottom&quot;}\" data-widget_type=\"image.default\">\n\t\t\t\t<div class=\"elementor-widget-container\">\n\t\t\t\t\t\t\t\t\t\t\t\t\t\t\t<img decoding=\"async\" src=\"https:\/\/luganocaffe.com\/wp-content\/uploads\/elementor\/thumbs\/Elite-Mini-Espresso-Pod-Machine-Black-Color-Cup-Holder-and-Empty-Tray-rdyuotnyx9ykwcr8yiqzhs76tajdndd90rd1dm2nhs.jpg\" title=\"Macchina per cialde espresso Elite Mini colore nero con portabicchieri e vassoio vuoto\" alt=\"Macchina per cialde espresso Elite Mini colore nero con portabicchieri e vassoio vuoto\" class=\"elementor-animation-float\" loading=\"lazy\" \/>\t\t\t\t\t\t\t\t\t\t\t\t\t\t\t<\/div>\n\t\t\t\t<\/div>\n\t\t\t\t<div class=\"elementor-element elementor-element-0bbcdfe wd-width-100 elementor-invisible elementor-widget elementor-widget-wd_title\" data-id=\"0bbcdfe\" data-element_type=\"widget\" data-e-type=\"widget\" data-settings=\"{&quot;_animation&quot;:&quot;slideInUp&quot;}\" data-widget_type=\"wd_title.default\">\n\t\t\t\t<div class=\"elementor-widget-container\">\n\t\t\t\t\t\t\t<div class=\"title-wrapper wd-set-mb reset-last-child wd-title-color-default wd-title-style-default wd-title-size-default text-left\">\n\n\t\t\t\n\t\t\t<div class=\"liner-continer\">\n\t\t\t\t<h3 class=\"woodmart-title-container title wd-fontsize-l\">Singolo e Lungo con un semplice tocco<\/h3> \n\t\t\t\t\t\t\t<\/div>\n\n\t\t\t\t\t\t\t<div class=\"title-after_title reset-last-child wd-fontsize-xs\">\n\t\t\t\t\t<p>Bastano solo 30 secondi per preparare il tuo espresso con la facilit\u00e0 di un semplice tocco. <\/p>\t\t\t\t<\/div>\n\t\t\t\t\t<\/div>\n\t\t\t\t\t\t<\/div>\n\t\t\t\t<\/div>\n\t\t\t\t<\/div>\n\t\t<div class=\"elementor-element elementor-element-8fe39fe e-con-full e-flex e-con e-child\" data-id=\"8fe39fe\" data-element_type=\"container\" data-e-type=\"container\">\n\t\t\t\t<div class=\"elementor-element elementor-element-019ecb0 wd-width-100 elementor-invisible elementor-widget elementor-widget-wd_title\" data-id=\"019ecb0\" data-element_type=\"widget\" data-e-type=\"widget\" data-settings=\"{&quot;_animation&quot;:&quot;slideInUp&quot;}\" data-widget_type=\"wd_title.default\">\n\t\t\t\t<div class=\"elementor-widget-container\">\n\t\t\t\t\t\t\t<div class=\"title-wrapper wd-set-mb reset-last-child wd-title-color-default wd-title-style-default wd-title-size-default text-left\">\n\n\t\t\t\n\t\t\t<div class=\"liner-continer\">\n\t\t\t\t<h3 class=\"woodmart-title-container title wd-fontsize-l\">Stile italiano, produzione italiana<\/h3> \n\t\t\t\t\t\t\t<\/div>\n\n\t\t\t\t\t\t\t<div class=\"title-after_title reset-last-child wd-fontsize-xs\">\n\t\t\t\t\t<p>La nostra macchina \u00e8 realizzata al 100% in Italia da mani italiane, dalla tecnica di funzionamento allo stile esterno. <\/p>\t\t\t\t<\/div>\n\t\t\t\t\t<\/div>\n\t\t\t\t\t\t<\/div>\n\t\t\t\t<\/div>\n\t\t\t\t<div class=\"elementor-element elementor-element-6b3d5fc elementor-invisible elementor-widget elementor-widget-image\" data-id=\"6b3d5fc\" data-element_type=\"widget\" data-e-type=\"widget\" data-settings=\"{&quot;_animation&quot;:&quot;wd-anim-slide-from-bottom&quot;}\" data-widget_type=\"image.default\">\n\t\t\t\t<div class=\"elementor-widget-container\">\n\t\t\t\t\t\t\t\t\t\t\t\t\t\t\t<img decoding=\"async\" src=\"https:\/\/luganocaffe.com\/wp-content\/uploads\/elementor\/thumbs\/Elite-Mini-Espresso-Pod-Machine-Black-Color-in-an-Italian-Mood-rdyuosq4qfxakqsm40ccxafq7wo0fo9iompjwc41o0.jpg\" title=\"Macchina per cialde espresso Elite Mini colore nero in un&#8217;atmosfera italiana\" alt=\"Macchina per cialde espresso Elite Mini colore nero in un&#039;atmosfera italiana\" class=\"elementor-animation-float\" loading=\"lazy\" \/>\t\t\t\t\t\t\t\t\t\t\t\t\t\t\t<\/div>\n\t\t\t\t<\/div>\n\t\t\t\t<\/div>\n\t\t\t\t<\/div>\n\t\t\t\t\t<\/div>\n\t\t\t\t<\/div>\n\t\t<div class=\"wd-negative-gap elementor-element elementor-element-da05965 e-flex e-con-boxed e-con e-parent\" data-id=\"da05965\" data-element_type=\"container\" data-e-type=\"container\" data-settings=\"{&quot;background_background&quot;:&quot;classic&quot;}\">\n\t\t\t\t\t<div class=\"e-con-inner\">\n\t\t<div class=\"elementor-element elementor-element-1cc4e4b e-grid e-con-full e-con e-child\" data-id=\"1cc4e4b\" data-element_type=\"container\" data-e-type=\"container\">\n\t\t<div class=\"elementor-element elementor-element-b8728cf e-con-full e-flex e-con e-child\" data-id=\"b8728cf\" data-element_type=\"container\" data-e-type=\"container\">\n\t\t<div class=\"elementor-element elementor-element-68f7c59 e-con-full e-flex e-con e-child\" data-id=\"68f7c59\" data-element_type=\"container\" data-e-type=\"container\">\n\t\t\t\t<div class=\"elementor-element elementor-element-d755f40 wd-width-100 elementor-invisible elementor-widget elementor-widget-wd_title\" data-id=\"d755f40\" data-element_type=\"widget\" data-e-type=\"widget\" data-settings=\"{&quot;_animation&quot;:&quot;slideInUp&quot;}\" data-widget_type=\"wd_title.default\">\n\t\t\t\t<div class=\"elementor-widget-container\">\n\t\t\t\t\t\t\t<div class=\"title-wrapper wd-set-mb reset-last-child wd-title-color-default wd-title-style-default wd-title-size-default text-left\">\n\n\t\t\t\n\t\t\t<div class=\"liner-continer\">\n\t\t\t\t<h3 class=\"woodmart-title-container title wd-fontsize-l\">Dimensioni ridotte, prestazioni elevate<\/h3> \n\t\t\t\t\t\t\t<\/div>\n\n\t\t\t\t\t\t\t<div class=\"title-after_title reset-last-child wd-fontsize-xs\">\n\t\t\t\t\t<p>La macchina per cialde espresso Elite Mini \u00e8 stata progettata per occupare poco spazio e offrirti al contempo l'espresso pi\u00f9 cremoso possibile.<\/p>\t\t\t\t<\/div>\n\t\t\t\t\t<\/div>\n\t\t\t\t\t\t<\/div>\n\t\t\t\t<\/div>\n\t\t\t\t<\/div>\n\t\t\t\t<div class=\"elementor-element elementor-element-f491a69 e-transform elementor-invisible elementor-widget elementor-widget-image\" data-id=\"f491a69\" data-element_type=\"widget\" data-e-type=\"widget\" data-settings=\"{&quot;_animation&quot;:&quot;wd-anim-slide-from-bottom&quot;,&quot;_transform_flipX_effect&quot;:&quot;transform&quot;}\" data-widget_type=\"image.default\">\n\t\t\t\t<div class=\"elementor-widget-container\">\n\t\t\t\t\t\t\t\t\t\t\t\t\t\t\t<img decoding=\"async\" src=\"https:\/\/luganocaffe.com\/wp-content\/uploads\/elementor\/thumbs\/Elite-Mini-Espresso-Pod-Machine-Red-Color-in-an-Elite-Kitchen-rdyuovjnay15jkoinjk8mrq402a42rkpp0o0c5zv5c.jpg\" title=\"Macchina per cialde espresso Elite Mini colore rosso in una cucina di classe\" alt=\"Macchina per cialde espresso Elite Mini colore rosso in una cucina di classe\" class=\"elementor-animation-float\" loading=\"lazy\" \/>\t\t\t\t\t\t\t\t\t\t\t\t\t\t\t<\/div>\n\t\t\t\t<\/div>\n\t\t\t\t<\/div>\n\t\t<div class=\"elementor-element elementor-element-da1a3bf e-con-full e-flex e-con e-child\" data-id=\"da1a3bf\" data-element_type=\"container\" data-e-type=\"container\">\n\t\t\t\t<div class=\"elementor-element elementor-element-618cf89 elementor-invisible elementor-widget elementor-widget-image\" data-id=\"618cf89\" data-element_type=\"widget\" data-e-type=\"widget\" data-settings=\"{&quot;_animation&quot;:&quot;wd-anim-slide-from-bottom&quot;}\" data-widget_type=\"image.default\">\n\t\t\t\t<div class=\"elementor-widget-container\">\n\t\t\t\t\t\t\t\t\t\t\t\t\t\t\t<img decoding=\"async\" src=\"https:\/\/luganocaffe.com\/wp-content\/uploads\/elementor\/thumbs\/Elite-Mini-Espresso-Capsule-Machine-Red-Color-Cup-Holder-and-Empty-Tray-rdyvvqyn0wpz3aemb2pncy8zeqyt5rryx7vaciffcg.jpg\" title=\"Macchina per capsule e cialde espresso Elite Mini colore rosso con portabicchieri e vassoio vuoto\" alt=\"Macchina per capsule e cialde espresso Elite Mini colore rosso con portabicchieri e vassoio vuoto\" class=\"elementor-animation-float\" loading=\"lazy\" \/>\t\t\t\t\t\t\t\t\t\t\t\t\t\t\t<\/div>\n\t\t\t\t<\/div>\n\t\t\t\t<div class=\"elementor-element elementor-element-48e0f83 wd-width-100 elementor-invisible elementor-widget elementor-widget-wd_title\" data-id=\"48e0f83\" data-element_type=\"widget\" data-e-type=\"widget\" data-settings=\"{&quot;_animation&quot;:&quot;slideInUp&quot;}\" data-widget_type=\"wd_title.default\">\n\t\t\t\t<div class=\"elementor-widget-container\">\n\t\t\t\t\t\t\t<div class=\"title-wrapper wd-set-mb reset-last-child wd-title-color-default wd-title-style-default wd-title-size-default text-left\">\n\n\t\t\t\n\t\t\t<div class=\"liner-continer\">\n\t\t\t\t<h3 class=\"woodmart-title-container title wd-fontsize-l\">Vassoio raccogligocce e cialde usate<\/h3> \n\t\t\t\t\t\t\t<\/div>\n\n\t\t\t\t\t\t\t<div class=\"title-after_title reset-last-child wd-fontsize-xs\">\n\t\t\t\t\t<p>Pratico vassoio di raccolta, facile da svuotare e pulire. Una base e un filtro per acqua e gocce di espresso per mantenere pulito il tuo angolo caff\u00e8. <\/p>\t\t\t\t<\/div>\n\t\t\t\t\t<\/div>\n\t\t\t\t\t\t<\/div>\n\t\t\t\t<\/div>\n\t\t\t\t<\/div>\n\t\t<div class=\"elementor-element elementor-element-5bae70b e-con-full e-flex e-con e-child\" data-id=\"5bae70b\" data-element_type=\"container\" data-e-type=\"container\">\n\t\t\t\t<div class=\"elementor-element elementor-element-6a43def wd-width-100 elementor-invisible elementor-widget elementor-widget-wd_title\" data-id=\"6a43def\" data-element_type=\"widget\" data-e-type=\"widget\" data-settings=\"{&quot;_animation&quot;:&quot;slideInUp&quot;}\" data-widget_type=\"wd_title.default\">\n\t\t\t\t<div class=\"elementor-widget-container\">\n\t\t\t\t\t\t\t<div class=\"title-wrapper wd-set-mb reset-last-child wd-title-color-default wd-title-style-default wd-title-size-default text-left\">\n\n\t\t\t\n\t\t\t<div class=\"liner-continer\">\n\t\t\t\t<h3 class=\"woodmart-title-container title wd-fontsize-l\">Cialde E.S.E. per un mondo pi\u00f9 verde<\/h3> \n\t\t\t\t\t\t\t<\/div>\n\n\t\t\t\t\t\t\t<div class=\"title-after_title reset-last-child wd-fontsize-xs\">\n\t\t\t\t\t<p>Il sistema a cialde \u00e8 il modo pi\u00f9 sostenibile per gustare un ottimo caff\u00e8, grazie alla sua biodegradabilit\u00e0.<\/p>\t\t\t\t<\/div>\n\t\t\t\t\t<\/div>\n\t\t\t\t\t\t<\/div>\n\t\t\t\t<\/div>\n\t\t\t\t<div class=\"elementor-element elementor-element-b1c6b10 elementor-invisible elementor-widget elementor-widget-image\" data-id=\"b1c6b10\" data-element_type=\"widget\" data-e-type=\"widget\" data-settings=\"{&quot;_animation&quot;:&quot;wd-anim-slide-from-bottom&quot;}\" data-widget_type=\"image.default\">\n\t\t\t\t<div class=\"elementor-widget-container\">\n\t\t\t\t\t\t\t\t\t\t\t\t\t\t\t<img decoding=\"async\" src=\"https:\/\/luganocaffe.com\/wp-content\/uploads\/elementor\/thumbs\/Lugano-Mahines-Pod-Compatibility-Sizes-and-Details-3-rdyuozb02a6au0j21l6qwqrydlrkxjzn1j9y99uagg.jpg\" title=\"Dimensioni e dettagli di compatibilit\u00e0 delle cialde Lugano Mahines\" alt=\"Dimensioni e dettagli di compatibilit\u00e0 delle cialde Lugano Mahines\" class=\"elementor-animation-float\" loading=\"lazy\" \/>\t\t\t\t\t\t\t\t\t\t\t\t\t\t\t<\/div>\n\t\t\t\t<\/div>\n\t\t\t\t<\/div>\n\t\t\t\t<\/div>\n\t\t\t\t\t<\/div>\n\t\t\t\t<\/div>\n\t\t<div class=\"wd-negative-gap elementor-element elementor-element-9e17137 e-flex e-con-boxed e-con e-parent\" data-id=\"9e17137\" data-element_type=\"container\" data-e-type=\"container\" data-settings=\"{&quot;background_background&quot;:&quot;classic&quot;}\">\n\t\t\t\t\t<div class=\"e-con-inner\">\n\t\t<div class=\"elementor-element elementor-element-90c5ab9 e-con-full e-flex e-con e-child\" data-id=\"90c5ab9\" data-element_type=\"container\" data-e-type=\"container\">\n\t\t\t\t<div class=\"elementor-element elementor-element-dae485a wd-width-100 elementor-invisible elementor-widget elementor-widget-wd_title\" data-id=\"dae485a\" data-element_type=\"widget\" data-e-type=\"widget\" data-settings=\"{&quot;_animation&quot;:&quot;slideInUp&quot;}\" data-widget_type=\"wd_title.default\">\n\t\t\t\t<div class=\"elementor-widget-container\">\n\t\t\t\t\t\t\t<div class=\"title-wrapper wd-set-mb reset-last-child wd-title-color-default wd-title-style-default wd-title-size-default text-left\">\n\n\t\t\t\n\t\t\t<div class=\"liner-continer\">\n\t\t\t\t<h3 class=\"woodmart-title-container title wd-fontsize-l\">Caratteristiche tecniche<\/h3> \n\t\t\t\t\t\t\t<\/div>\n\n\t\t\t\t\t<\/div>\n\t\t\t\t\t\t<\/div>\n\t\t\t\t<\/div>\n\t\t\t\t<div class=\"elementor-element elementor-element-de7a312 color-scheme-inherit text-left elementor-widget elementor-widget-text-editor\" data-id=\"de7a312\" data-element_type=\"widget\" data-e-type=\"widget\" data-widget_type=\"text-editor.default\">\n\t\t\t\t<div class=\"elementor-widget-container\">\n\t\t\t\t\t\t\t\t\t<table dir=\"ltr\" data-sheets-root=\"1\" data-sheets-baot=\"1\">\n<tbody>\n<tr>\n<td>Voltaggio<\/td>\n<td>220-240 V\/ 50-60 Hz<\/td>\n<\/tr>\n<tr>\n<td>Materiali del corpo<\/td>\n<td>Metallo e termoplastica<\/td>\n<\/tr>\n<tr>\n<td>Dimensioni<\/td>\n<td>(LxPxA) 10,5*33*23,5 mm<\/td>\n<\/tr>\n<tr>\n<td>Peso<\/td>\n<td>2,8 Kg<\/td>\n<\/tr>\n<tr>\n<td>Potenza<\/td>\n<td>850 W<\/td>\n<\/tr>\n<tr>\n<td>Pannello di controllo<\/td>\n<td>Frontale<\/td>\n<\/tr>\n<tr>\n<td>Colori disponibili<\/td>\n<td>Nero, bianco e rosso.<\/td>\n<\/tr>\n<tr>\n<td>Pressione della pompa<\/td>\n<td>19 bar<\/td>\n<\/tr>\n<tr>\n<td>Tempo di riscaldamento<\/td>\n<td>60 secondi<\/td>\n<\/tr>\n<tr>\n<td>Dispositivi di sicurezza<\/td>\n<td>Fusibile di sicurezza<\/td>\n<\/tr>\n<tr>\n<td>Capacit\u00e0 serbatoio acqua<\/td>\n<td>0,8 L<\/td>\n<\/tr>\n<tr>\n<td>Varianti disponibili<\/td>\n<td>Cialde E.S.E.<\/td>\n<\/tr>\n<tr>\n<td>Diametro della cialda E.S.E.<\/td>\n<td>44 mm<\/td>\n<\/tr>\n<tr>\n<td>Opzione serbatoio<\/td>\n<td>Trasparente e rimovibile<\/td>\n<\/tr>\n<\/tbody>\n<\/table>\t\t\t\t\t\t\t\t<\/div>\n\t\t\t\t<\/div>\n\t\t\t\t<\/div>\n\t\t\t\t\t<\/div>\n\t\t\t\t<\/div>\n\t\t\t\t<\/div>\n\t\t","protected":false},"excerpt":{"rendered":"<p>La macchina per cialde espresso Elite Mini \u00e8 un dispositivo per ufficio e per la casa, di dimensioni ridotte ma dalle prestazioni elevate. Questa macchina per espresso dal design elegante utilizza cialde E.S.E. (Easy Serving Espresso Pods) per produrre ottimi caff\u00e8 espresso con dosi programmabili. <\/p>\n","protected":false},"featured_media":24268,"template":"","meta":[],"product_brand":[],"product_cat":[116],"product_tag":[],"class_list":{"0":"post-24267","1":"product","2":"type-product","3":"status-publish","4":"has-post-thumbnail","6":"product_cat-macchine-da-caffe","8":"first","9":"instock","10":"shipping-taxable","11":"product-type-simple"},"_links":{"self":[{"href":"https:\/\/luganocaffe.com\/it\/wp-json\/wp\/v2\/product\/24267","targetHints":{"allow":["GET"]}}],"collection":[{"href":"https:\/\/luganocaffe.com\/it\/wp-json\/wp\/v2\/product"}],"about":[{"href":"https:\/\/luganocaffe.com\/it\/wp-json\/wp\/v2\/types\/product"}],"version-history":[{"count":0,"href":"https:\/\/luganocaffe.com\/it\/wp-json\/wp\/v2\/product\/24267\/revisions"}],"wp:featuredmedia":[{"embeddable":true,"href":"https:\/\/luganocaffe.com\/it\/wp-json\/wp\/v2\/media\/24268"}],"wp:attachment":[{"href":"https:\/\/luganocaffe.com\/it\/wp-json\/wp\/v2\/media?parent=24267"}],"wp:term":[{"taxonomy":"product_brand","embeddable":true,"href":"https:\/\/luganocaffe.com\/it\/wp-json\/wp\/v2\/product_brand?post=24267"},{"taxonomy":"product_cat","embeddable":true,"href":"https:\/\/luganocaffe.com\/it\/wp-json\/wp\/v2\/product_cat?post=24267"},{"taxonomy":"product_tag","embeddable":true,"href":"https:\/\/luganocaffe.com\/it\/wp-json\/wp\/v2\/product_tag?post=24267"}],"curies":[{"name":"wp","href":"https:\/\/api.w.org\/{rel}","templated":true}]}}