{"id":24278,"date":"2025-04-13T22:08:25","date_gmt":"2025-04-13T22:08:25","guid":{"rendered":"https:\/\/luganocaffe.com\/product\/macchina-per-capsule-espresso-elite-mini\/"},"modified":"2026-01-15T07:41:46","modified_gmt":"2026-01-15T07:41:46","slug":"macchina-per-capsule-espresso-elite-mini","status":"publish","type":"product","link":"https:\/\/luganocaffe.com\/it\/prodotto\/macchina-per-capsule-espresso-elite-mini\/","title":{"rendered":"Macchina per capsule espresso Elite Mini"},"content":{"rendered":"\t\t<div data-elementor-type=\"wp-post\" data-elementor-id=\"24278\" class=\"elementor elementor-24278 elementor-19602\" data-elementor-post-type=\"product\">\n\t\t\t\t<div class=\"wd-negative-gap elementor-element elementor-element-a471d95 e-flex e-con-boxed e-con e-parent\" data-id=\"a471d95\" data-element_type=\"container\" data-e-type=\"container\" data-settings=\"{&quot;background_background&quot;:&quot;classic&quot;}\">\n\t\t\t\t\t<div class=\"e-con-inner\">\n\t\t<div class=\"elementor-element elementor-element-d9925c8 e-grid e-con-full e-con e-child\" data-id=\"d9925c8\" data-element_type=\"container\" data-e-type=\"container\">\n\t\t<div class=\"elementor-element elementor-element-c92f996 e-con-full e-flex e-con e-child\" data-id=\"c92f996\" data-element_type=\"container\" data-e-type=\"container\">\n\t\t<div class=\"elementor-element elementor-element-2212406 e-con-full e-flex e-con e-child\" data-id=\"2212406\" data-element_type=\"container\" data-e-type=\"container\">\n\t\t\t\t<div class=\"elementor-element elementor-element-3b502da wd-width-100 elementor-invisible elementor-widget elementor-widget-wd_title\" data-id=\"3b502da\" data-element_type=\"widget\" data-e-type=\"widget\" data-settings=\"{&quot;_animation&quot;:&quot;slideInUp&quot;}\" data-widget_type=\"wd_title.default\">\n\t\t\t\t<div class=\"elementor-widget-container\">\n\t\t\t\t\t\t\t<div class=\"title-wrapper wd-set-mb reset-last-child wd-title-color-default wd-title-style-default wd-title-size-default text-left\">\n\n\t\t\t\n\t\t\t<div class=\"liner-continer\">\n\t\t\t\t<h3 class=\"woodmart-title-container title wd-fontsize-l\">Macchina per capsule espresso Elite Mini<\/h3> \n\t\t\t\t\t\t\t<\/div>\n\n\t\t\t\t\t\t\t<div class=\"title-after_title reset-last-child wd-fontsize-xs\">\n\t\t\t\t\t<p>Aggiungi un tocco di classe al tuo ufficio e alla tua casa con la macchina per capsule espresso Elite Mini di Lugano Caff\u00e8.<\/p>\t\t\t\t<\/div>\n\t\t\t\t\t<\/div>\n\t\t\t\t\t\t<\/div>\n\t\t\t\t<\/div>\n\t\t\t\t<\/div>\n\t\t\t\t<div class=\"elementor-element elementor-element-5104329 elementor-invisible elementor-widget elementor-widget-image\" data-id=\"5104329\" data-element_type=\"widget\" data-e-type=\"widget\" data-settings=\"{&quot;_animation&quot;:&quot;wd-anim-slide-from-bottom&quot;}\" data-widget_type=\"image.default\">\n\t\t\t\t<div class=\"elementor-widget-container\">\n\t\t\t\t\t\t\t\t\t\t\t\t\t\t\t<img decoding=\"async\" src=\"https:\/\/luganocaffe.com\/wp-content\/uploads\/elementor\/thumbs\/Elite-Mini-Espresso-Capsule-Machine-Color-Collection-rdyww4bth4iec3koxaoyc9u2whp4056298mnuyi0kw.jpg\" title=\"Collezione di colori della macchina per capsule espresso Elite Mini\" alt=\"Collezione di colori della macchina per capsule espresso Elite Mini\" class=\"elementor-animation-float\" loading=\"lazy\" \/>\t\t\t\t\t\t\t\t\t\t\t\t\t\t\t<\/div>\n\t\t\t\t<\/div>\n\t\t\t\t<\/div>\n\t\t<div class=\"elementor-element elementor-element-e479bd1 e-con-full e-flex e-con e-child\" data-id=\"e479bd1\" data-element_type=\"container\" data-e-type=\"container\">\n\t\t\t\t<div class=\"elementor-element elementor-element-f11fe48 elementor-invisible elementor-widget elementor-widget-image\" data-id=\"f11fe48\" data-element_type=\"widget\" data-e-type=\"widget\" data-settings=\"{&quot;_animation&quot;:&quot;wd-anim-slide-from-bottom&quot;}\" data-widget_type=\"image.default\">\n\t\t\t\t<div class=\"elementor-widget-container\">\n\t\t\t\t\t\t\t\t\t\t\t\t\t\t\t<img decoding=\"async\" src=\"https:\/\/luganocaffe.com\/wp-content\/uploads\/elementor\/thumbs\/Elite-Mini-Espresso-Capsule-Machine-Black-Color-rdyww910faoty5dv5uq36qndvf1y2mopxvw39cb1ps.jpg\" title=\"Macchina per capsule espresso Elite Mini colore nero\" alt=\"Macchina per capsule espresso Elite Mini colore nero\" class=\"elementor-animation-float\" loading=\"lazy\" \/>\t\t\t\t\t\t\t\t\t\t\t\t\t\t\t<\/div>\n\t\t\t\t<\/div>\n\t\t\t\t<div class=\"elementor-element elementor-element-e6ea4fe wd-width-100 elementor-invisible elementor-widget elementor-widget-wd_title\" data-id=\"e6ea4fe\" data-element_type=\"widget\" data-e-type=\"widget\" data-settings=\"{&quot;_animation&quot;:&quot;slideInUp&quot;}\" data-widget_type=\"wd_title.default\">\n\t\t\t\t<div class=\"elementor-widget-container\">\n\t\t\t\t\t\t\t<div class=\"title-wrapper wd-set-mb reset-last-child wd-title-color-default wd-title-style-default wd-title-size-default text-left\">\n\n\t\t\t\n\t\t\t<div class=\"liner-continer\">\n\t\t\t\t<h3 class=\"woodmart-title-container title wd-fontsize-l\">Singolo e Lungo con un semplice tocco<\/h3> \n\t\t\t\t\t\t\t<\/div>\n\n\t\t\t\t\t\t\t<div class=\"title-after_title reset-last-child wd-fontsize-xs\">\n\t\t\t\t\t<p>Bastano solo 30 secondi per preparare il tuo espresso con la facilit\u00e0 di un semplice tocco. <\/p>\t\t\t\t<\/div>\n\t\t\t\t\t<\/div>\n\t\t\t\t\t\t<\/div>\n\t\t\t\t<\/div>\n\t\t\t\t<\/div>\n\t\t<div class=\"elementor-element elementor-element-968baf0 e-con-full e-flex e-con e-child\" data-id=\"968baf0\" data-element_type=\"container\" data-e-type=\"container\">\n\t\t\t\t<div class=\"elementor-element elementor-element-441c026 wd-width-100 elementor-invisible elementor-widget elementor-widget-wd_title\" data-id=\"441c026\" data-element_type=\"widget\" data-e-type=\"widget\" data-settings=\"{&quot;_animation&quot;:&quot;slideInUp&quot;}\" data-widget_type=\"wd_title.default\">\n\t\t\t\t<div class=\"elementor-widget-container\">\n\t\t\t\t\t\t\t<div class=\"title-wrapper wd-set-mb reset-last-child wd-title-color-default wd-title-style-default wd-title-size-default text-left\">\n\n\t\t\t\n\t\t\t<div class=\"liner-continer\">\n\t\t\t\t<h3 class=\"woodmart-title-container title wd-fontsize-l\">Stile italiano, produzione italiana<\/h3> \n\t\t\t\t\t\t\t<\/div>\n\n\t\t\t\t\t\t\t<div class=\"title-after_title reset-last-child wd-fontsize-xs\">\n\t\t\t\t\t<p>La nostra macchina \u00e8 realizzata al 100% in Italia da mani italiane, dalla tecnica di funzionamento allo stile esterno. <\/p>\t\t\t\t<\/div>\n\t\t\t\t\t<\/div>\n\t\t\t\t\t\t<\/div>\n\t\t\t\t<\/div>\n\t\t\t\t<div class=\"elementor-element elementor-element-6b329d7 elementor-invisible elementor-widget elementor-widget-image\" data-id=\"6b329d7\" data-element_type=\"widget\" data-e-type=\"widget\" data-settings=\"{&quot;_animation&quot;:&quot;wd-anim-slide-from-bottom&quot;}\" data-widget_type=\"image.default\">\n\t\t\t\t<div class=\"elementor-widget-container\">\n\t\t\t\t\t\t\t\t\t\t\t\t\t\t\t<img decoding=\"async\" src=\"https:\/\/luganocaffe.com\/wp-content\/uploads\/elementor\/thumbs\/Elite-Mini-Espresso-Pod-Machine-Black-Color-in-an-Italian-Mood-rdyuosq4qfxakqsm40ccxafq7wo0fo9iompjwc41o0.jpg\" title=\"Macchina per cialde espresso Elite Mini colore nero in un&#8217;atmosfera italiana\" alt=\"Macchina per cialde espresso Elite Mini colore nero in un&#039;atmosfera italiana\" class=\"elementor-animation-float\" loading=\"lazy\" \/>\t\t\t\t\t\t\t\t\t\t\t\t\t\t\t<\/div>\n\t\t\t\t<\/div>\n\t\t\t\t<\/div>\n\t\t\t\t<\/div>\n\t\t\t\t\t<\/div>\n\t\t\t\t<\/div>\n\t\t<div class=\"wd-negative-gap elementor-element elementor-element-999d02d e-flex e-con-boxed e-con e-parent\" data-id=\"999d02d\" data-element_type=\"container\" data-e-type=\"container\" data-settings=\"{&quot;background_background&quot;:&quot;classic&quot;}\">\n\t\t\t\t\t<div class=\"e-con-inner\">\n\t\t<div class=\"elementor-element elementor-element-cddd5d9 e-grid e-con-full e-con e-child\" data-id=\"cddd5d9\" data-element_type=\"container\" data-e-type=\"container\">\n\t\t<div class=\"elementor-element elementor-element-2f3870f e-con-full e-flex e-con e-child\" data-id=\"2f3870f\" data-element_type=\"container\" data-e-type=\"container\">\n\t\t<div class=\"elementor-element elementor-element-b59530a e-con-full e-flex e-con e-child\" data-id=\"b59530a\" data-element_type=\"container\" data-e-type=\"container\">\n\t\t\t\t<div class=\"elementor-element elementor-element-f6d50ad wd-width-100 elementor-invisible elementor-widget elementor-widget-wd_title\" data-id=\"f6d50ad\" data-element_type=\"widget\" data-e-type=\"widget\" data-settings=\"{&quot;_animation&quot;:&quot;slideInUp&quot;}\" data-widget_type=\"wd_title.default\">\n\t\t\t\t<div class=\"elementor-widget-container\">\n\t\t\t\t\t\t\t<div class=\"title-wrapper wd-set-mb reset-last-child wd-title-color-default wd-title-style-default wd-title-size-default text-left\">\n\n\t\t\t\n\t\t\t<div class=\"liner-continer\">\n\t\t\t\t<h3 class=\"woodmart-title-container title wd-fontsize-l\">Dimensioni ridotte, prestazioni elevate<\/h3> \n\t\t\t\t\t\t\t<\/div>\n\n\t\t\t\t\t\t\t<div class=\"title-after_title reset-last-child wd-fontsize-xs\">\n\t\t\t\t\t<p>La macchina per capsule espresso Elite Mini \u00e8 stata progettata per occupare poco spazio e offrirti al contempo il caff\u00e8 pi\u00f9 cremoso possibile.<\/p>\t\t\t\t<\/div>\n\t\t\t\t\t<\/div>\n\t\t\t\t\t\t<\/div>\n\t\t\t\t<\/div>\n\t\t\t\t<\/div>\n\t\t\t\t<div class=\"elementor-element elementor-element-cea9ab1 e-transform elementor-invisible elementor-widget elementor-widget-image\" data-id=\"cea9ab1\" data-element_type=\"widget\" data-e-type=\"widget\" data-settings=\"{&quot;_animation&quot;:&quot;wd-anim-slide-from-bottom&quot;,&quot;_transform_flipX_effect&quot;:&quot;transform&quot;}\" data-widget_type=\"image.default\">\n\t\t\t\t<div class=\"elementor-widget-container\">\n\t\t\t\t\t\t\t\t\t\t\t\t\t\t\t<img decoding=\"async\" src=\"https:\/\/luganocaffe.com\/wp-content\/uploads\/elementor\/thumbs\/Elite-Mini-Espresso-Capsule-Machine-Red-Color-in-an-Elite-Kitchen-rdyww75c1mm9axglgtwu1r4gonb7n8h99ml4asdu28.jpg\" title=\"Macchina per capsule espresso Elite Mini colore rosso in una cucina Elite\" alt=\"Macchina per capsule espresso Elite Mini colore rosso in una cucina Elite\" class=\"elementor-animation-float\" loading=\"lazy\" \/>\t\t\t\t\t\t\t\t\t\t\t\t\t\t\t<\/div>\n\t\t\t\t<\/div>\n\t\t\t\t<\/div>\n\t\t<div class=\"elementor-element elementor-element-31ea0c1 e-con-full e-flex e-con e-child\" data-id=\"31ea0c1\" data-element_type=\"container\" data-e-type=\"container\">\n\t\t\t\t<div class=\"elementor-element elementor-element-571ff15 elementor-invisible elementor-widget elementor-widget-image\" data-id=\"571ff15\" data-element_type=\"widget\" data-e-type=\"widget\" data-settings=\"{&quot;_animation&quot;:&quot;wd-anim-slide-from-bottom&quot;}\" data-widget_type=\"image.default\">\n\t\t\t\t<div class=\"elementor-widget-container\">\n\t\t\t\t\t\t\t\t\t\t\t\t\t\t\t<img decoding=\"async\" src=\"https:\/\/luganocaffe.com\/wp-content\/uploads\/elementor\/thumbs\/Elite-Mini-Espresso-Capsule-Machine-Red-Color-Cup-Holder-and-Empty-Tray-rdyvvqyn0wpz3aemb2pncy8zeqyt5rryx7vaciffcg.jpg\" title=\"Macchina per capsule e cialde espresso Elite Mini colore rosso con portabicchieri e vassoio vuoto\" alt=\"Macchina per capsule e cialde espresso Elite Mini colore rosso con portabicchieri e vassoio vuoto\" class=\"elementor-animation-float\" loading=\"lazy\" \/>\t\t\t\t\t\t\t\t\t\t\t\t\t\t\t<\/div>\n\t\t\t\t<\/div>\n\t\t\t\t<div class=\"elementor-element elementor-element-e70ae30 wd-width-100 elementor-invisible elementor-widget elementor-widget-wd_title\" data-id=\"e70ae30\" data-element_type=\"widget\" data-e-type=\"widget\" data-settings=\"{&quot;_animation&quot;:&quot;slideInUp&quot;}\" data-widget_type=\"wd_title.default\">\n\t\t\t\t<div class=\"elementor-widget-container\">\n\t\t\t\t\t\t\t<div class=\"title-wrapper wd-set-mb reset-last-child wd-title-color-default wd-title-style-default wd-title-size-default text-left\">\n\n\t\t\t\n\t\t\t<div class=\"liner-continer\">\n\t\t\t\t<h3 class=\"woodmart-title-container title wd-fontsize-l\">Vassoio raccogligocce e cialde usate<\/h3> \n\t\t\t\t\t\t\t<\/div>\n\n\t\t\t\t\t\t\t<div class=\"title-after_title reset-last-child wd-fontsize-xs\">\n\t\t\t\t\t<p>Pratico vassoio di raccolta, facile da svuotare e pulire. Una base e un filtro per acqua e gocce di espresso per mantenere pulito il tuo angolo caff\u00e8. <\/p>\t\t\t\t<\/div>\n\t\t\t\t\t<\/div>\n\t\t\t\t\t\t<\/div>\n\t\t\t\t<\/div>\n\t\t\t\t<\/div>\n\t\t<div class=\"elementor-element elementor-element-d947cad e-con-full e-flex e-con e-child\" data-id=\"d947cad\" data-element_type=\"container\" data-e-type=\"container\">\n\t\t\t\t<div class=\"elementor-element elementor-element-aee50d4 wd-width-100 elementor-invisible elementor-widget elementor-widget-wd_title\" data-id=\"aee50d4\" data-element_type=\"widget\" data-e-type=\"widget\" data-settings=\"{&quot;_animation&quot;:&quot;slideInUp&quot;}\" data-widget_type=\"wd_title.default\">\n\t\t\t\t<div class=\"elementor-widget-container\">\n\t\t\t\t\t\t\t<div class=\"title-wrapper wd-set-mb reset-last-child wd-title-color-default wd-title-style-default wd-title-size-default text-left\">\n\n\t\t\t\n\t\t\t<div class=\"liner-continer\">\n\t\t\t\t<h3 class=\"woodmart-title-container title wd-fontsize-l\">Macchina Elite adatta a tutte le capsule standard<\/h3> \n\t\t\t\t\t\t\t<\/div>\n\n\t\t\t\t\t\t\t<div class=\"title-after_title reset-last-child wd-fontsize-xs\">\n\t\t\t\t\t<p>Utilizza il tuo tipo preferito di capsule di dimensioni standard con un vano perfettamente progettato.<\/p>\t\t\t\t<\/div>\n\t\t\t\t\t<\/div>\n\t\t\t\t\t\t<\/div>\n\t\t\t\t<\/div>\n\t\t\t\t<div class=\"elementor-element elementor-element-b5e2f6c elementor-invisible elementor-widget elementor-widget-image\" data-id=\"b5e2f6c\" data-element_type=\"widget\" data-e-type=\"widget\" data-settings=\"{&quot;_animation&quot;:&quot;wd-anim-slide-from-bottom&quot;}\" data-widget_type=\"image.default\">\n\t\t\t\t<div class=\"elementor-widget-container\">\n\t\t\t\t\t\t\t\t\t\t\t\t\t\t\t<img decoding=\"async\" src=\"https:\/\/luganocaffe.com\/wp-content\/uploads\/elementor\/thumbs\/Putting-Espresso-Capsule-in-Elite-Mini-Espresso-Machine-red-color-rdyww3dzaah40hm22sabrs2mb3tqsg2bx3z6dojer4.jpg\" title=\"Inserimento di una capsula di espresso nella macchina Elite Mini colore rosso\" alt=\"Inserimento di una capsula di espresso nella macchina Elite Mini colore rosso\" class=\"elementor-animation-float\" loading=\"lazy\" \/>\t\t\t\t\t\t\t\t\t\t\t\t\t\t\t<\/div>\n\t\t\t\t<\/div>\n\t\t\t\t<\/div>\n\t\t\t\t<\/div>\n\t\t\t\t\t<\/div>\n\t\t\t\t<\/div>\n\t\t<div class=\"wd-negative-gap elementor-element elementor-element-c03b517 e-flex e-con-boxed e-con e-parent\" data-id=\"c03b517\" data-element_type=\"container\" data-e-type=\"container\" data-settings=\"{&quot;background_background&quot;:&quot;classic&quot;}\">\n\t\t\t\t\t<div class=\"e-con-inner\">\n\t\t<div class=\"elementor-element elementor-element-1296d9d e-con-full e-flex e-con e-child\" data-id=\"1296d9d\" data-element_type=\"container\" data-e-type=\"container\">\n\t\t\t\t<div class=\"elementor-element elementor-element-f398b24 wd-width-100 elementor-invisible elementor-widget elementor-widget-wd_title\" data-id=\"f398b24\" data-element_type=\"widget\" data-e-type=\"widget\" data-settings=\"{&quot;_animation&quot;:&quot;slideInUp&quot;}\" data-widget_type=\"wd_title.default\">\n\t\t\t\t<div class=\"elementor-widget-container\">\n\t\t\t\t\t\t\t<div class=\"title-wrapper wd-set-mb reset-last-child wd-title-color-default wd-title-style-default wd-title-size-default text-left\">\n\n\t\t\t\n\t\t\t<div class=\"liner-continer\">\n\t\t\t\t<h3 class=\"woodmart-title-container title wd-fontsize-l\">Caratteristiche tecniche<\/h3> \n\t\t\t\t\t\t\t<\/div>\n\n\t\t\t\t\t<\/div>\n\t\t\t\t\t\t<\/div>\n\t\t\t\t<\/div>\n\t\t\t\t<div class=\"elementor-element elementor-element-f685dc2 color-scheme-inherit text-left elementor-widget elementor-widget-text-editor\" data-id=\"f685dc2\" data-element_type=\"widget\" data-e-type=\"widget\" data-widget_type=\"text-editor.default\">\n\t\t\t\t<div class=\"elementor-widget-container\">\n\t\t\t\t\t\t\t\t\t<table dir=\"ltr\"><tbody><tr><td>Voltaggio<\/td><td>220-240 V\/ 50-60 Hz<\/td><\/tr><tr><td>Materiali del corpo<\/td><td>Metallo e termoplastica<\/td><\/tr><tr><td>Dimensioni<\/td><td>(LxPxA) 10,5*33*23,5 mm<\/td><\/tr><tr><td>Peso<\/td><td>2,8 Kg<\/td><\/tr><tr><td>Potenza<\/td><td>850 W<\/td><\/tr><tr><td>Pannello di controllo<\/td><td>Frontale<\/td><\/tr><tr><td>Colori disponibili<\/td><td>Nero, bianco e rosso.<\/td><\/tr><tr><td>Pressione della pompa<\/td><td>19 Bar<\/td><\/tr><tr><td>Tempo di riscaldamento<\/td><td>60 secondi<\/td><\/tr><tr><td>Dispositivi di sicurezza<\/td><td>Fusibile di sicurezza<\/td><\/tr><tr><td>Capacit\u00e0 serbatoio acqua<\/td><td>0,8 L<\/td><\/tr><tr><td>Varianti disponibili<\/td><td>Capsule compatibili con Nespresso*<\/td><\/tr><tr><td>Diametro delle capsule<\/td><td>36 mm<\/td><\/tr><tr><td>Opzione serbatoio<\/td><td>Trasparente e rimovibile<\/td><\/tr><\/tbody><\/table><p><br>*Nespresso non \u00e8 di propriet\u00e0 della societ\u00e0 Lugano Caffe International n\u00e9 \u00e8 associata ai suoi marchi.<\/p>\t\t\t\t\t\t\t\t<\/div>\n\t\t\t\t<\/div>\n\t\t\t\t<\/div>\n\t\t\t\t\t<\/div>\n\t\t\t\t<\/div>\n\t\t\t\t<\/div>\n\t\t","protected":false},"excerpt":{"rendered":"<p>La macchina per capsule espresso Elite Mini \u00e8 un dispositivo per ufficio e casa, di dimensioni ridotte ma dalle prestazioni elevate. Questa macchina per espresso dal design elegante utilizza capsule standard per produrre ottimi caff\u00e8 espresso con dosi programmabili. <\/p>\n","protected":false},"featured_media":23977,"template":"","meta":[],"product_brand":[],"product_cat":[116],"product_tag":[],"class_list":{"0":"post-24278","1":"product","2":"type-product","3":"status-publish","4":"has-post-thumbnail","6":"product_cat-macchine-da-caffe","8":"first","9":"instock","10":"shipping-taxable","11":"product-type-simple"},"_links":{"self":[{"href":"https:\/\/luganocaffe.com\/it\/wp-json\/wp\/v2\/product\/24278","targetHints":{"allow":["GET"]}}],"collection":[{"href":"https:\/\/luganocaffe.com\/it\/wp-json\/wp\/v2\/product"}],"about":[{"href":"https:\/\/luganocaffe.com\/it\/wp-json\/wp\/v2\/types\/product"}],"version-history":[{"count":0,"href":"https:\/\/luganocaffe.com\/it\/wp-json\/wp\/v2\/product\/24278\/revisions"}],"wp:featuredmedia":[{"embeddable":true,"href":"https:\/\/luganocaffe.com\/it\/wp-json\/wp\/v2\/media\/23977"}],"wp:attachment":[{"href":"https:\/\/luganocaffe.com\/it\/wp-json\/wp\/v2\/media?parent=24278"}],"wp:term":[{"taxonomy":"product_brand","embeddable":true,"href":"https:\/\/luganocaffe.com\/it\/wp-json\/wp\/v2\/product_brand?post=24278"},{"taxonomy":"product_cat","embeddable":true,"href":"https:\/\/luganocaffe.com\/it\/wp-json\/wp\/v2\/product_cat?post=24278"},{"taxonomy":"product_tag","embeddable":true,"href":"https:\/\/luganocaffe.com\/it\/wp-json\/wp\/v2\/product_tag?post=24278"}],"curies":[{"name":"wp","href":"https:\/\/api.w.org\/{rel}","templated":true}]}}