{"id":24409,"date":"2025-04-08T20:00:42","date_gmt":"2025-04-08T20:00:42","guid":{"rendered":"https:\/\/luganocaffe.com\/product\/elite-dark-e-s-e-espresso-pod-confezione-cilindrica-da-18-pezzi\/"},"modified":"2026-01-15T07:42:10","modified_gmt":"2026-01-15T07:42:10","slug":"elite-dark-e-s-e-espresso-pod-confezione-cilindrica-da-18-pezzi","status":"publish","type":"product","link":"https:\/\/luganocaffe.com\/it\/prodotto\/elite-dark-e-s-e-espresso-pod-confezione-cilindrica-da-18-pezzi\/","title":{"rendered":"Elite Dark E.S.E. Espresso Pod, confezione cilindrica da 18 pezzi"},"content":{"rendered":"\t\t<div data-elementor-type=\"wp-post\" data-elementor-id=\"24409\" class=\"elementor elementor-24409 elementor-19281\" data-elementor-post-type=\"product\">\n\t\t\t\t<div class=\"wd-negative-gap elementor-element elementor-element-5153657 e-flex e-con-boxed e-con e-parent\" data-id=\"5153657\" data-element_type=\"container\" data-e-type=\"container\" data-settings=\"{&quot;background_background&quot;:&quot;classic&quot;}\">\n\t\t\t\t\t<div class=\"e-con-inner\">\n\t\t\t\t<div class=\"elementor-element elementor-element-013785f wd-width-100 elementor-invisible elementor-widget elementor-widget-wd_title\" data-id=\"013785f\" data-element_type=\"widget\" data-e-type=\"widget\" data-settings=\"{&quot;_animation&quot;:&quot;slideInUp&quot;}\" data-widget_type=\"wd_title.default\">\n\t\t\t\t<div class=\"elementor-widget-container\">\n\t\t\t\t\t\t\t<div class=\"title-wrapper wd-set-mb reset-last-child wd-title-color-default wd-title-style-default wd-title-size-default text-center\">\n\n\t\t\t\n\t\t\t<div class=\"liner-continer\">\n\t\t\t\t<h2 class=\"woodmart-title-container title wd-fontsize-l\">Caratteristiche del prodotto<\/h2> \n\t\t\t\t\t\t\t<\/div>\n\n\t\t\t\t\t<\/div>\n\t\t\t\t\t\t<\/div>\n\t\t\t\t<\/div>\n\t\t<div class=\"elementor-element elementor-element-7945165 e-con-full e-grid e-con e-child\" data-id=\"7945165\" data-element_type=\"container\" data-e-type=\"container\">\n\t\t\t\t<div class=\"elementor-element elementor-element-d01db35 elementor-widget elementor-widget-wd_infobox\" data-id=\"d01db35\" data-element_type=\"widget\" data-e-type=\"widget\" data-widget_type=\"wd_infobox.default\">\n\t\t\t\t<div class=\"elementor-widget-container\">\n\t\t\t\t\t\t\t<div class=\"info-box-wrapper\">\n\t\t\t<div class=\"wd-info-box text-center box-icon-align-top box-style-base color-scheme-\">\n\t\t\t\t\t\t\t\t\t<div class=\"box-icon-wrapper  box-with-icon box-icon-with-bg\">\n\t\t\t\t\t\t<div class=\"info-box-icon\">\n\t\t\t\t\t\t\t\t\t\t\t\t\t\t\t<img loading=\"lazy\" decoding=\"async\" width=\"50\" height=\"50\" src=\"https:\/\/luganocaffe.com\/wp-content\/uploads\/2025\/04\/coffee-plant-50x50.png\" class=\"attachment-50x50 size-50x50\" alt=\"coffee-plant icon\" srcset=\"https:\/\/luganocaffe.com\/wp-content\/uploads\/2025\/04\/coffee-plant-50x50.png 50w, https:\/\/luganocaffe.com\/wp-content\/uploads\/2025\/04\/coffee-plant.png 128w\" sizes=\"auto, (max-width: 50px) 100vw, 50px\" \/>\t\t\t\t\t\t\t\t\t\t\t\t\t<\/div>\n\t\t\t\t\t<\/div>\n\t\t\t\t\n\t\t\t\t<div class=\"info-box-content\">\n\t\t\t\t\t\n\t\t\t\t\t\t\t\t\t\t\t<h3\t\t\t\t\t\tclass=\"info-box-title title box-title-style-default wd-fontsize-m\" data-elementor-setting-key=\"title\">\n\t\t\t\t\t\t\t\tOrigine dei chicchi\t\t\t\t\t\t<\/h3>\n\t\t\t\t\t\n\t\t\t\t\t<div class=\"info-box-inner reset-last-child\"data-elementor-setting-key=\"content\"><p>Africa centrale e Asia<\/p>\n<\/div>\n\n\t\t\t\t\t\t\t\t\t<\/div>\n\n\t\t\t\t\t\t\t<\/div>\n\t\t<\/div>\n\t\t\t\t\t\t<\/div>\n\t\t\t\t<\/div>\n\t\t\t\t<div class=\"elementor-element elementor-element-13c9a37 elementor-widget elementor-widget-wd_infobox\" data-id=\"13c9a37\" data-element_type=\"widget\" data-e-type=\"widget\" data-widget_type=\"wd_infobox.default\">\n\t\t\t\t<div class=\"elementor-widget-container\">\n\t\t\t\t\t\t\t<div class=\"info-box-wrapper\">\n\t\t\t<div class=\"wd-info-box text-center box-icon-align-top box-style-base color-scheme-\">\n\t\t\t\t\t\t\t\t\t<div class=\"box-icon-wrapper  box-with-icon box-icon-with-bg\">\n\t\t\t\t\t\t<div class=\"info-box-icon\">\n\t\t\t\t\t\t\t\t\t\t\t\t\t\t\t<img loading=\"lazy\" decoding=\"async\" width=\"50\" height=\"50\" src=\"https:\/\/luganocaffe.com\/wp-content\/uploads\/2025\/04\/coffee-beans-50x50.png\" class=\"attachment-50x50 size-50x50\" alt=\"coffee-beans flavor icon\" srcset=\"https:\/\/luganocaffe.com\/wp-content\/uploads\/2025\/04\/coffee-beans-50x50.png 50w, https:\/\/luganocaffe.com\/wp-content\/uploads\/2025\/04\/coffee-beans.png 128w\" sizes=\"auto, (max-width: 50px) 100vw, 50px\" \/>\t\t\t\t\t\t\t\t\t\t\t\t\t<\/div>\n\t\t\t\t\t<\/div>\n\t\t\t\t\n\t\t\t\t<div class=\"info-box-content\">\n\t\t\t\t\t\n\t\t\t\t\t\t\t\t\t\t\t<h3\t\t\t\t\t\tclass=\"info-box-title title box-title-style-default wd-fontsize-m\" data-elementor-setting-key=\"title\">\n\t\t\t\t\t\t\t\tSpecie di chicchi\t\t\t\t\t\t<\/h3>\n\t\t\t\t\t\n\t\t\t\t\t<div class=\"info-box-inner reset-last-child\"data-elementor-setting-key=\"content\"><p>Robusta di alta qualit\u00e0<\/p>\n<\/div>\n\n\t\t\t\t\t\t\t\t\t<\/div>\n\n\t\t\t\t\t\t\t<\/div>\n\t\t<\/div>\n\t\t\t\t\t\t<\/div>\n\t\t\t\t<\/div>\n\t\t\t\t<div class=\"elementor-element elementor-element-6cdfb95 elementor-widget elementor-widget-wd_infobox\" data-id=\"6cdfb95\" data-element_type=\"widget\" data-e-type=\"widget\" data-widget_type=\"wd_infobox.default\">\n\t\t\t\t<div class=\"elementor-widget-container\">\n\t\t\t\t\t\t\t<div class=\"info-box-wrapper\">\n\t\t\t<div class=\"wd-info-box text-center box-icon-align-top box-style-base color-scheme-\">\n\t\t\t\t\t\t\t\t\t<div class=\"box-icon-wrapper  box-with-icon box-icon-with-bg\">\n\t\t\t\t\t\t<div class=\"info-box-icon\">\n\t\t\t\t\t\t\t\t\t\t\t\t\t\t\t<img loading=\"lazy\" decoding=\"async\" width=\"50\" height=\"50\" src=\"https:\/\/luganocaffe.com\/wp-content\/uploads\/2025\/04\/drink-50x50.png\" class=\"attachment-50x50 size-50x50\" alt=\"Coffee Drink aroma icon\" srcset=\"https:\/\/luganocaffe.com\/wp-content\/uploads\/2025\/04\/drink-50x50.png 50w, https:\/\/luganocaffe.com\/wp-content\/uploads\/2025\/04\/drink.png 128w\" sizes=\"auto, (max-width: 50px) 100vw, 50px\" \/>\t\t\t\t\t\t\t\t\t\t\t\t\t<\/div>\n\t\t\t\t\t<\/div>\n\t\t\t\t\n\t\t\t\t<div class=\"info-box-content\">\n\t\t\t\t\t\n\t\t\t\t\t\t\t\t\t\t\t<h3\t\t\t\t\t\tclass=\"info-box-title title box-title-style-default wd-fontsize-m\" data-elementor-setting-key=\"title\">\n\t\t\t\t\t\t\t\tNota\/Aroma\t\t\t\t\t\t<\/h3>\n\t\t\t\t\t\n\t\t\t\t\t<div class=\"info-box-inner reset-last-child\"data-elementor-setting-key=\"content\"><p>Legnoso - Terra<\/p>\n<\/div>\n\n\t\t\t\t\t\t\t\t\t<\/div>\n\n\t\t\t\t\t\t\t<\/div>\n\t\t<\/div>\n\t\t\t\t\t\t<\/div>\n\t\t\t\t<\/div>\n\t\t\t\t<div class=\"elementor-element elementor-element-680f262 elementor-widget elementor-widget-wd_infobox\" data-id=\"680f262\" data-element_type=\"widget\" data-e-type=\"widget\" data-widget_type=\"wd_infobox.default\">\n\t\t\t\t<div class=\"elementor-widget-container\">\n\t\t\t\t\t\t\t<div class=\"info-box-wrapper\">\n\t\t\t<div class=\"wd-info-box text-center box-icon-align-top box-style-base color-scheme-\">\n\t\t\t\t\t\t\t\t\t<div class=\"box-icon-wrapper  box-with-icon box-icon-with-bg\">\n\t\t\t\t\t\t<div class=\"info-box-icon\">\n\t\t\t\t\t\t\t\t\t\t\t\t\t\t\t<img loading=\"lazy\" decoding=\"async\" width=\"50\" height=\"50\" src=\"https:\/\/luganocaffe.com\/wp-content\/uploads\/2025\/04\/coffee-50x50.png\" class=\"attachment-50x50 size-50x50\" alt=\"coffee roasting icon\" srcset=\"https:\/\/luganocaffe.com\/wp-content\/uploads\/2025\/04\/coffee-50x50.png 50w, https:\/\/luganocaffe.com\/wp-content\/uploads\/2025\/04\/coffee.png 128w\" sizes=\"auto, (max-width: 50px) 100vw, 50px\" \/>\t\t\t\t\t\t\t\t\t\t\t\t\t<\/div>\n\t\t\t\t\t<\/div>\n\t\t\t\t\n\t\t\t\t<div class=\"info-box-content\">\n\t\t\t\t\t\n\t\t\t\t\t\t\t\t\t\t\t<h3\t\t\t\t\t\tclass=\"info-box-title title box-title-style-default wd-fontsize-m\" data-elementor-setting-key=\"title\">\n\t\t\t\t\t\t\t\tGusto del caff\u00e8\t\t\t\t\t\t<\/h3>\n\t\t\t\t\t\n\t\t\t\t\t<div class=\"info-box-inner reset-last-child\"data-elementor-setting-key=\"content\"><p>Pane tostato<\/p>\n<\/div>\n\n\t\t\t\t\t\t\t\t\t<\/div>\n\n\t\t\t\t\t\t\t<\/div>\n\t\t<\/div>\n\t\t\t\t\t\t<\/div>\n\t\t\t\t<\/div>\n\t\t\t\t<div class=\"elementor-element elementor-element-2a1df25 elementor-widget elementor-widget-wd_infobox\" data-id=\"2a1df25\" data-element_type=\"widget\" data-e-type=\"widget\" data-widget_type=\"wd_infobox.default\">\n\t\t\t\t<div class=\"elementor-widget-container\">\n\t\t\t\t\t\t\t<div class=\"info-box-wrapper\">\n\t\t\t<div class=\"wd-info-box text-center box-icon-align-top box-style-base color-scheme-\">\n\t\t\t\t\t\t\t\t\t<div class=\"box-icon-wrapper  box-with-icon box-icon-with-bg\">\n\t\t\t\t\t\t<div class=\"info-box-icon\">\n\t\t\t\t\t\t\t\t\t\t\t\t\t\t\t<img loading=\"lazy\" decoding=\"async\" width=\"50\" height=\"50\" src=\"https:\/\/luganocaffe.com\/wp-content\/uploads\/2025\/04\/resilience-50x50.png\" class=\"attachment-50x50 size-50x50\" alt=\"Coffee Body Intensity Icon\" srcset=\"https:\/\/luganocaffe.com\/wp-content\/uploads\/2025\/04\/resilience-50x50.png 50w, https:\/\/luganocaffe.com\/wp-content\/uploads\/2025\/04\/resilience.png 128w\" sizes=\"auto, (max-width: 50px) 100vw, 50px\" \/>\t\t\t\t\t\t\t\t\t\t\t\t\t<\/div>\n\t\t\t\t\t<\/div>\n\t\t\t\t\n\t\t\t\t<div class=\"info-box-content\">\n\t\t\t\t\t\n\t\t\t\t\t\t\t\t\t\t\t<h3\t\t\t\t\t\tclass=\"info-box-title title box-title-style-default wd-fontsize-m\" data-elementor-setting-key=\"title\">\n\t\t\t\t\t\t\t\tIntensit\u00e0 del corpo\t\t\t\t\t\t<\/h3>\n\t\t\t\t\t\n\t\t\t\t\t<div class=\"info-box-inner reset-last-child\"data-elementor-setting-key=\"content\"><p>14\/14<\/p>\n<\/div>\n\n\t\t\t\t\t\t\t\t\t<\/div>\n\n\t\t\t\t\t\t\t<\/div>\n\t\t<\/div>\n\t\t\t\t\t\t<\/div>\n\t\t\t\t<\/div>\n\t\t\t\t<\/div>\n\t\t\t\t\t<\/div>\n\t\t\t\t<\/div>\n\t\t<div class=\"wd-negative-gap elementor-element elementor-element-46f909b e-flex e-con-boxed e-con e-parent\" data-id=\"46f909b\" data-element_type=\"container\" data-e-type=\"container\" data-settings=\"{&quot;background_background&quot;:&quot;classic&quot;}\">\n\t\t\t\t\t<div class=\"e-con-inner\">\n\t\t<div class=\"elementor-element elementor-element-94b662c e-grid e-con-full e-con e-child\" data-id=\"94b662c\" data-element_type=\"container\" data-e-type=\"container\">\n\t\t<div class=\"elementor-element elementor-element-55c2370 e-con-full e-flex e-con e-child\" data-id=\"55c2370\" data-element_type=\"container\" data-e-type=\"container\">\n\t\t<div class=\"elementor-element elementor-element-dc76343 e-con-full e-flex e-con e-child\" data-id=\"dc76343\" data-element_type=\"container\" data-e-type=\"container\">\n\t\t\t\t<div class=\"elementor-element elementor-element-352a837 wd-width-100 elementor-invisible elementor-widget elementor-widget-wd_title\" data-id=\"352a837\" data-element_type=\"widget\" data-e-type=\"widget\" data-settings=\"{&quot;_animation&quot;:&quot;slideInUp&quot;}\" data-widget_type=\"wd_title.default\">\n\t\t\t\t<div class=\"elementor-widget-container\">\n\t\t\t\t\t\t\t<div class=\"title-wrapper wd-set-mb reset-last-child wd-title-color-default wd-title-style-default wd-title-size-default text-left\">\n\n\t\t\t\n\t\t\t<div class=\"liner-continer\">\n\t\t\t\t<h3 class=\"woodmart-title-container title wd-fontsize-l\">Cialda per espresso E.S.E. Elite Dark<\/h3> \n\t\t\t\t\t\t\t<\/div>\n\n\t\t\t\t\t\t\t<div class=\"title-after_title reset-last-child wd-fontsize-xs\">\n\t\t\t\t\t<p>Un'espressione audace della vera maestria del caff\u00e8 italiano, creata per chi desidera profondit\u00e0 e intensit\u00e0. Questa tostatura scura offre aromi legnosi e terrosi con un caratteristico sapore di pane tostato e una potente intensit\u00e0 di corpo di 14\/14, pura, ricca e indimenticabile. <\/p>\t\t\t\t<\/div>\n\t\t\t\t\t<\/div>\n\t\t\t\t\t\t<\/div>\n\t\t\t\t<\/div>\n\t\t\t\t<\/div>\n\t\t\t\t<div class=\"elementor-element elementor-element-d34cae7 elementor-invisible elementor-widget elementor-widget-image\" data-id=\"d34cae7\" data-element_type=\"widget\" data-e-type=\"widget\" data-settings=\"{&quot;_animation&quot;:&quot;wd-anim-slide-from-bottom&quot;}\" data-widget_type=\"image.default\">\n\t\t\t\t<div class=\"elementor-widget-container\">\n\t\t\t\t\t\t\t\t\t\t\t\t\t\t\t<img decoding=\"async\" src=\"https:\/\/luganocaffe.com\/wp-content\/uploads\/elementor\/thumbs\/Lugano-Caffe-Elite-Dark-Espresso-Pod-18-pcs-cylinder-pack-with-a-cup-in-a-studio-set-rdiyeylpojka8i41d92xglas92hxf1ef708agcnss0.jpg\" title=\"Lugano Caff\u00e8 Elite Dark Espresso Pod, confezione cilindrica da 18 pezzi con una tazza in un set da studio\" alt=\"Lugano Caff\u00e8 Elite Dark Espresso Pod, confezione cilindrica da 18 pezzi con una tazza in un set da studio\" class=\"elementor-animation-float\" loading=\"lazy\" \/>\t\t\t\t\t\t\t\t\t\t\t\t\t\t\t<\/div>\n\t\t\t\t<\/div>\n\t\t\t\t<\/div>\n\t\t<div class=\"elementor-element elementor-element-c2eca04 e-con-full e-flex e-con e-child\" data-id=\"c2eca04\" data-element_type=\"container\" data-e-type=\"container\">\n\t\t\t\t<div class=\"elementor-element elementor-element-21b8b66 elementor-invisible elementor-widget elementor-widget-image\" data-id=\"21b8b66\" data-element_type=\"widget\" data-e-type=\"widget\" data-settings=\"{&quot;_animation&quot;:&quot;wd-anim-slide-from-bottom&quot;}\" data-widget_type=\"image.default\">\n\t\t\t\t<div class=\"elementor-widget-container\">\n\t\t\t\t\t\t\t\t\t\t\t\t\t\t\t<img decoding=\"async\" src=\"https:\/\/luganocaffe.com\/wp-content\/uploads\/elementor\/thumbs\/Lugano-Caffe-Elite-Dark-Espresso-Pod-with-its-aluminum-foil-in-a-studio-set-rdiyf8xxrpyfs7p0ovjtq0ousb2yrpjgwfemqe8gvk.jpg\" title=\"Lugano Caff\u00e8 Elite Dark Espresso Pod con il suo foglio di alluminio in un set da studio\" alt=\"Lugano Caff\u00e8 Elite Dark Espresso Pod con il suo foglio di alluminio in un set da studio\" class=\"elementor-animation-float\" loading=\"lazy\" \/>\t\t\t\t\t\t\t\t\t\t\t\t\t\t\t<\/div>\n\t\t\t\t<\/div>\n\t\t\t\t<div class=\"elementor-element elementor-element-50e11d6 wd-width-100 elementor-invisible elementor-widget elementor-widget-wd_title\" data-id=\"50e11d6\" data-element_type=\"widget\" data-e-type=\"widget\" data-settings=\"{&quot;_animation&quot;:&quot;slideInUp&quot;}\" data-widget_type=\"wd_title.default\">\n\t\t\t\t<div class=\"elementor-widget-container\">\n\t\t\t\t\t\t\t<div class=\"title-wrapper wd-set-mb reset-last-child wd-title-color-default wd-title-style-default wd-title-size-default text-left\">\n\n\t\t\t\n\t\t\t<div class=\"liner-continer\">\n\t\t\t\t<h3 class=\"woodmart-title-container title wd-fontsize-l\">Foglio di alluminio e tecnologia N-gas<\/h3> \n\t\t\t\t\t\t\t<\/div>\n\n\t\t\t\t\t\t\t<div class=\"title-after_title reset-last-child wd-fontsize-xs\">\n\t\t\t\t\t<p>La tecnica di lavaggio con azoto e il confezionamento in foglio di alluminio sigillano ogni cialda E.S.E. in un ambiente fresco e privo di ossigeno, preservando l'aroma autentico, il sapore ricco e la qualit\u00e0 della crema dell'espresso italiano appena macinato<\/p>\t\t\t\t<\/div>\n\t\t\t\t\t<\/div>\n\t\t\t\t\t\t<\/div>\n\t\t\t\t<\/div>\n\t\t\t\t<\/div>\n\t\t<div class=\"elementor-element elementor-element-a56c55a e-con-full e-flex e-con e-child\" data-id=\"a56c55a\" data-element_type=\"container\" data-e-type=\"container\">\n\t\t\t\t<div class=\"elementor-element elementor-element-daec8c5 wd-width-100 elementor-invisible elementor-widget elementor-widget-wd_title\" data-id=\"daec8c5\" data-element_type=\"widget\" data-e-type=\"widget\" data-settings=\"{&quot;_animation&quot;:&quot;slideInUp&quot;}\" data-widget_type=\"wd_title.default\">\n\t\t\t\t<div class=\"elementor-widget-container\">\n\t\t\t\t\t\t\t<div class=\"title-wrapper wd-set-mb reset-last-child wd-title-color-default wd-title-style-default wd-title-size-default text-left\">\n\n\t\t\t\n\t\t\t<div class=\"liner-continer\">\n\t\t\t\t<h3 class=\"woodmart-title-container title wd-fontsize-l\">Una nuova tendenza nel mondo dell'espresso<\/h3> \n\t\t\t\t\t\t\t<\/div>\n\n\t\t\t\t\t\t\t<div class=\"title-after_title reset-last-child wd-fontsize-xs\">\n\t\t\t\t\t<p>Il mondo del caff\u00e8 si sta spostando verso la semplicit\u00e0 e la perfezione e le cialde E.S.E. sono in prima linea in questa tendenza. Unendo l'autentico gusto italiano alla moderna praticit\u00e0, sono diventate la nuova icona della cultura dell'espresso senza sforzo. <\/p>\t\t\t\t<\/div>\n\t\t\t\t\t<\/div>\n\t\t\t\t\t\t<\/div>\n\t\t\t\t<\/div>\n\t\t\t\t<div class=\"elementor-element elementor-element-82a60ff elementor-invisible elementor-widget elementor-widget-image\" data-id=\"82a60ff\" data-element_type=\"widget\" data-e-type=\"widget\" data-settings=\"{&quot;_animation&quot;:&quot;wd-anim-slide-from-bottom&quot;}\" data-widget_type=\"image.default\">\n\t\t\t\t<div class=\"elementor-widget-container\">\n\t\t\t\t\t\t\t\t\t\t\t\t\t\t\t<img decoding=\"async\" src=\"https:\/\/luganocaffe.com\/wp-content\/uploads\/elementor\/thumbs\/Lugano-Caffe-Elite-Dark-Espresso-Pod-18-pcs-cylinder-pack-poster-rdiyf803kvx5glqdud575ixe6x7lk0fqkar5949v1s.jpg\" title=\"Poster della confezione cilindrica da 18 pezzi di Lugano Caff\u00e8 Elite Dark Espresso Pod\" alt=\"Poster della confezione cilindrica da 18 pezzi di Lugano Caff\u00e8 Elite Dark Espresso Pod\" class=\"elementor-animation-float\" loading=\"lazy\" \/>\t\t\t\t\t\t\t\t\t\t\t\t\t\t\t<\/div>\n\t\t\t\t<\/div>\n\t\t\t\t<\/div>\n\t\t\t\t<\/div>\n\t\t\t\t\t<\/div>\n\t\t\t\t<\/div>\n\t\t<div class=\"wd-negative-gap elementor-element elementor-element-7b3bcec e-flex e-con-boxed e-con e-parent\" data-id=\"7b3bcec\" data-element_type=\"container\" data-e-type=\"container\" data-settings=\"{&quot;background_background&quot;:&quot;classic&quot;}\">\n\t\t\t\t\t<div class=\"e-con-inner\">\n\t\t<div class=\"elementor-element elementor-element-7f242f3 e-grid e-con-full e-con e-child\" data-id=\"7f242f3\" data-element_type=\"container\" data-e-type=\"container\">\n\t\t<div class=\"elementor-element elementor-element-333ee93 e-con-full e-flex e-con e-child\" data-id=\"333ee93\" data-element_type=\"container\" data-e-type=\"container\">\n\t\t<div class=\"elementor-element elementor-element-7d4fcc0 e-con-full e-flex e-con e-child\" data-id=\"7d4fcc0\" data-element_type=\"container\" data-e-type=\"container\">\n\t\t\t\t<div class=\"elementor-element elementor-element-151bd4b wd-width-100 elementor-invisible elementor-widget elementor-widget-wd_title\" data-id=\"151bd4b\" data-element_type=\"widget\" data-e-type=\"widget\" data-settings=\"{&quot;_animation&quot;:&quot;slideInUp&quot;}\" data-widget_type=\"wd_title.default\">\n\t\t\t\t<div class=\"elementor-widget-container\">\n\t\t\t\t\t\t\t<div class=\"title-wrapper wd-set-mb reset-last-child wd-title-color-default wd-title-style-default wd-title-size-default text-left\">\n\n\t\t\t\n\t\t\t<div class=\"liner-continer\">\n\t\t\t\t<h3 class=\"woodmart-title-container title wd-fontsize-l\">100% compostabile per un mondo pi\u00f9 verde<\/h3> \n\t\t\t\t\t\t\t<\/div>\n\n\t\t\t\t\t\t\t<div class=\"title-after_title reset-last-child wd-fontsize-xs\">\n\t\t\t\t\t<p>Le cialde E.S.E. di Lugano Caff\u00e8 sono realizzate con materiali biodegradabili al 100% come carta e amido di mais. Ci\u00f2 garantisce un'esperienza di caff\u00e8 senza sensi di colpa, permettendoti di assaporare un delizioso espresso prendendoti cura dell'ambiente. <\/p>\t\t\t\t<\/div>\n\t\t\t\t\t<\/div>\n\t\t\t\t\t\t<\/div>\n\t\t\t\t<\/div>\n\t\t\t\t<\/div>\n\t\t\t\t<div class=\"elementor-element elementor-element-4fc8424 elementor-invisible elementor-widget elementor-widget-image\" data-id=\"4fc8424\" data-element_type=\"widget\" data-e-type=\"widget\" data-settings=\"{&quot;_animation&quot;:&quot;wd-anim-slide-from-bottom&quot;}\" data-widget_type=\"image.default\">\n\t\t\t\t<div class=\"elementor-widget-container\">\n\t\t\t\t\t\t\t\t\t\t\t\t\t\t\t<img decoding=\"async\" src=\"https:\/\/luganocaffe.com\/wp-content\/uploads\/elementor\/thumbs\/E.S.E.-Espresso-Pod-100-Composatable-rdj18ubyg314my4ggah6pvre6kc5pzv1v9sx21lmcw.jpg\" title=\"Cialda-E.S.E.-per-espresso-100-Compostabile\" alt=\"Cialda-E.S.E.-per-espresso-100-Compostabile\" class=\"elementor-animation-float\" loading=\"lazy\" \/>\t\t\t\t\t\t\t\t\t\t\t\t\t\t\t<\/div>\n\t\t\t\t<\/div>\n\t\t\t\t<\/div>\n\t\t<div class=\"elementor-element elementor-element-f9f8ab4 e-con-full e-flex e-con e-child\" data-id=\"f9f8ab4\" data-element_type=\"container\" data-e-type=\"container\">\n\t\t\t\t<div class=\"elementor-element elementor-element-f078d28 elementor-invisible elementor-widget elementor-widget-image\" data-id=\"f078d28\" data-element_type=\"widget\" data-e-type=\"widget\" data-settings=\"{&quot;_animation&quot;:&quot;wd-anim-slide-from-bottom&quot;}\" data-widget_type=\"image.default\">\n\t\t\t\t<div class=\"elementor-widget-container\">\n\t\t\t\t\t\t\t\t\t\t\t\t\t\t\t<img decoding=\"async\" src=\"https:\/\/luganocaffe.com\/wp-content\/uploads\/elementor\/thumbs\/Espresso-Pod-with-Lugano-Cup-among-coffee-beans-rdhh9o4aesetyp9vn7z74ejmg0v7ijrm53dxq5im40.jpg\" title=\"Cialda per espresso con tazza Lugano tra i chicchi di caff\u00e8\" alt=\"Cialda per espresso con tazza Lugano tra i chicchi di caff\u00e8\" class=\"elementor-animation-float\" loading=\"lazy\" \/>\t\t\t\t\t\t\t\t\t\t\t\t\t\t\t<\/div>\n\t\t\t\t<\/div>\n\t\t\t\t<div class=\"elementor-element elementor-element-55d55ab wd-width-100 elementor-invisible elementor-widget elementor-widget-wd_title\" data-id=\"55d55ab\" data-element_type=\"widget\" data-e-type=\"widget\" data-settings=\"{&quot;_animation&quot;:&quot;slideInUp&quot;}\" data-widget_type=\"wd_title.default\">\n\t\t\t\t<div class=\"elementor-widget-container\">\n\t\t\t\t\t\t\t<div class=\"title-wrapper wd-set-mb reset-last-child wd-title-color-default wd-title-style-default wd-title-size-default text-left\">\n\n\t\t\t\n\t\t\t<div class=\"liner-continer\">\n\t\t\t\t<h3 class=\"woodmart-title-container title wd-fontsize-l\">Soluzione per espresso semplice, facile ed elite<\/h3> \n\t\t\t\t\t\t\t<\/div>\n\n\t\t\t\t\t\t\t<div class=\"title-after_title reset-last-child wd-fontsize-xs\">\n\t\t\t\t\t<p>Ogni cialda contiene un dosaggio di caff\u00e8 macinato perfettamente misurato per una tazza costante e stabile ogni giorno. D\u00ec addio ai residui di caff\u00e8 macinato e mantieni il tuo angolo caff\u00e8 espresso pulito e ordinato. <\/p>\t\t\t\t<\/div>\n\t\t\t\t\t<\/div>\n\t\t\t\t\t\t<\/div>\n\t\t\t\t<\/div>\n\t\t\t\t<\/div>\n\t\t<div class=\"elementor-element elementor-element-1768cb6 e-con-full e-flex e-con e-child\" data-id=\"1768cb6\" data-element_type=\"container\" data-e-type=\"container\">\n\t\t\t\t<div class=\"elementor-element elementor-element-7d85fe7 wd-width-100 elementor-invisible elementor-widget elementor-widget-wd_title\" data-id=\"7d85fe7\" data-element_type=\"widget\" data-e-type=\"widget\" data-settings=\"{&quot;_animation&quot;:&quot;slideInUp&quot;}\" data-widget_type=\"wd_title.default\">\n\t\t\t\t<div class=\"elementor-widget-container\">\n\t\t\t\t\t\t\t<div class=\"title-wrapper wd-set-mb reset-last-child wd-title-color-default wd-title-style-default wd-title-size-default text-left\">\n\n\t\t\t\n\t\t\t<div class=\"liner-continer\">\n\t\t\t\t<h3 class=\"woodmart-title-container title wd-fontsize-l\">Dimensioni standard per tutte le macchine<\/h3> \n\t\t\t\t\t\t\t<\/div>\n\n\t\t\t\t\t\t\t<div class=\"title-after_title reset-last-child wd-fontsize-xs\">\n\t\t\t\t\t<p>Con un diametro di 4,4 cm, le nostre cialde per espresso Easy Serving sono compatibili con tutte le macchine con sistema a cialde. Abbiamo progettato la nostra cialda come una dimensione concordata a livello globale. <\/p>\t\t\t\t<\/div>\n\t\t\t\t\t<\/div>\n\t\t\t\t\t\t<\/div>\n\t\t\t\t<\/div>\n\t\t\t\t<div class=\"elementor-element elementor-element-4245fc5 elementor-invisible elementor-widget elementor-widget-image\" data-id=\"4245fc5\" data-element_type=\"widget\" data-e-type=\"widget\" data-settings=\"{&quot;_animation&quot;:&quot;wd-anim-slide-from-bottom&quot;}\" data-widget_type=\"image.default\">\n\t\t\t\t<div class=\"elementor-widget-container\">\n\t\t\t\t\t\t\t\t\t\t\t\t\t\t\t<img decoding=\"async\" src=\"https:\/\/luganocaffe.com\/wp-content\/uploads\/elementor\/thumbs\/Lugano-Mahines-Pod-Compatibility-Sizes-and-Details-rdhi67b6ycy3su0noa8cf6zym4ijxex5y48xoxa2r4.jpg\" title=\"Dimensioni e dettagli di compatibilit\u00e0 delle cialde Lugano Mahines\" alt=\"Dimensioni e dettagli di compatibilit\u00e0 delle cialde Lugano Mahines\" class=\"elementor-animation-float\" loading=\"lazy\" \/>\t\t\t\t\t\t\t\t\t\t\t\t\t\t\t<\/div>\n\t\t\t\t<\/div>\n\t\t\t\t<\/div>\n\t\t\t\t<\/div>\n\t\t\t\t\t<\/div>\n\t\t\t\t<\/div>\n\t\t\t\t<\/div>\n\t\t","protected":false},"excerpt":{"rendered":"<p>Con Elite Dark E.S.E. Espresso Pod, avrai il privilegio di bere il tuo espresso proprio come fanno gli italiani! Subisce un lento processo di tostatura, nel rispetto dei gusti ricchi e scuri degli standard italiani. Si distingue per il suo equilibrio di amarezza, bassa acidit\u00e0 e crema ricca e dorata. Il prodotto \u00e8 disponibile in una confezione cilindrica contenente 18 cialde, ciascuna all&#8217;interno di un foglio di alluminio isolato. Peso netto della cialda: 7 g \/ 0,24 oz \u2013 Diametro della cialda: 4,4 cm    <\/p>\n<p><img loading=\"lazy\" decoding=\"async\" class=\"alignnone wp-image-19120 size-large\" src=\"https:\/\/luganocaffe.com\/wp-content\/uploads\/2025\/04\/elite-dark-1300x585.jpg\" alt=\"\" width=\"1300\" height=\"585\" srcset=\"https:\/\/luganocaffe.com\/wp-content\/uploads\/2025\/04\/elite-dark-1300x585.jpg 1300w, https:\/\/luganocaffe.com\/wp-content\/uploads\/2025\/04\/elite-dark-400x180.jpg 400w, https:\/\/luganocaffe.com\/wp-content\/uploads\/2025\/04\/elite-dark-768x345.jpg 768w, https:\/\/luganocaffe.com\/wp-content\/uploads\/2025\/04\/elite-dark-430x193.jpg 430w, https:\/\/luganocaffe.com\/wp-content\/uploads\/2025\/04\/elite-dark-700x315.jpg 700w, https:\/\/luganocaffe.com\/wp-content\/uploads\/2025\/04\/elite-dark-150x67.jpg 150w, https:\/\/luganocaffe.com\/wp-content\/uploads\/2025\/04\/elite-dark.jpg 1314w\" sizes=\"auto, (max-width: 1300px) 100vw, 1300px\" \/><\/p>\n","protected":false},"featured_media":24413,"template":"","meta":[],"product_brand":[],"product_cat":[118],"product_tag":[],"class_list":{"0":"post-24409","1":"product","2":"type-product","3":"status-publish","4":"has-post-thumbnail","6":"product_cat-cialde-per-espresso-e-s-e","8":"first","9":"instock","10":"shipping-taxable","11":"product-type-simple"},"_links":{"self":[{"href":"https:\/\/luganocaffe.com\/it\/wp-json\/wp\/v2\/product\/24409","targetHints":{"allow":["GET"]}}],"collection":[{"href":"https:\/\/luganocaffe.com\/it\/wp-json\/wp\/v2\/product"}],"about":[{"href":"https:\/\/luganocaffe.com\/it\/wp-json\/wp\/v2\/types\/product"}],"version-history":[{"count":0,"href":"https:\/\/luganocaffe.com\/it\/wp-json\/wp\/v2\/product\/24409\/revisions"}],"wp:featuredmedia":[{"embeddable":true,"href":"https:\/\/luganocaffe.com\/it\/wp-json\/wp\/v2\/media\/24413"}],"wp:attachment":[{"href":"https:\/\/luganocaffe.com\/it\/wp-json\/wp\/v2\/media?parent=24409"}],"wp:term":[{"taxonomy":"product_brand","embeddable":true,"href":"https:\/\/luganocaffe.com\/it\/wp-json\/wp\/v2\/product_brand?post=24409"},{"taxonomy":"product_cat","embeddable":true,"href":"https:\/\/luganocaffe.com\/it\/wp-json\/wp\/v2\/product_cat?post=24409"},{"taxonomy":"product_tag","embeddable":true,"href":"https:\/\/luganocaffe.com\/it\/wp-json\/wp\/v2\/product_tag?post=24409"}],"curies":[{"name":"wp","href":"https:\/\/api.w.org\/{rel}","templated":true}]}}