{"id":24476,"date":"2025-04-08T18:53:41","date_gmt":"2025-04-08T18:53:41","guid":{"rendered":"https:\/\/luganocaffe.com\/product\/chicchi-di-caffe-espresso-arabica-elite-1-kg\/"},"modified":"2026-01-15T07:42:11","modified_gmt":"2026-01-15T07:42:11","slug":"chicchi-di-caffe-espresso-arabica-elite-1-kg","status":"publish","type":"product","link":"https:\/\/luganocaffe.com\/it\/prodotto\/chicchi-di-caffe-espresso-arabica-elite-1-kg\/","title":{"rendered":"Chicchi di caff\u00e8 espresso Arabica Elite 1 kg"},"content":{"rendered":"\t\t<div data-elementor-type=\"wp-post\" data-elementor-id=\"24476\" class=\"elementor elementor-24476 elementor-19156\" data-elementor-post-type=\"product\">\n\t\t\t\t<div class=\"wd-negative-gap elementor-element elementor-element-6de9d2a e-flex e-con-boxed e-con e-parent\" data-id=\"6de9d2a\" data-element_type=\"container\" data-e-type=\"container\" data-settings=\"{&quot;background_background&quot;:&quot;classic&quot;}\">\n\t\t\t\t\t<div class=\"e-con-inner\">\n\t\t\t\t<div class=\"elementor-element elementor-element-a8da263 wd-width-100 elementor-invisible elementor-widget elementor-widget-wd_title\" data-id=\"a8da263\" data-element_type=\"widget\" data-e-type=\"widget\" data-settings=\"{&quot;_animation&quot;:&quot;slideInUp&quot;}\" data-widget_type=\"wd_title.default\">\n\t\t\t\t<div class=\"elementor-widget-container\">\n\t\t\t\t\t\t\t<div class=\"title-wrapper wd-set-mb reset-last-child wd-title-color-default wd-title-style-default wd-title-size-default text-center\">\n\n\t\t\t\n\t\t\t<div class=\"liner-continer\">\n\t\t\t\t<h2 class=\"woodmart-title-container title wd-fontsize-l\">Caratteristiche del prodotto<\/h2> \n\t\t\t\t\t\t\t<\/div>\n\n\t\t\t\t\t<\/div>\n\t\t\t\t\t\t<\/div>\n\t\t\t\t<\/div>\n\t\t<div class=\"elementor-element elementor-element-dd3d023 e-con-full e-grid e-con e-child\" data-id=\"dd3d023\" data-element_type=\"container\" data-e-type=\"container\">\n\t\t\t\t<div class=\"elementor-element elementor-element-2d3372b elementor-widget elementor-widget-wd_infobox\" data-id=\"2d3372b\" data-element_type=\"widget\" data-e-type=\"widget\" data-widget_type=\"wd_infobox.default\">\n\t\t\t\t<div class=\"elementor-widget-container\">\n\t\t\t\t\t\t\t<div class=\"info-box-wrapper\">\n\t\t\t<div class=\"wd-info-box text-center box-icon-align-top box-style-base color-scheme-\">\n\t\t\t\t\t\t\t\t\t<div class=\"box-icon-wrapper  box-with-icon box-icon-with-bg\">\n\t\t\t\t\t\t<div class=\"info-box-icon\">\n\t\t\t\t\t\t\t\t\t\t\t\t\t\t\t<img loading=\"lazy\" decoding=\"async\" width=\"50\" height=\"50\" src=\"https:\/\/luganocaffe.com\/wp-content\/uploads\/2025\/04\/coffee-plant-50x50.png\" class=\"attachment-50x50 size-50x50\" alt=\"coffee-plant icon\" srcset=\"https:\/\/luganocaffe.com\/wp-content\/uploads\/2025\/04\/coffee-plant-50x50.png 50w, https:\/\/luganocaffe.com\/wp-content\/uploads\/2025\/04\/coffee-plant.png 128w\" sizes=\"auto, (max-width: 50px) 100vw, 50px\" \/>\t\t\t\t\t\t\t\t\t\t\t\t\t<\/div>\n\t\t\t\t\t<\/div>\n\t\t\t\t\n\t\t\t\t<div class=\"info-box-content\">\n\t\t\t\t\t\n\t\t\t\t\t\t\t\t\t\t\t<h3\t\t\t\t\t\tclass=\"info-box-title title box-title-style-default wd-fontsize-m\" data-elementor-setting-key=\"title\">\n\t\t\t\t\t\t\t\tOrigine dei chicchi\t\t\t\t\t\t<\/h3>\n\t\t\t\t\t\n\t\t\t\t\t<div class=\"info-box-inner reset-last-child\"data-elementor-setting-key=\"content\"><p>Sud America - Africa centrale<\/p>\n<\/div>\n\n\t\t\t\t\t\t\t\t\t<\/div>\n\n\t\t\t\t\t\t\t<\/div>\n\t\t<\/div>\n\t\t\t\t\t\t<\/div>\n\t\t\t\t<\/div>\n\t\t\t\t<div class=\"elementor-element elementor-element-158cbdc elementor-widget elementor-widget-wd_infobox\" data-id=\"158cbdc\" data-element_type=\"widget\" data-e-type=\"widget\" data-widget_type=\"wd_infobox.default\">\n\t\t\t\t<div class=\"elementor-widget-container\">\n\t\t\t\t\t\t\t<div class=\"info-box-wrapper\">\n\t\t\t<div class=\"wd-info-box text-center box-icon-align-top box-style-base color-scheme-\">\n\t\t\t\t\t\t\t\t\t<div class=\"box-icon-wrapper  box-with-icon box-icon-with-bg\">\n\t\t\t\t\t\t<div class=\"info-box-icon\">\n\t\t\t\t\t\t\t\t\t\t\t\t\t\t\t<img loading=\"lazy\" decoding=\"async\" width=\"50\" height=\"50\" src=\"https:\/\/luganocaffe.com\/wp-content\/uploads\/2025\/04\/coffee-beans-50x50.png\" class=\"attachment-50x50 size-50x50\" alt=\"coffee-beans flavor icon\" srcset=\"https:\/\/luganocaffe.com\/wp-content\/uploads\/2025\/04\/coffee-beans-50x50.png 50w, https:\/\/luganocaffe.com\/wp-content\/uploads\/2025\/04\/coffee-beans.png 128w\" sizes=\"auto, (max-width: 50px) 100vw, 50px\" \/>\t\t\t\t\t\t\t\t\t\t\t\t\t<\/div>\n\t\t\t\t\t<\/div>\n\t\t\t\t\n\t\t\t\t<div class=\"info-box-content\">\n\t\t\t\t\t\n\t\t\t\t\t\t\t\t\t\t\t<h3\t\t\t\t\t\tclass=\"info-box-title title box-title-style-default wd-fontsize-m\" data-elementor-setting-key=\"title\">\n\t\t\t\t\t\t\t\tSpecie di chicchi\t\t\t\t\t\t<\/h3>\n\t\t\t\t\t\n\t\t\t\t\t<div class=\"info-box-inner reset-last-child\"data-elementor-setting-key=\"content\"><p>Arabica<\/p>\n<\/div>\n\n\t\t\t\t\t\t\t\t\t<\/div>\n\n\t\t\t\t\t\t\t<\/div>\n\t\t<\/div>\n\t\t\t\t\t\t<\/div>\n\t\t\t\t<\/div>\n\t\t\t\t<div class=\"elementor-element elementor-element-ebd095a elementor-widget elementor-widget-wd_infobox\" data-id=\"ebd095a\" data-element_type=\"widget\" data-e-type=\"widget\" data-widget_type=\"wd_infobox.default\">\n\t\t\t\t<div class=\"elementor-widget-container\">\n\t\t\t\t\t\t\t<div class=\"info-box-wrapper\">\n\t\t\t<div class=\"wd-info-box text-center box-icon-align-top box-style-base color-scheme-\">\n\t\t\t\t\t\t\t\t\t<div class=\"box-icon-wrapper  box-with-icon box-icon-with-bg\">\n\t\t\t\t\t\t<div class=\"info-box-icon\">\n\t\t\t\t\t\t\t\t\t\t\t\t\t\t\t<img loading=\"lazy\" decoding=\"async\" width=\"50\" height=\"50\" src=\"https:\/\/luganocaffe.com\/wp-content\/uploads\/2025\/04\/drink-50x50.png\" class=\"attachment-50x50 size-50x50\" alt=\"Coffee Drink aroma icon\" srcset=\"https:\/\/luganocaffe.com\/wp-content\/uploads\/2025\/04\/drink-50x50.png 50w, https:\/\/luganocaffe.com\/wp-content\/uploads\/2025\/04\/drink.png 128w\" sizes=\"auto, (max-width: 50px) 100vw, 50px\" \/>\t\t\t\t\t\t\t\t\t\t\t\t\t<\/div>\n\t\t\t\t\t<\/div>\n\t\t\t\t\n\t\t\t\t<div class=\"info-box-content\">\n\t\t\t\t\t\n\t\t\t\t\t\t\t\t\t\t\t<h3\t\t\t\t\t\tclass=\"info-box-title title box-title-style-default wd-fontsize-m\" data-elementor-setting-key=\"title\">\n\t\t\t\t\t\t\t\tNota\/Aroma\t\t\t\t\t\t<\/h3>\n\t\t\t\t\t\n\t\t\t\t\t<div class=\"info-box-inner reset-last-child\"data-elementor-setting-key=\"content\"><p>Fruttato - Cacao<\/p>\n<\/div>\n\n\t\t\t\t\t\t\t\t\t<\/div>\n\n\t\t\t\t\t\t\t<\/div>\n\t\t<\/div>\n\t\t\t\t\t\t<\/div>\n\t\t\t\t<\/div>\n\t\t\t\t<div class=\"elementor-element elementor-element-d83ca84 elementor-widget elementor-widget-wd_infobox\" data-id=\"d83ca84\" data-element_type=\"widget\" data-e-type=\"widget\" data-widget_type=\"wd_infobox.default\">\n\t\t\t\t<div class=\"elementor-widget-container\">\n\t\t\t\t\t\t\t<div class=\"info-box-wrapper\">\n\t\t\t<div class=\"wd-info-box text-center box-icon-align-top box-style-base color-scheme-\">\n\t\t\t\t\t\t\t\t\t<div class=\"box-icon-wrapper  box-with-icon box-icon-with-bg\">\n\t\t\t\t\t\t<div class=\"info-box-icon\">\n\t\t\t\t\t\t\t\t\t\t\t\t\t\t\t<img loading=\"lazy\" decoding=\"async\" width=\"50\" height=\"50\" src=\"https:\/\/luganocaffe.com\/wp-content\/uploads\/2025\/04\/coffee-50x50.png\" class=\"attachment-50x50 size-50x50\" alt=\"coffee roasting icon\" srcset=\"https:\/\/luganocaffe.com\/wp-content\/uploads\/2025\/04\/coffee-50x50.png 50w, https:\/\/luganocaffe.com\/wp-content\/uploads\/2025\/04\/coffee.png 128w\" sizes=\"auto, (max-width: 50px) 100vw, 50px\" \/>\t\t\t\t\t\t\t\t\t\t\t\t\t<\/div>\n\t\t\t\t\t<\/div>\n\t\t\t\t\n\t\t\t\t<div class=\"info-box-content\">\n\t\t\t\t\t\n\t\t\t\t\t\t\t\t\t\t\t<h3\t\t\t\t\t\tclass=\"info-box-title title box-title-style-default wd-fontsize-m\" data-elementor-setting-key=\"title\">\n\t\t\t\t\t\t\t\tGusto del caff\u00e8\t\t\t\t\t\t<\/h3>\n\t\t\t\t\t\n\t\t\t\t\t<div class=\"info-box-inner reset-last-child\"data-elementor-setting-key=\"content\"><p>Cioccolato - Nocciola<\/p>\n<\/div>\n\n\t\t\t\t\t\t\t\t\t<\/div>\n\n\t\t\t\t\t\t\t<\/div>\n\t\t<\/div>\n\t\t\t\t\t\t<\/div>\n\t\t\t\t<\/div>\n\t\t\t\t<div class=\"elementor-element elementor-element-3bf6821 elementor-widget elementor-widget-wd_infobox\" data-id=\"3bf6821\" data-element_type=\"widget\" data-e-type=\"widget\" data-widget_type=\"wd_infobox.default\">\n\t\t\t\t<div class=\"elementor-widget-container\">\n\t\t\t\t\t\t\t<div class=\"info-box-wrapper\">\n\t\t\t<div class=\"wd-info-box text-center box-icon-align-top box-style-base color-scheme-\">\n\t\t\t\t\t\t\t\t\t<div class=\"box-icon-wrapper  box-with-icon box-icon-with-bg\">\n\t\t\t\t\t\t<div class=\"info-box-icon\">\n\t\t\t\t\t\t\t\t\t\t\t\t\t\t\t<img loading=\"lazy\" decoding=\"async\" width=\"50\" height=\"50\" src=\"https:\/\/luganocaffe.com\/wp-content\/uploads\/2025\/04\/resilience-50x50.png\" class=\"attachment-50x50 size-50x50\" alt=\"Coffee Body Intensity Icon\" srcset=\"https:\/\/luganocaffe.com\/wp-content\/uploads\/2025\/04\/resilience-50x50.png 50w, https:\/\/luganocaffe.com\/wp-content\/uploads\/2025\/04\/resilience.png 128w\" sizes=\"auto, (max-width: 50px) 100vw, 50px\" \/>\t\t\t\t\t\t\t\t\t\t\t\t\t<\/div>\n\t\t\t\t\t<\/div>\n\t\t\t\t\n\t\t\t\t<div class=\"info-box-content\">\n\t\t\t\t\t\n\t\t\t\t\t\t\t\t\t\t\t<h3\t\t\t\t\t\tclass=\"info-box-title title box-title-style-default wd-fontsize-m\" data-elementor-setting-key=\"title\">\n\t\t\t\t\t\t\t\tIntensit\u00e0 del corpo\t\t\t\t\t\t<\/h3>\n\t\t\t\t\t\n\t\t\t\t\t<div class=\"info-box-inner reset-last-child\"data-elementor-setting-key=\"content\"><p>06\/14<\/p>\n<\/div>\n\n\t\t\t\t\t\t\t\t\t<\/div>\n\n\t\t\t\t\t\t\t<\/div>\n\t\t<\/div>\n\t\t\t\t\t\t<\/div>\n\t\t\t\t<\/div>\n\t\t\t\t<\/div>\n\t\t\t\t\t<\/div>\n\t\t\t\t<\/div>\n\t\t<div class=\"wd-negative-gap elementor-element elementor-element-72b40e6 e-flex e-con-boxed e-con e-parent\" data-id=\"72b40e6\" data-element_type=\"container\" data-e-type=\"container\" data-settings=\"{&quot;background_background&quot;:&quot;classic&quot;}\">\n\t\t\t\t\t<div class=\"e-con-inner\">\n\t\t<div class=\"elementor-element elementor-element-31ef007 e-grid e-con-full e-con e-child\" data-id=\"31ef007\" data-element_type=\"container\" data-e-type=\"container\">\n\t\t<div class=\"elementor-element elementor-element-45b3040 e-con-full e-flex e-con e-child\" data-id=\"45b3040\" data-element_type=\"container\" data-e-type=\"container\">\n\t\t<div class=\"elementor-element elementor-element-7abfd01 e-con-full e-flex e-con e-child\" data-id=\"7abfd01\" data-element_type=\"container\" data-e-type=\"container\">\n\t\t\t\t<div class=\"elementor-element elementor-element-13dc965 wd-width-100 elementor-invisible elementor-widget elementor-widget-wd_title\" data-id=\"13dc965\" data-element_type=\"widget\" data-e-type=\"widget\" data-settings=\"{&quot;_animation&quot;:&quot;slideInUp&quot;}\" data-widget_type=\"wd_title.default\">\n\t\t\t\t<div class=\"elementor-widget-container\">\n\t\t\t\t\t\t\t<div class=\"title-wrapper wd-set-mb reset-last-child wd-title-color-default wd-title-style-default wd-title-size-default text-left\">\n\n\t\t\t\n\t\t\t<div class=\"liner-continer\">\n\t\t\t\t<h3 class=\"woodmart-title-container title wd-fontsize-l\">Chicchi di caff\u00e8 espresso Arabica Elite<\/h3> \n\t\t\t\t\t\t\t<\/div>\n\n\t\t\t\t\t\t\t<div class=\"title-after_title reset-last-child wd-fontsize-xs\">\n\t\t\t\t\t<p>Assapora l'armonia dei migliori raccolti di Arabica della natura, delicatamente tostati alla perfezione. Questa elegante miscela offre vivaci sfumature fruttate, arrotondate dalla dolcezza delicata del cacao. Un sussurro di Robusta aggiunge profondit\u00e0 ed equilibrio con una crema vellutata e un aroma persistente.  <\/p>\t\t\t\t<\/div>\n\t\t\t\t\t<\/div>\n\t\t\t\t\t\t<\/div>\n\t\t\t\t<\/div>\n\t\t\t\t<\/div>\n\t\t\t\t<div class=\"elementor-element elementor-element-97262ff elementor-invisible elementor-widget elementor-widget-image\" data-id=\"97262ff\" data-element_type=\"widget\" data-e-type=\"widget\" data-settings=\"{&quot;_animation&quot;:&quot;wd-anim-slide-from-bottom&quot;}\" data-widget_type=\"image.default\">\n\t\t\t\t<div class=\"elementor-widget-container\">\n\t\t\t\t\t\t\t\t\t\t\t\t\t\t\t<img decoding=\"async\" src=\"https:\/\/luganocaffe.com\/wp-content\/uploads\/elementor\/thumbs\/Lugano-Caffe-Elite-Arabica-Espresso-Coffee-Beans-1-Kg-pack-with-beans-sorrounding-rdha6u3hjrkacjfnp2gf4pksncwsoo3drs6xtjd10w.jpg\" title=\"Confezione da 1 kg di chicchi di caff\u00e8 espresso Arabica Elite Lugano Caff\u00e8 con chicchi circostanti\" alt=\"Confezione da 1 kg di chicchi di caff\u00e8 espresso Arabica Elite Lugano Caff\u00e8 con chicchi circostanti\" class=\"elementor-animation-float\" loading=\"lazy\" \/>\t\t\t\t\t\t\t\t\t\t\t\t\t\t\t<\/div>\n\t\t\t\t<\/div>\n\t\t\t\t<\/div>\n\t\t<div class=\"elementor-element elementor-element-585c81b e-con-full e-flex e-con e-child\" data-id=\"585c81b\" data-element_type=\"container\" data-e-type=\"container\">\n\t\t\t\t<div class=\"elementor-element elementor-element-51bf453 elementor-invisible elementor-widget elementor-widget-image\" data-id=\"51bf453\" data-element_type=\"widget\" data-e-type=\"widget\" data-settings=\"{&quot;_animation&quot;:&quot;wd-anim-slide-from-bottom&quot;}\" data-widget_type=\"image.default\">\n\t\t\t\t<div class=\"elementor-widget-container\">\n\t\t\t\t\t\t\t\t\t\t\t\t\t\t\t<img decoding=\"async\" src=\"https:\/\/luganocaffe.com\/wp-content\/uploads\/elementor\/thumbs\/Coffee-Beans-and-Valve-1-rdft1lhqnohepyiro25xxick130t7ko1e4nk1w520g.jpg\" title=\"Sacchetto in alluminio con valvola Wico per chicchi di caff\u00e8\" alt=\"Sacchetto in alluminio con valvola Wico per chicchi di caff\u00e8\" class=\"elementor-animation-float\" loading=\"lazy\" \/>\t\t\t\t\t\t\t\t\t\t\t\t\t\t\t<\/div>\n\t\t\t\t<\/div>\n\t\t\t\t<div class=\"elementor-element elementor-element-0868c60 wd-width-100 elementor-invisible elementor-widget elementor-widget-wd_title\" data-id=\"0868c60\" data-element_type=\"widget\" data-e-type=\"widget\" data-settings=\"{&quot;_animation&quot;:&quot;slideInUp&quot;}\" data-widget_type=\"wd_title.default\">\n\t\t\t\t<div class=\"elementor-widget-container\">\n\t\t\t\t\t\t\t<div class=\"title-wrapper wd-set-mb reset-last-child wd-title-color-default wd-title-style-default wd-title-size-default text-left\">\n\n\t\t\t\n\t\t\t<div class=\"liner-continer\">\n\t\t\t\t<h3 class=\"woodmart-title-container title wd-fontsize-l\">Wicovalve per la degasazione<\/h3> \n\t\t\t\t\t\t\t<\/div>\n\n\t\t\t\t\t\t\t<div class=\"title-after_title reset-last-child wd-fontsize-xs\">\n\t\t\t\t\t<p>Wicovalve \u2013 La valvola di degasazione pi\u00f9 affidabile al mondo. La tecnologia Wicovalve protegge il caff\u00e8 tostato dalla perdita di aroma e dall'esposizione all'ossigeno, mantenendo il tuo caff\u00e8 fresco pi\u00f9 a lungo.<\/p>\t\t\t\t<\/div>\n\t\t\t\t\t<\/div>\n\t\t\t\t\t\t<\/div>\n\t\t\t\t<\/div>\n\t\t\t\t<\/div>\n\t\t<div class=\"elementor-element elementor-element-60e7087 e-con-full e-flex e-con e-child\" data-id=\"60e7087\" data-element_type=\"container\" data-e-type=\"container\">\n\t\t\t\t<div class=\"elementor-element elementor-element-cd35314 wd-width-100 elementor-invisible elementor-widget elementor-widget-wd_title\" data-id=\"cd35314\" data-element_type=\"widget\" data-e-type=\"widget\" data-settings=\"{&quot;_animation&quot;:&quot;slideInUp&quot;}\" data-widget_type=\"wd_title.default\">\n\t\t\t\t<div class=\"elementor-widget-container\">\n\t\t\t\t\t\t\t<div class=\"title-wrapper wd-set-mb reset-last-child wd-title-color-default wd-title-style-default wd-title-size-default text-left\">\n\n\t\t\t\n\t\t\t<div class=\"liner-continer\">\n\t\t\t\t<h3 class=\"woodmart-title-container title wd-fontsize-l\">Torrefazione ad aria calda<\/h3> \n\t\t\t\t\t\t\t<\/div>\n\n\t\t\t\t\t\t\t<div class=\"title-after_title reset-last-child wd-fontsize-xs\">\n\t\t\t\t\t<p>A differenza della tostatura tradizionale a tamburo, la tostatura ad aria calda sospende delicatamente i chicchi in un flusso d'aria calda controllato. Questo meticoloso processo intensifica la naturale freschezza, l'aroma, il corpo e l'acidit\u00e0 del caff\u00e8, dando vita a una tazza superiore. <\/p>\t\t\t\t<\/div>\n\t\t\t\t\t<\/div>\n\t\t\t\t\t\t<\/div>\n\t\t\t\t<\/div>\n\t\t\t\t<div class=\"elementor-element elementor-element-45655dd elementor-invisible elementor-widget elementor-widget-image\" data-id=\"45655dd\" data-element_type=\"widget\" data-e-type=\"widget\" data-settings=\"{&quot;_animation&quot;:&quot;wd-anim-slide-from-bottom&quot;}\" data-widget_type=\"image.default\">\n\t\t\t\t<div class=\"elementor-widget-container\">\n\t\t\t\t\t\t\t\t\t\t\t\t\t\t\t<img decoding=\"async\" src=\"https:\/\/luganocaffe.com\/wp-content\/uploads\/elementor\/thumbs\/screen_2x-1-1-e1739897759661-r1p2x86x97w2ygnkpuxq05aadxm9f0qionuoxab59s.jpg\" title=\"Chicchi di caff\u00e8 tostati che cadono\" alt=\"Chicchi di caff\u00e8 tostati che cadono\" class=\"elementor-animation-float\" loading=\"lazy\" \/>\t\t\t\t\t\t\t\t\t\t\t\t\t\t\t<\/div>\n\t\t\t\t<\/div>\n\t\t\t\t<\/div>\n\t\t\t\t<\/div>\n\t\t\t\t\t<\/div>\n\t\t\t\t<\/div>\n\t\t\t\t<\/div>\n\t\t","protected":false},"excerpt":{"rendered":"<p>I chicchi di caff\u00e8 espresso Arabica Elite sono realizzati principalmente con chicchi di Arabica di alta qualit\u00e0, per un sapore morbido e dolce. Un tocco di Robusta viene aggiunto per evocare l&#8217;essenza dell&#8217;espresso italiano. Disponibile in sacchetto di alluminio.  <\/p>\n<p>Peso netto: 1000 g \u212e \u2013 35,5 Oz<img loading=\"lazy\" decoding=\"async\" class=\"alignnone wp-image-19119 size-large\" src=\"https:\/\/luganocaffe.com\/wp-content\/uploads\/2025\/04\/elite-arabica-1300x584.jpg\" alt=\"\" width=\"1300\" height=\"584\" srcset=\"https:\/\/luganocaffe.com\/wp-content\/uploads\/2025\/04\/elite-arabica-1300x584.jpg 1300w, https:\/\/luganocaffe.com\/wp-content\/uploads\/2025\/04\/elite-arabica-400x180.jpg 400w, https:\/\/luganocaffe.com\/wp-content\/uploads\/2025\/04\/elite-arabica-768x345.jpg 768w, https:\/\/luganocaffe.com\/wp-content\/uploads\/2025\/04\/elite-arabica-430x193.jpg 430w, https:\/\/luganocaffe.com\/wp-content\/uploads\/2025\/04\/elite-arabica-700x314.jpg 700w, https:\/\/luganocaffe.com\/wp-content\/uploads\/2025\/04\/elite-arabica-150x67.jpg 150w, https:\/\/luganocaffe.com\/wp-content\/uploads\/2025\/04\/elite-arabica.jpg 1314w\" sizes=\"auto, (max-width: 1300px) 100vw, 1300px\" \/><\/p>\n","protected":false},"featured_media":24479,"template":"","meta":[],"product_brand":[],"product_cat":[127],"product_tag":[],"class_list":{"0":"post-24476","1":"product","2":"type-product","3":"status-publish","4":"has-post-thumbnail","6":"product_cat-caffe-in-grani-per-espresso","8":"first","9":"instock","10":"shipping-taxable","11":"product-type-simple"},"_links":{"self":[{"href":"https:\/\/luganocaffe.com\/it\/wp-json\/wp\/v2\/product\/24476","targetHints":{"allow":["GET"]}}],"collection":[{"href":"https:\/\/luganocaffe.com\/it\/wp-json\/wp\/v2\/product"}],"about":[{"href":"https:\/\/luganocaffe.com\/it\/wp-json\/wp\/v2\/types\/product"}],"version-history":[{"count":0,"href":"https:\/\/luganocaffe.com\/it\/wp-json\/wp\/v2\/product\/24476\/revisions"}],"wp:featuredmedia":[{"embeddable":true,"href":"https:\/\/luganocaffe.com\/it\/wp-json\/wp\/v2\/media\/24479"}],"wp:attachment":[{"href":"https:\/\/luganocaffe.com\/it\/wp-json\/wp\/v2\/media?parent=24476"}],"wp:term":[{"taxonomy":"product_brand","embeddable":true,"href":"https:\/\/luganocaffe.com\/it\/wp-json\/wp\/v2\/product_brand?post=24476"},{"taxonomy":"product_cat","embeddable":true,"href":"https:\/\/luganocaffe.com\/it\/wp-json\/wp\/v2\/product_cat?post=24476"},{"taxonomy":"product_tag","embeddable":true,"href":"https:\/\/luganocaffe.com\/it\/wp-json\/wp\/v2\/product_tag?post=24476"}],"curies":[{"name":"wp","href":"https:\/\/api.w.org\/{rel}","templated":true}]}}